{"id":22916,"date":"2023-06-01T07:14:01","date_gmt":"2023-06-01T07:14:01","guid":{"rendered":"https:\/\/dddrop.com\/medisch-3d-printen\/"},"modified":"2023-07-12T09:42:09","modified_gmt":"2023-07-12T09:42:09","slug":"medisch-3d-printen","status":"publish","type":"page","link":"https:\/\/dddrop.com\/nl\/toepassingen\/medisch-3d-printen\/","title":{"rendered":"Medisch 3D-printen"},"content":{"rendered":"<p>[et_pb_section fb_built=&#8221;1&#8243; _builder_version=&#8221;4.21.0&#8243; background_color=&#8221;#FFFFFF&#8221; custom_padding=&#8221;||0px||false|false&#8221; global_colors_info=&#8221;{}&#8221; theme_builder_area=&#8221;post_content&#8221;][et_pb_row column_structure=&#8221;1_2,1_2&#8243; _builder_version=&#8221;4.16&#8243; global_colors_info=&#8221;{}&#8221; theme_builder_area=&#8221;post_content&#8221;][et_pb_column type=&#8221;1_2&#8243; _builder_version=&#8221;4.16&#8243; global_colors_info=&#8221;{}&#8221; theme_builder_area=&#8221;post_content&#8221;][et_pb_text _builder_version=&#8221;4.21.0&#8243; text_font=&#8221;|700||on|||||&#8221; text_text_color=&#8221;#000000&#8243; text_letter_spacing=&#8221;1px&#8221; text_line_height=&#8221;3em&#8221; header_font=&#8221;|||on|||||&#8221; header_text_color=&#8221;#000000&#8243; header_2_font=&#8221;||||||||&#8221; header_2_text_color=&#8221;#000000&#8243; header_2_font_size=&#8221;40px&#8221; custom_padding=&#8221;|||0px|false|false&#8221; text_font_size_tablet=&#8221;30px&#8221; text_font_size_phone=&#8221;&#8221; text_font_size_last_edited=&#8221;on|phone&#8221; text_line_height_tablet=&#8221;1.8em&#8221; text_line_height_phone=&#8221;&#8221; text_line_height_last_edited=&#8221;on|tablet&#8221; global_colors_info=&#8221;{}&#8221; theme_builder_area=&#8221;post_content&#8221;]<\/p>\n<h2 style=\"text-align: left;\">Kan 3D-printen worden gebruikt in medische toepassingen?<\/h2>\n<p>[\/et_pb_text][et_pb_text _builder_version=&#8221;4.21.0&#8243; _module_preset=&#8221;default&#8221; global_colors_info=&#8221;{}&#8221; theme_builder_area=&#8221;post_content&#8221;]3D-printen wordt steeds vaker gebruikt in de medische sector. Deze toepassingen omvatten het cre\u00ebren van weefsels en organo\u00efden, chirurgische gereedschappen, pati\u00ebntspecifieke modellen, op maat gemaakte prothesen en meer. Gepersonaliseerde medicijnen krijgt steeds meer aandacht en 3D-printen kan hierbij een belangrijke rol spelen.[\/et_pb_text][et_pb_button button_url=&#8221;@ET-DC@eyJkeW5hbWljIjp0cnVlLCJjb250ZW50IjoicG9zdF9saW5rX3VybF9wYWdlIiwic2V0dGluZ3MiOnsicG9zdF9pZCI6Ijc0NCJ9fQ==@&#8221; url_new_window=&#8221;on&#8221; button_text=&#8221;Neem contact op&#8221; _builder_version=&#8221;4.21.0&#8243; _dynamic_attributes=&#8221;button_url&#8221; custom_button=&#8221;on&#8221; button_text_color=&#8221;#ffffff&#8221; custom_margin=&#8221;30px||30px||false|false&#8221; custom_margin_tablet=&#8221;&#8221; custom_margin_phone=&#8221;&#8221; custom_margin_last_edited=&#8221;on|phone&#8221; custom_padding=&#8221;0.5rem|4rem|0.5rem|4rem|false|false&#8221; hover_enabled=&#8221;0&#8243; button_text_size_tablet=&#8221;&#8221; button_text_size_phone=&#8221;15px&#8221; button_text_size_last_edited=&#8221;on|phone&#8221; global_colors_info=&#8221;{}&#8221; theme_builder_area=&#8221;post_content&#8221; sticky_enabled=&#8221;0&#8243;][\/et_pb_button][\/et_pb_column][et_pb_column type=&#8221;1_2&#8243; _builder_version=&#8221;4.16&#8243; global_colors_info=&#8221;{}&#8221; theme_builder_area=&#8221;post_content&#8221;][et_pb_image src=&#8221;https:\/\/dddrop.com\/wp-content\/uploads\/printing-medical.jpg&#8221; title_text=&#8221;printing &#8211; medical&#8221; align=&#8221;center&#8221; _builder_version=&#8221;4.21.0&#8243; width=&#8221;100%&#8221; max_width=&#8221;100%&#8221; border_radii=&#8221;on|5px|5px|5px|5px&#8221; border_color_all=&#8221;#a8b3c1&#8243; global_colors_info=&#8221;{}&#8221; theme_builder_area=&#8221;post_content&#8221;][\/et_pb_image][\/et_pb_column][\/et_pb_row][\/et_pb_section][et_pb_section fb_built=&#8221;1&#8243; _builder_version=&#8221;4.21.0&#8243; background_color=&#8221;#F9F9F9&#8243; custom_padding=&#8221;||||true|false&#8221; global_colors_info=&#8221;{}&#8221; theme_builder_area=&#8221;post_content&#8221;][et_pb_row _builder_version=&#8221;4.21.0&#8243; custom_padding=&#8221;0px||0px||true|false&#8221; global_colors_info=&#8221;{}&#8221; theme_builder_area=&#8221;post_content&#8221;][et_pb_column type=&#8221;4_4&#8243; _builder_version=&#8221;4.16&#8243; global_colors_info=&#8221;{}&#8221; theme_builder_area=&#8221;post_content&#8221;][et_pb_text _builder_version=&#8221;4.21.0&#8243; text_font=&#8221;|700|||||||&#8221; text_text_color=&#8221;#000000&#8243; text_font_size=&#8221;40px&#8221; text_letter_spacing=&#8221;1px&#8221; text_line_height=&#8221;3em&#8221; header_font=&#8221;||||||||&#8221; header_text_color=&#8221;#000000&#8243; custom_padding=&#8221;|||0px|false|false&#8221; text_font_size_tablet=&#8221;30px&#8221; text_font_size_phone=&#8221;&#8221; text_font_size_last_edited=&#8221;on|phone&#8221; text_line_height_tablet=&#8221;1.8em&#8221; text_line_height_phone=&#8221;&#8221; text_line_height_last_edited=&#8221;on|tablet&#8221; global_colors_info=&#8221;{}&#8221; theme_builder_area=&#8221;post_content&#8221;]<\/p>\n<p style=\"text-align: center;\">Waarom 3D-printen?<\/p>\n<p>[\/et_pb_text][\/et_pb_column][\/et_pb_row][et_pb_row column_structure=&#8221;1_2,1_2&#8243; _builder_version=&#8221;4.21.0&#8243; custom_margin=&#8221;0px||0px||false|false&#8221; global_colors_info=&#8221;{}&#8221; transform_styles__hover_enabled=&#8221;on|hover&#8221; transform_scale__hover_enabled=&#8221;on|hover&#8221; transform_translate__hover_enabled=&#8221;on|desktop&#8221; transform_rotate__hover_enabled=&#8221;on|desktop&#8221; transform_skew__hover_enabled=&#8221;on|desktop&#8221; transform_origin__hover_enabled=&#8221;on|desktop&#8221; theme_builder_area=&#8221;post_content&#8221;][et_pb_column type=&#8221;1_2&#8243; _builder_version=&#8221;4.16&#8243; global_colors_info=&#8221;{}&#8221; theme_builder_area=&#8221;post_content&#8221;][et_pb_text _builder_version=&#8221;4.21.0&#8243; text_font=&#8221;|600|||||||&#8221; text_text_color=&#8221;#ffffff&#8221; text_font_size=&#8221;25px&#8221; header_text_align=&#8221;left&#8221; header_text_color=&#8221;#000000&#8243; header_2_text_color=&#8221;#000000&#8243; header_3_font=&#8221;||||||||&#8221; header_3_text_color=&#8221;#000000&#8243; header_3_font_size=&#8221;30px&#8221; text_orientation=&#8221;center&#8221; min_height=&#8221;30px&#8221; custom_margin=&#8221;40px||20px||false|false&#8221; custom_padding=&#8221;0px|20px|5px|20px|false|true&#8221; global_colors_info=&#8221;{}&#8221; theme_builder_area=&#8221;post_content&#8221;]<\/p>\n<h3 style=\"text-align: left;\">Simulatie<\/h3>\n<p>[\/et_pb_text][et_pb_text _builder_version=&#8221;4.21.0&#8243; _module_preset=&#8221;default&#8221; custom_padding=&#8221;|||20px|false|false&#8221; global_colors_info=&#8221;{}&#8221; theme_builder_area=&#8221;post_content&#8221;]Allerlei pati\u00ebntspecifieke modellen kunnen met 3D-printen worden gemaakt, die de situatie van de pati\u00ebnt in het echte leven simuleren. Beeldvormingstechnieken zoals computertomografie (CT) en magnetische resonantiebeeldvorming (MRI) kunnen worden gebruikt om een 3D-model van de anatomie van de pati\u00ebnt te maken en een arts te helpen bij de behandeling van de pati\u00ebnt.[\/et_pb_text][\/et_pb_column][et_pb_column type=&#8221;1_2&#8243; _builder_version=&#8221;4.16&#8243; global_colors_info=&#8221;{}&#8221; theme_builder_area=&#8221;post_content&#8221;][et_pb_image src=&#8221;https:\/\/dddrop.com\/wp-content\/uploads\/bone-medical.jpg&#8221; title_text=&#8221;bone-medical&#8221; _builder_version=&#8221;4.21.0&#8243; custom_padding=&#8221;|20px||20px|false|true&#8221; border_radii=&#8221;on|5px|5px|5px|5px&#8221; border_color_all=&#8221;#a8b3c1&#8243; global_colors_info=&#8221;{}&#8221; transform_styles__hover_enabled=&#8221;off|hover&#8221; transform_scale__hover_enabled=&#8221;off|hover&#8221; transform_translate__hover_enabled=&#8221;off|hover&#8221; transform_rotate__hover_enabled=&#8221;off|hover&#8221; transform_skew__hover_enabled=&#8221;off|hover&#8221; transform_origin__hover_enabled=&#8221;off|hover&#8221; transform_scale__hover=&#8221;125%|125%&#8221; theme_builder_area=&#8221;post_content&#8221;][\/et_pb_image][\/et_pb_column][\/et_pb_row][et_pb_row column_structure=&#8221;1_2,1_2&#8243; _builder_version=&#8221;4.21.0&#8243; global_colors_info=&#8221;{}&#8221; transform_styles__hover_enabled=&#8221;on|hover&#8221; transform_scale__hover_enabled=&#8221;on|hover&#8221; transform_translate__hover_enabled=&#8221;on|desktop&#8221; transform_rotate__hover_enabled=&#8221;on|desktop&#8221; transform_skew__hover_enabled=&#8221;on|desktop&#8221; transform_origin__hover_enabled=&#8221;on|desktop&#8221; theme_builder_area=&#8221;post_content&#8221;][et_pb_column type=&#8221;1_2&#8243; _builder_version=&#8221;4.16&#8243; global_colors_info=&#8221;{}&#8221; theme_builder_area=&#8221;post_content&#8221;][et_pb_image src=&#8221;https:\/\/dddrop.com\/wp-content\/uploads\/AAAbreed-medical-3.png&#8221; title_text=&#8221;AAAbreed &#8211; medical&#8221; _builder_version=&#8221;4.21.0&#8243; custom_padding=&#8221;|20px||20px|false|true&#8221; border_radii=&#8221;on|5px|5px|5px|5px&#8221; border_color_all=&#8221;#a8b3c1&#8243; global_colors_info=&#8221;{}&#8221; transform_styles__hover_enabled=&#8221;off|hover&#8221; transform_scale__hover_enabled=&#8221;off|hover&#8221; transform_translate__hover_enabled=&#8221;off|hover&#8221; transform_rotate__hover_enabled=&#8221;off|hover&#8221; transform_skew__hover_enabled=&#8221;off|hover&#8221; transform_origin__hover_enabled=&#8221;off|hover&#8221; transform_scale__hover=&#8221;125%|125%&#8221; theme_builder_area=&#8221;post_content&#8221;][\/et_pb_image][\/et_pb_column][et_pb_column type=&#8221;1_2&#8243; _builder_version=&#8221;4.16&#8243; global_colors_info=&#8221;{}&#8221; theme_builder_area=&#8221;post_content&#8221;][et_pb_text _builder_version=&#8221;4.21.0&#8243; text_font=&#8221;|600|||||||&#8221; text_text_color=&#8221;#ffffff&#8221; text_font_size=&#8221;25px&#8221; header_text_align=&#8221;left&#8221; header_3_font=&#8221;||||||||&#8221; header_3_text_color=&#8221;#000000&#8243; header_3_font_size=&#8221;30px&#8221; text_orientation=&#8221;center&#8221; min_height=&#8221;30px&#8221; custom_margin=&#8221;40px||20px||false|false&#8221; custom_padding=&#8221;0px|20px|5px|20px|false|true&#8221; global_colors_info=&#8221;{}&#8221; theme_builder_area=&#8221;post_content&#8221;]<\/p>\n<h3 style=\"text-align: left;\">Technologische innovatie<\/h3>\n<p>[\/et_pb_text][et_pb_text _builder_version=&#8221;4.21.0&#8243; _module_preset=&#8221;default&#8221; custom_padding=&#8221;|||20px|false|false&#8221; global_colors_info=&#8221;{}&#8221; theme_builder_area=&#8221;post_content&#8221;]Terwijl de meeste industrie\u00ebn bezig zijn met technologische innovatie, kan de medische sector niet achterblijven. 3D-printen wordt al veel gebruikt in al die industrie\u00ebn en steeds meer ziekenhuizen zetten 3D-printen in ter verbetering van hun dagelijkse medische praktijk. Verschillende academische en regionale ziekenhuizen in Nederland hebben al gekozen voor een dddrop 3D-printer.[\/et_pb_text][\/et_pb_column][\/et_pb_row][et_pb_row column_structure=&#8221;1_2,1_2&#8243; _builder_version=&#8221;4.21.0&#8243; global_colors_info=&#8221;{}&#8221; transform_styles__hover_enabled=&#8221;on|hover&#8221; transform_scale__hover_enabled=&#8221;on|hover&#8221; transform_translate__hover_enabled=&#8221;on|desktop&#8221; transform_rotate__hover_enabled=&#8221;on|desktop&#8221; transform_skew__hover_enabled=&#8221;on|desktop&#8221; transform_origin__hover_enabled=&#8221;on|desktop&#8221; theme_builder_area=&#8221;post_content&#8221;][et_pb_column type=&#8221;1_2&#8243; _builder_version=&#8221;4.16&#8243; global_colors_info=&#8221;{}&#8221; theme_builder_area=&#8221;post_content&#8221;][et_pb_text _builder_version=&#8221;4.21.0&#8243; text_font=&#8221;|600|||||||&#8221; text_text_color=&#8221;#ffffff&#8221; text_font_size=&#8221;25px&#8221; header_text_align=&#8221;left&#8221; header_3_font=&#8221;||||||||&#8221; header_3_text_color=&#8221;#000000&#8243; header_3_font_size=&#8221;30px&#8221; text_orientation=&#8221;center&#8221; min_height=&#8221;30px&#8221; custom_margin=&#8221;40px||20px||false|false&#8221; custom_padding=&#8221;0px|20px|5px|20px|false|true&#8221; global_colors_info=&#8221;{}&#8221; theme_builder_area=&#8221;post_content&#8221;]<\/p>\n<h3 style=\"text-align: left;\">Veelzijdigheid<\/h3>\n<p>[\/et_pb_text][et_pb_text _builder_version=&#8221;4.21.0&#8243; _module_preset=&#8221;default&#8221; custom_padding=&#8221;|||20px|false|false&#8221; global_colors_info=&#8221;{}&#8221; theme_builder_area=&#8221;post_content&#8221;]<\/p>\n<p>Ziekenhuizen voeren honderden verschillende procedures en behandelingen uit. Een aantal daarvan kan worden verbeterd door het gebruik van 3D-printtechnologie. Door de vormvrijheid van een 3D-printer kan deze veelzijdig worden ingezet voor allerlei soorten procedures, waaronder chirurgische planning en voorbereiding, het opleiden van artsen en verpleegkundigen in training, en het maken van persoonsspecifieke mallen of prothesetoestellen.<\/p>\n<p>[\/et_pb_text][\/et_pb_column][et_pb_column type=&#8221;1_2&#8243; _builder_version=&#8221;4.16&#8243; global_colors_info=&#8221;{}&#8221; theme_builder_area=&#8221;post_content&#8221;][et_pb_image src=&#8221;https:\/\/dddrop.com\/wp-content\/uploads\/model-medical.jpg&#8221; title_text=&#8221;model &#8211; medical&#8221; _builder_version=&#8221;4.21.0&#8243; custom_padding=&#8221;|20px||20px|false|true&#8221; border_radii=&#8221;on|5px|5px|5px|5px&#8221; border_color_all=&#8221;#a8b3c1&#8243; global_colors_info=&#8221;{}&#8221; transform_styles__hover_enabled=&#8221;off|hover&#8221; transform_scale__hover_enabled=&#8221;off|hover&#8221; transform_translate__hover_enabled=&#8221;off|hover&#8221; transform_rotate__hover_enabled=&#8221;off|hover&#8221; transform_skew__hover_enabled=&#8221;off|hover&#8221; transform_origin__hover_enabled=&#8221;off|hover&#8221; transform_scale__hover=&#8221;125%|125%&#8221; theme_builder_area=&#8221;post_content&#8221;][\/et_pb_image][\/et_pb_column][\/et_pb_row][\/et_pb_section]<\/p>\n","protected":false},"excerpt":{"rendered":"<p>Kan 3D-printen worden gebruikt in medische toepassingen?3D-printen wordt steeds vaker gebruikt in de medische sector. Deze toepassingen omvatten het cre\u00ebren van weefsels en organo\u00efden, chirurgische gereedschappen, pati\u00ebntspecifieke modellen, op maat gemaakte prothesen en meer. Gepersonaliseerde medicijnen krijgt steeds meer aandacht en 3D-printen kan hierbij een belangrijke rol spelen.Waarom 3D-printen?SimulatieAllerlei pati\u00ebntspecifieke modellen kunnen met 3D-printen worden [&hellip;]<\/p>\n","protected":false},"author":1,"featured_media":20549,"parent":22937,"menu_order":0,"comment_status":"closed","ping_status":"closed","template":"","meta":{"_acf_changed":false,"_et_pb_use_builder":"on","_et_pb_old_content":"","_et_gb_content_width":"","content-type":"","footnotes":""},"categories":[],"tags":[],"class_list":["post-22916","page","type-page","status-publish","has-post-thumbnail","hentry"],"acf":[],"yoast_head":"<!-- This site is optimized with the Yoast SEO plugin v24.0 - https:\/\/yoast.com\/wordpress\/plugins\/seo\/ -->\n<title>Medisch 3D-printen | dddrop - Professional FFF 3D Printers - Additive manufacturing<\/title>\n<meta name=\"robots\" content=\"index, follow, max-snippet:-1, max-image-preview:large, max-video-preview:-1\" \/>\n<meta property=\"og:locale\" content=\"nl_NL\" \/>\n<meta property=\"og:type\" content=\"article\" \/>\n<meta property=\"og:title\" content=\"Medisch 3D-printen | dddrop - Professional FFF 3D Printers - Additive manufacturing\" \/>\n<meta property=\"og:description\" content=\"Kan 3D-printen worden gebruikt in medische toepassingen?3D-printen wordt steeds vaker gebruikt in de medische sector. Deze toepassingen omvatten het cre\u00ebren van weefsels en organo\u00efden, chirurgische gereedschappen, pati\u00ebntspecifieke modellen, op maat gemaakte prothesen en meer. Gepersonaliseerde medicijnen krijgt steeds meer aandacht en 3D-printen kan hierbij een belangrijke rol spelen.Waarom 3D-printen?SimulatieAllerlei pati\u00ebntspecifieke modellen kunnen met 3D-printen worden [&hellip;]\" \/>\n<meta property=\"og:url\" content=\"https:\/\/dddrop.com\/nl\/toepassingen\/medisch-3d-printen\/\" \/>\n<meta property=\"og:site_name\" content=\"dddrop - Professional FFF 3D Printers - Additive manufacturing\" \/>\n<meta property=\"article:publisher\" content=\"https:\/\/www.facebook.com\/dddrop.3D.printers\" \/>\n<meta property=\"article:modified_time\" content=\"2023-07-12T09:42:09+00:00\" \/>\n<meta property=\"og:image\" content=\"https:\/\/dddrop.com\/wp-content\/uploads\/Production-Speed.jpeg\" \/>\n\t<meta property=\"og:image:width\" content=\"1500\" \/>\n\t<meta property=\"og:image:height\" content=\"843\" \/>\n\t<meta property=\"og:image:type\" content=\"image\/jpeg\" \/>\n<meta name=\"twitter:card\" content=\"summary_large_image\" \/>\n<meta name=\"twitter:label1\" content=\"Geschatte leestijd\" \/>\n\t<meta name=\"twitter:data1\" content=\"7 minuten\" \/>\n<script type=\"application\/ld+json\" class=\"yoast-schema-graph\">{\"@context\":\"https:\/\/schema.org\",\"@graph\":[{\"@type\":\"WebPage\",\"@id\":\"https:\/\/dddrop.com\/nl\/toepassingen\/medisch-3d-printen\/\",\"url\":\"https:\/\/dddrop.com\/nl\/toepassingen\/medisch-3d-printen\/\",\"name\":\"Medisch 3D-printen | dddrop - Professional FFF 3D Printers - Additive manufacturing\",\"isPartOf\":{\"@id\":\"https:\/\/dddrop.com\/nl\/#website\"},\"primaryImageOfPage\":{\"@id\":\"https:\/\/dddrop.com\/nl\/toepassingen\/medisch-3d-printen\/#primaryimage\"},\"image\":{\"@id\":\"https:\/\/dddrop.com\/nl\/toepassingen\/medisch-3d-printen\/#primaryimage\"},\"thumbnailUrl\":\"https:\/\/dddrop.com\/wp-content\/uploads\/Production-Speed.jpeg\",\"datePublished\":\"2023-06-01T07:14:01+00:00\",\"dateModified\":\"2023-07-12T09:42:09+00:00\",\"breadcrumb\":{\"@id\":\"https:\/\/dddrop.com\/nl\/toepassingen\/medisch-3d-printen\/#breadcrumb\"},\"inLanguage\":\"nl-NL\",\"potentialAction\":[{\"@type\":\"ReadAction\",\"target\":[\"https:\/\/dddrop.com\/nl\/toepassingen\/medisch-3d-printen\/\"]}]},{\"@type\":\"ImageObject\",\"inLanguage\":\"nl-NL\",\"@id\":\"https:\/\/dddrop.com\/nl\/toepassingen\/medisch-3d-printen\/#primaryimage\",\"url\":\"https:\/\/dddrop.com\/wp-content\/uploads\/Production-Speed.jpeg\",\"contentUrl\":\"https:\/\/dddrop.com\/wp-content\/uploads\/Production-Speed.jpeg\",\"width\":1500,\"height\":843},{\"@type\":\"BreadcrumbList\",\"@id\":\"https:\/\/dddrop.com\/nl\/toepassingen\/medisch-3d-printen\/#breadcrumb\",\"itemListElement\":[{\"@type\":\"ListItem\",\"position\":1,\"name\":\"Home\",\"item\":\"https:\/\/dddrop.com\/nl\/\"},{\"@type\":\"ListItem\",\"position\":2,\"name\":\"Toepassingen\",\"item\":\"https:\/\/dddrop.com\/nl\/applications\/\"},{\"@type\":\"ListItem\",\"position\":3,\"name\":\"Medisch 3D-printen\"}]},{\"@type\":\"WebSite\",\"@id\":\"https:\/\/dddrop.com\/nl\/#website\",\"url\":\"https:\/\/dddrop.com\/nl\/\",\"name\":\"dddrop | Large format 3D printers\",\"description\":\"dddrop is a professional 3D-printers manufacturer based in The Netherlands. The company specializes in FFF 3D printers for additive manufacturing, dddrop branded filaments, 3D printer parts, and accessories.\",\"publisher\":{\"@id\":\"https:\/\/dddrop.com\/nl\/#organization\"},\"potentialAction\":[{\"@type\":\"SearchAction\",\"target\":{\"@type\":\"EntryPoint\",\"urlTemplate\":\"https:\/\/dddrop.com\/nl\/?s={search_term_string}\"},\"query-input\":{\"@type\":\"PropertyValueSpecification\",\"valueRequired\":true,\"valueName\":\"search_term_string\"}}],\"inLanguage\":\"nl-NL\"},{\"@type\":\"Organization\",\"@id\":\"https:\/\/dddrop.com\/nl\/#organization\",\"name\":\"dddrop - Professional FFF 3D Printers - Additive manufacturing\",\"url\":\"https:\/\/dddrop.com\/nl\/\",\"logo\":{\"@type\":\"ImageObject\",\"inLanguage\":\"nl-NL\",\"@id\":\"https:\/\/dddrop.com\/nl\/#\/schema\/logo\/image\/\",\"url\":\"https:\/\/dddrop.com\/wp-content\/uploads\/2020\/05\/dddrop_logo_tekst-png.png\",\"contentUrl\":\"https:\/\/dddrop.com\/wp-content\/uploads\/2020\/05\/dddrop_logo_tekst-png.png\",\"width\":1644,\"height\":313,\"caption\":\"dddrop - Professional FFF 3D Printers - Additive manufacturing\"},\"image\":{\"@id\":\"https:\/\/dddrop.com\/nl\/#\/schema\/logo\/image\/\"},\"sameAs\":[\"https:\/\/www.facebook.com\/dddrop.3D.printers\",\"https:\/\/www.linkedin.com\/company\/dddrop-3d-printers\/\"]}]}<\/script>\n<!-- \/ Yoast SEO plugin. -->","yoast_head_json":{"title":"Medisch 3D-printen | dddrop - Professional FFF 3D Printers - Additive manufacturing","robots":{"index":"index","follow":"follow","max-snippet":"max-snippet:-1","max-image-preview":"max-image-preview:large","max-video-preview":"max-video-preview:-1"},"og_locale":"nl_NL","og_type":"article","og_title":"Medisch 3D-printen | dddrop - Professional FFF 3D Printers - Additive manufacturing","og_description":"Kan 3D-printen worden gebruikt in medische toepassingen?3D-printen wordt steeds vaker gebruikt in de medische sector. Deze toepassingen omvatten het cre\u00ebren van weefsels en organo\u00efden, chirurgische gereedschappen, pati\u00ebntspecifieke modellen, op maat gemaakte prothesen en meer. Gepersonaliseerde medicijnen krijgt steeds meer aandacht en 3D-printen kan hierbij een belangrijke rol spelen.Waarom 3D-printen?SimulatieAllerlei pati\u00ebntspecifieke modellen kunnen met 3D-printen worden [&hellip;]","og_url":"https:\/\/dddrop.com\/nl\/toepassingen\/medisch-3d-printen\/","og_site_name":"dddrop - Professional FFF 3D Printers - Additive manufacturing","article_publisher":"https:\/\/www.facebook.com\/dddrop.3D.printers","article_modified_time":"2023-07-12T09:42:09+00:00","og_image":[{"width":1500,"height":843,"url":"https:\/\/dddrop.com\/wp-content\/uploads\/Production-Speed.jpeg","type":"image\/jpeg"}],"twitter_card":"summary_large_image","twitter_misc":{"Geschatte leestijd":"7 minuten"},"schema":{"@context":"https:\/\/schema.org","@graph":[{"@type":"WebPage","@id":"https:\/\/dddrop.com\/nl\/toepassingen\/medisch-3d-printen\/","url":"https:\/\/dddrop.com\/nl\/toepassingen\/medisch-3d-printen\/","name":"Medisch 3D-printen | dddrop - Professional FFF 3D Printers - Additive manufacturing","isPartOf":{"@id":"https:\/\/dddrop.com\/nl\/#website"},"primaryImageOfPage":{"@id":"https:\/\/dddrop.com\/nl\/toepassingen\/medisch-3d-printen\/#primaryimage"},"image":{"@id":"https:\/\/dddrop.com\/nl\/toepassingen\/medisch-3d-printen\/#primaryimage"},"thumbnailUrl":"https:\/\/dddrop.com\/wp-content\/uploads\/Production-Speed.jpeg","datePublished":"2023-06-01T07:14:01+00:00","dateModified":"2023-07-12T09:42:09+00:00","breadcrumb":{"@id":"https:\/\/dddrop.com\/nl\/toepassingen\/medisch-3d-printen\/#breadcrumb"},"inLanguage":"nl-NL","potentialAction":[{"@type":"ReadAction","target":["https:\/\/dddrop.com\/nl\/toepassingen\/medisch-3d-printen\/"]}]},{"@type":"ImageObject","inLanguage":"nl-NL","@id":"https:\/\/dddrop.com\/nl\/toepassingen\/medisch-3d-printen\/#primaryimage","url":"https:\/\/dddrop.com\/wp-content\/uploads\/Production-Speed.jpeg","contentUrl":"https:\/\/dddrop.com\/wp-content\/uploads\/Production-Speed.jpeg","width":1500,"height":843},{"@type":"BreadcrumbList","@id":"https:\/\/dddrop.com\/nl\/toepassingen\/medisch-3d-printen\/#breadcrumb","itemListElement":[{"@type":"ListItem","position":1,"name":"Home","item":"https:\/\/dddrop.com\/nl\/"},{"@type":"ListItem","position":2,"name":"Toepassingen","item":"https:\/\/dddrop.com\/nl\/applications\/"},{"@type":"ListItem","position":3,"name":"Medisch 3D-printen"}]},{"@type":"WebSite","@id":"https:\/\/dddrop.com\/nl\/#website","url":"https:\/\/dddrop.com\/nl\/","name":"dddrop | Large format 3D printers","description":"dddrop is a professional 3D-printers manufacturer based in The Netherlands. The company specializes in FFF 3D printers for additive manufacturing, dddrop branded filaments, 3D printer parts, and accessories.","publisher":{"@id":"https:\/\/dddrop.com\/nl\/#organization"},"potentialAction":[{"@type":"SearchAction","target":{"@type":"EntryPoint","urlTemplate":"https:\/\/dddrop.com\/nl\/?s={search_term_string}"},"query-input":{"@type":"PropertyValueSpecification","valueRequired":true,"valueName":"search_term_string"}}],"inLanguage":"nl-NL"},{"@type":"Organization","@id":"https:\/\/dddrop.com\/nl\/#organization","name":"dddrop - Professional FFF 3D Printers - Additive manufacturing","url":"https:\/\/dddrop.com\/nl\/","logo":{"@type":"ImageObject","inLanguage":"nl-NL","@id":"https:\/\/dddrop.com\/nl\/#\/schema\/logo\/image\/","url":"https:\/\/dddrop.com\/wp-content\/uploads\/2020\/05\/dddrop_logo_tekst-png.png","contentUrl":"https:\/\/dddrop.com\/wp-content\/uploads\/2020\/05\/dddrop_logo_tekst-png.png","width":1644,"height":313,"caption":"dddrop - Professional FFF 3D Printers - Additive manufacturing"},"image":{"@id":"https:\/\/dddrop.com\/nl\/#\/schema\/logo\/image\/"},"sameAs":["https:\/\/www.facebook.com\/dddrop.3D.printers","https:\/\/www.linkedin.com\/company\/dddrop-3d-printers\/"]}]}},"_links":{"self":[{"href":"https:\/\/dddrop.com\/nl\/wp-json\/wp\/v2\/pages\/22916","targetHints":{"allow":["GET"]}}],"collection":[{"href":"https:\/\/dddrop.com\/nl\/wp-json\/wp\/v2\/pages"}],"about":[{"href":"https:\/\/dddrop.com\/nl\/wp-json\/wp\/v2\/types\/page"}],"author":[{"embeddable":true,"href":"https:\/\/dddrop.com\/nl\/wp-json\/wp\/v2\/users\/1"}],"replies":[{"embeddable":true,"href":"https:\/\/dddrop.com\/nl\/wp-json\/wp\/v2\/comments?post=22916"}],"version-history":[{"count":2,"href":"https:\/\/dddrop.com\/nl\/wp-json\/wp\/v2\/pages\/22916\/revisions"}],"predecessor-version":[{"id":22918,"href":"https:\/\/dddrop.com\/nl\/wp-json\/wp\/v2\/pages\/22916\/revisions\/22918"}],"up":[{"embeddable":true,"href":"https:\/\/dddrop.com\/nl\/wp-json\/wp\/v2\/pages\/22937"}],"wp:featuredmedia":[{"embeddable":true,"href":"https:\/\/dddrop.com\/nl\/wp-json\/wp\/v2\/media\/20549"}],"wp:attachment":[{"href":"https:\/\/dddrop.com\/nl\/wp-json\/wp\/v2\/media?parent=22916"}],"wp:term":[{"taxonomy":"category","embeddable":true,"href":"https:\/\/dddrop.com\/nl\/wp-json\/wp\/v2\/categories?post=22916"},{"taxonomy":"post_tag","embeddable":true,"href":"https:\/\/dddrop.com\/nl\/wp-json\/wp\/v2\/tags?post=22916"}],"curies":[{"name":"wp","href":"https:\/\/api.w.org\/{rel}","templated":true}]}}