{"id":22826,"date":"2023-06-01T14:05:05","date_gmt":"2023-06-01T14:05:05","guid":{"rendered":"https:\/\/dddrop.com\/over-ons\/"},"modified":"2023-08-24T08:14:57","modified_gmt":"2023-08-24T08:14:57","slug":"over-ons","status":"publish","type":"page","link":"https:\/\/dddrop.com\/nl\/over-ons\/","title":{"rendered":"Over ons"},"content":{"rendered":"<p>[et_pb_section fb_built=&#8221;1&#8243; _builder_version=&#8221;4.21.0&#8243; _module_preset=&#8221;default&#8221; global_colors_info=&#8221;{}&#8221; theme_builder_area=&#8221;post_content&#8221;][et_pb_row _builder_version=&#8221;4.21.0&#8243; _module_preset=&#8221;default&#8221; global_colors_info=&#8221;{}&#8221; theme_builder_area=&#8221;post_content&#8221;][et_pb_column type=&#8221;4_4&#8243; _builder_version=&#8221;4.21.0&#8243; _module_preset=&#8221;default&#8221; global_colors_info=&#8221;{}&#8221; theme_builder_area=&#8221;post_content&#8221;][et_pb_text _builder_version=&#8221;4.21.0&#8243; _module_preset=&#8221;default&#8221; max_width=&#8221;80%&#8221; max_width_tablet=&#8221;80%&#8221; max_width_phone=&#8221;100%&#8221; max_width_last_edited=&#8221;on|phone&#8221; global_colors_info=&#8221;{}&#8221; theme_builder_area=&#8221;post_content&#8221;]<\/p>\n<h2 style=\"margin-bottom: 2rem;\">Ons verhaal<\/h2>\n<p>In 2004 zag een groep ambitieuze ingenieurs onder leiding van Alfred Uytdewilligen het potentieel van 3D-printen en besloten ze de technologie in hun dagelijkse werk te implementeren. Het team had jarenlang verschillende machines gebruikt, maar kon nooit de perfecte balans vinden tussen kwaliteit en prijs. Ze wilden een industri\u00eble 3D printer voor professioneel gebruik, maar ook betaalbaar. Op dat moment bood de markt slechts twee categorie\u00ebn: grote machines die industri\u00eble resultaten leverden maar buiten het budget vielen, of kleinere betaalbare machines die geen betrouwbare resultaten konden leveren die nodig waren in de zakelijke en R&amp;D markt. Na jaren van frustratie besloot de kleine groep ingenieurs te doen wat elke ingenieur zou doen: zelf een machine bouwen. <\/p>\n<p><strong style=\"font-size: 20px;\">ER ZELF EEN BOUWEN.<\/strong><strong style=\"font-size: 20px;\"><\/strong><\/p>\n<p>Na onderzoek naar de behoeften van de markt en de ontwikkeling van een uitstekende nieuwe machine was het team klaar om deze aan de wereld te laten zien. In 2013 was het eerste prototype klaar.[\/et_pb_text][\/et_pb_column][\/et_pb_row][\/et_pb_section][et_pb_section fb_built=&#8221;1&#8243; _builder_version=&#8221;4.21.0&#8243; background_color=&#8221;rgba(23,23,23,0.6)&#8221; background_enable_image=&#8221;off&#8221; background_position=&#8221;center_right&#8221; background_video_mp4=&#8221;https:\/\/dddrop.com\/wp-content\/uploads\/Alfred-Slowmotion.mp4&#8243; custom_margin=&#8221;0px||||false|false&#8221; custom_padding=&#8221;0px||0px|||&#8221; custom_css_after=&#8221;content: %22%22;||background: rgba(0,0,0,.5);||position: absolute;||inset: 0;&#8221; global_colors_info=&#8221;{}&#8221; theme_builder_area=&#8221;post_content&#8221;][et_pb_row _builder_version=&#8221;4.21.0&#8243; background_color=&#8221;RGBA(255,255,255,0)&#8221; width=&#8221;100%&#8221; max_width=&#8221;100%&#8221; custom_padding=&#8221;80px||80px||true|false&#8221; global_colors_info=&#8221;{}&#8221; theme_builder_area=&#8221;post_content&#8221;][et_pb_column type=&#8221;4_4&#8243; _builder_version=&#8221;4.16&#8243; global_colors_info=&#8221;{}&#8221; theme_builder_area=&#8221;post_content&#8221;][et_pb_blurb title=&#8221;Met trots opererend vanuit Doetinchem, Nederland&#8221; use_icon=&#8221;on&#8221; font_icon=&#8221;&#xe081;||divi||400&#8243; content_max_width=&#8221;690px&#8221; _builder_version=&#8221;4.21.0&#8243; header_level=&#8221;h2&#8243; header_font=&#8221;|||on|||||&#8221; header_text_align=&#8221;center&#8221; header_font_size=&#8221;30px&#8221; header_letter_spacing=&#8221;1px&#8221; header_line_height=&#8221;1.3em&#8221; body_font=&#8221;|600|||||||&#8221; body_text_color=&#8221;gcid-5e83c387-91cc-4c56-be0f-5d553507ce72&#8243; text_orientation=&#8221;center&#8221; background_layout=&#8221;dark&#8221; custom_margin=&#8221;||||false|false&#8221; custom_padding=&#8221;0px||0px||true|false&#8221; global_colors_info=&#8221;{%22gcid-5e83c387-91cc-4c56-be0f-5d553507ce72%22:%91%22body_text_color%22%93}&#8221; theme_builder_area=&#8221;post_content&#8221;]Alle dddrop 3D printers worden ontworpen en geassembleerd in Doetinchem, Nederland. We hebben een assemblagelijn op maat gemaakt zodat we snel en effici\u00ebnt een 3D printer kunnen bouwen die aan uw wensen voldoet.<\/p>\n<p>Kom langs en ervaar het zelf.[\/et_pb_blurb][\/et_pb_column][\/et_pb_row][\/et_pb_section][et_pb_section fb_built=&#8221;1&#8243; _builder_version=&#8221;4.21.0&#8243; _module_preset=&#8221;default&#8221; global_colors_info=&#8221;{}&#8221; theme_builder_area=&#8221;post_content&#8221;][et_pb_row column_structure=&#8221;1_4,1_4,1_4,1_4&#8243; _builder_version=&#8221;4.21.0&#8243; _module_preset=&#8221;default&#8221; global_colors_info=&#8221;{}&#8221; theme_builder_area=&#8221;post_content&#8221;][et_pb_column type=&#8221;1_4&#8243; _builder_version=&#8221;4.21.0&#8243; _module_preset=&#8221;default&#8221; global_colors_info=&#8221;{}&#8221; theme_builder_area=&#8221;post_content&#8221;][et_pb_blurb use_icon=&#8221;on&#8221; font_icon=&#8221;&#xe074;||divi||400&#8243; _builder_version=&#8221;4.21.0&#8243; _module_preset=&#8221;default&#8221; text_orientation=&#8221;center&#8221; global_colors_info=&#8221;{}&#8221; theme_builder_area=&#8221;post_content&#8221;]<\/p>\n<p><strong>dddrop 3D printers<\/strong><br \/><span>Logistiekweg 34<br \/><\/span><span>7007CJ <\/span><span>Doetinchem<br \/>Netherlands<\/span><\/p>\n<p>[\/et_pb_blurb][\/et_pb_column][et_pb_column type=&#8221;1_4&#8243; _builder_version=&#8221;4.21.0&#8243; _module_preset=&#8221;default&#8221; global_colors_info=&#8221;{}&#8221; theme_builder_area=&#8221;post_content&#8221;][et_pb_blurb use_icon=&#8221;on&#8221; font_icon=&#8221;&#xe090;||divi||400&#8243; _builder_version=&#8221;4.21.0&#8243; _module_preset=&#8221;default&#8221; text_orientation=&#8221;center&#8221; global_colors_info=&#8221;{}&#8221; theme_builder_area=&#8221;post_content&#8221;]<\/p>\n<p><span>(Tel) +31 (0)314-377050<\/span><br \/><span>(Fax) +31 (0)314-363501<\/span><\/p>\n<p>[\/et_pb_blurb][\/et_pb_column][et_pb_column type=&#8221;1_4&#8243; _builder_version=&#8221;4.21.0&#8243; _module_preset=&#8221;default&#8221; global_colors_info=&#8221;{}&#8221; theme_builder_area=&#8221;post_content&#8221;][et_pb_blurb use_icon=&#8221;on&#8221; font_icon=&#8221;&#xe076;||divi||400&#8243; _builder_version=&#8221;4.21.0&#8243; _module_preset=&#8221;default&#8221; text_orientation=&#8221;center&#8221; global_colors_info=&#8221;{}&#8221; theme_builder_area=&#8221;post_content&#8221;]<\/p>\n<p><a href=\"mailto:info@dddrop.com\">info@dddrop.com<\/a><\/p>\n<p>[\/et_pb_blurb][\/et_pb_column][et_pb_column type=&#8221;1_4&#8243; _builder_version=&#8221;4.21.0&#8243; _module_preset=&#8221;default&#8221; global_colors_info=&#8221;{}&#8221; theme_builder_area=&#8221;post_content&#8221;][et_pb_blurb use_icon=&#8221;on&#8221; font_icon=&#8221;&#xf298;||fa||400&#8243; _builder_version=&#8221;4.21.0&#8243; _dynamic_attributes=&#8221;link_option_url&#8221; _module_preset=&#8221;default&#8221; text_orientation=&#8221;center&#8221; link_option_url=&#8221;@ET-DC@eyJkeW5hbWljIjp0cnVlLCJjb250ZW50IjoicG9zdF9saW5rX3VybF9wYWdlIiwic2V0dGluZ3MiOnsicG9zdF9pZCI6IjE4OTA0In19@&#8221; global_colors_info=&#8221;{}&#8221; theme_builder_area=&#8221;post_content&#8221;]<\/p>\n<p><span>Contact<\/span><\/p>\n<p>[\/et_pb_blurb][\/et_pb_column][\/et_pb_row][\/et_pb_section]<\/p>\n","protected":false},"excerpt":{"rendered":"<p>Ons verhaal In 2004 zag een groep ambitieuze ingenieurs onder leiding van Alfred Uytdewilligen het potentieel van 3D-printen en besloten ze de technologie in hun dagelijkse werk te implementeren. Het team had jarenlang verschillende machines gebruikt, maar kon nooit de perfecte balans vinden tussen kwaliteit en prijs. Ze wilden een industri\u00eble 3D printer voor professioneel [&hellip;]<\/p>\n","protected":false},"author":1,"featured_media":22298,"parent":0,"menu_order":0,"comment_status":"closed","ping_status":"closed","template":"","meta":{"_acf_changed":false,"_et_pb_use_builder":"on","_et_pb_old_content":"","_et_gb_content_width":"","content-type":"","footnotes":""},"categories":[],"tags":[],"class_list":["post-22826","page","type-page","status-publish","has-post-thumbnail","hentry"],"acf":[],"yoast_head":"<!-- This site is optimized with the Yoast SEO plugin v24.0 - https:\/\/yoast.com\/wordpress\/plugins\/seo\/ -->\n<title>Over ons | dddrop - Professional FFF 3D Printers - Additive manufacturing<\/title>\n<meta name=\"robots\" content=\"index, follow, max-snippet:-1, max-image-preview:large, max-video-preview:-1\" \/>\n<meta property=\"og:locale\" content=\"nl_NL\" \/>\n<meta property=\"og:type\" content=\"article\" \/>\n<meta property=\"og:title\" content=\"Over ons | dddrop - Professional FFF 3D Printers - Additive manufacturing\" \/>\n<meta property=\"og:description\" content=\"Ons verhaal In 2004 zag een groep ambitieuze ingenieurs onder leiding van Alfred Uytdewilligen het potentieel van 3D-printen en besloten ze de technologie in hun dagelijkse werk te implementeren. Het team had jarenlang verschillende machines gebruikt, maar kon nooit de perfecte balans vinden tussen kwaliteit en prijs. Ze wilden een industri\u00eble 3D printer voor professioneel [&hellip;]\" \/>\n<meta property=\"og:url\" content=\"https:\/\/dddrop.com\/nl\/over-ons\/\" \/>\n<meta property=\"og:site_name\" content=\"dddrop - Professional FFF 3D Printers - Additive manufacturing\" \/>\n<meta property=\"article:publisher\" content=\"https:\/\/www.facebook.com\/dddrop.3D.printers\" \/>\n<meta property=\"article:modified_time\" content=\"2023-08-24T08:14:57+00:00\" \/>\n<meta property=\"og:image\" content=\"https:\/\/dddrop.com\/wp-content\/uploads\/DSC02008-scaled-1.jpg\" \/>\n\t<meta property=\"og:image:width\" content=\"2560\" \/>\n\t<meta property=\"og:image:height\" content=\"1461\" \/>\n\t<meta property=\"og:image:type\" content=\"image\/jpeg\" \/>\n<meta name=\"twitter:card\" content=\"summary_large_image\" \/>\n<meta name=\"twitter:label1\" content=\"Geschatte leestijd\" \/>\n\t<meta name=\"twitter:data1\" content=\"4 minuten\" \/>\n<script type=\"application\/ld+json\" class=\"yoast-schema-graph\">{\"@context\":\"https:\/\/schema.org\",\"@graph\":[{\"@type\":\"WebPage\",\"@id\":\"https:\/\/dddrop.com\/nl\/over-ons\/\",\"url\":\"https:\/\/dddrop.com\/nl\/over-ons\/\",\"name\":\"Over ons | dddrop - Professional FFF 3D Printers - Additive manufacturing\",\"isPartOf\":{\"@id\":\"https:\/\/dddrop.com\/nl\/#website\"},\"primaryImageOfPage\":{\"@id\":\"https:\/\/dddrop.com\/nl\/over-ons\/#primaryimage\"},\"image\":{\"@id\":\"https:\/\/dddrop.com\/nl\/over-ons\/#primaryimage\"},\"thumbnailUrl\":\"https:\/\/dddrop.com\/wp-content\/uploads\/DSC02008-scaled-1.jpg\",\"datePublished\":\"2023-06-01T14:05:05+00:00\",\"dateModified\":\"2023-08-24T08:14:57+00:00\",\"breadcrumb\":{\"@id\":\"https:\/\/dddrop.com\/nl\/over-ons\/#breadcrumb\"},\"inLanguage\":\"nl-NL\",\"potentialAction\":[{\"@type\":\"ReadAction\",\"target\":[\"https:\/\/dddrop.com\/nl\/over-ons\/\"]}]},{\"@type\":\"ImageObject\",\"inLanguage\":\"nl-NL\",\"@id\":\"https:\/\/dddrop.com\/nl\/over-ons\/#primaryimage\",\"url\":\"https:\/\/dddrop.com\/wp-content\/uploads\/DSC02008-scaled-1.jpg\",\"contentUrl\":\"https:\/\/dddrop.com\/wp-content\/uploads\/DSC02008-scaled-1.jpg\",\"width\":2560,\"height\":1461},{\"@type\":\"BreadcrumbList\",\"@id\":\"https:\/\/dddrop.com\/nl\/over-ons\/#breadcrumb\",\"itemListElement\":[{\"@type\":\"ListItem\",\"position\":1,\"name\":\"Home\",\"item\":\"https:\/\/dddrop.com\/nl\/\"},{\"@type\":\"ListItem\",\"position\":2,\"name\":\"Over ons\"}]},{\"@type\":\"WebSite\",\"@id\":\"https:\/\/dddrop.com\/nl\/#website\",\"url\":\"https:\/\/dddrop.com\/nl\/\",\"name\":\"dddrop | Large format 3D printers\",\"description\":\"dddrop is a professional 3D-printers manufacturer based in The Netherlands. The company specializes in FFF 3D printers for additive manufacturing, dddrop branded filaments, 3D printer parts, and accessories.\",\"publisher\":{\"@id\":\"https:\/\/dddrop.com\/nl\/#organization\"},\"potentialAction\":[{\"@type\":\"SearchAction\",\"target\":{\"@type\":\"EntryPoint\",\"urlTemplate\":\"https:\/\/dddrop.com\/nl\/?s={search_term_string}\"},\"query-input\":{\"@type\":\"PropertyValueSpecification\",\"valueRequired\":true,\"valueName\":\"search_term_string\"}}],\"inLanguage\":\"nl-NL\"},{\"@type\":\"Organization\",\"@id\":\"https:\/\/dddrop.com\/nl\/#organization\",\"name\":\"dddrop - Professional FFF 3D Printers - Additive manufacturing\",\"url\":\"https:\/\/dddrop.com\/nl\/\",\"logo\":{\"@type\":\"ImageObject\",\"inLanguage\":\"nl-NL\",\"@id\":\"https:\/\/dddrop.com\/nl\/#\/schema\/logo\/image\/\",\"url\":\"https:\/\/dddrop.com\/wp-content\/uploads\/2020\/05\/dddrop_logo_tekst-png.png\",\"contentUrl\":\"https:\/\/dddrop.com\/wp-content\/uploads\/2020\/05\/dddrop_logo_tekst-png.png\",\"width\":1644,\"height\":313,\"caption\":\"dddrop - Professional FFF 3D Printers - Additive manufacturing\"},\"image\":{\"@id\":\"https:\/\/dddrop.com\/nl\/#\/schema\/logo\/image\/\"},\"sameAs\":[\"https:\/\/www.facebook.com\/dddrop.3D.printers\",\"https:\/\/www.linkedin.com\/company\/dddrop-3d-printers\/\"]}]}<\/script>\n<!-- \/ Yoast SEO plugin. -->","yoast_head_json":{"title":"Over ons | dddrop - Professional FFF 3D Printers - Additive manufacturing","robots":{"index":"index","follow":"follow","max-snippet":"max-snippet:-1","max-image-preview":"max-image-preview:large","max-video-preview":"max-video-preview:-1"},"og_locale":"nl_NL","og_type":"article","og_title":"Over ons | dddrop - Professional FFF 3D Printers - Additive manufacturing","og_description":"Ons verhaal In 2004 zag een groep ambitieuze ingenieurs onder leiding van Alfred Uytdewilligen het potentieel van 3D-printen en besloten ze de technologie in hun dagelijkse werk te implementeren. Het team had jarenlang verschillende machines gebruikt, maar kon nooit de perfecte balans vinden tussen kwaliteit en prijs. Ze wilden een industri\u00eble 3D printer voor professioneel [&hellip;]","og_url":"https:\/\/dddrop.com\/nl\/over-ons\/","og_site_name":"dddrop - Professional FFF 3D Printers - Additive manufacturing","article_publisher":"https:\/\/www.facebook.com\/dddrop.3D.printers","article_modified_time":"2023-08-24T08:14:57+00:00","og_image":[{"width":2560,"height":1461,"url":"https:\/\/dddrop.com\/wp-content\/uploads\/DSC02008-scaled-1.jpg","type":"image\/jpeg"}],"twitter_card":"summary_large_image","twitter_misc":{"Geschatte leestijd":"4 minuten"},"schema":{"@context":"https:\/\/schema.org","@graph":[{"@type":"WebPage","@id":"https:\/\/dddrop.com\/nl\/over-ons\/","url":"https:\/\/dddrop.com\/nl\/over-ons\/","name":"Over ons | dddrop - Professional FFF 3D Printers - Additive manufacturing","isPartOf":{"@id":"https:\/\/dddrop.com\/nl\/#website"},"primaryImageOfPage":{"@id":"https:\/\/dddrop.com\/nl\/over-ons\/#primaryimage"},"image":{"@id":"https:\/\/dddrop.com\/nl\/over-ons\/#primaryimage"},"thumbnailUrl":"https:\/\/dddrop.com\/wp-content\/uploads\/DSC02008-scaled-1.jpg","datePublished":"2023-06-01T14:05:05+00:00","dateModified":"2023-08-24T08:14:57+00:00","breadcrumb":{"@id":"https:\/\/dddrop.com\/nl\/over-ons\/#breadcrumb"},"inLanguage":"nl-NL","potentialAction":[{"@type":"ReadAction","target":["https:\/\/dddrop.com\/nl\/over-ons\/"]}]},{"@type":"ImageObject","inLanguage":"nl-NL","@id":"https:\/\/dddrop.com\/nl\/over-ons\/#primaryimage","url":"https:\/\/dddrop.com\/wp-content\/uploads\/DSC02008-scaled-1.jpg","contentUrl":"https:\/\/dddrop.com\/wp-content\/uploads\/DSC02008-scaled-1.jpg","width":2560,"height":1461},{"@type":"BreadcrumbList","@id":"https:\/\/dddrop.com\/nl\/over-ons\/#breadcrumb","itemListElement":[{"@type":"ListItem","position":1,"name":"Home","item":"https:\/\/dddrop.com\/nl\/"},{"@type":"ListItem","position":2,"name":"Over ons"}]},{"@type":"WebSite","@id":"https:\/\/dddrop.com\/nl\/#website","url":"https:\/\/dddrop.com\/nl\/","name":"dddrop | Large format 3D printers","description":"dddrop is a professional 3D-printers manufacturer based in The Netherlands. The company specializes in FFF 3D printers for additive manufacturing, dddrop branded filaments, 3D printer parts, and accessories.","publisher":{"@id":"https:\/\/dddrop.com\/nl\/#organization"},"potentialAction":[{"@type":"SearchAction","target":{"@type":"EntryPoint","urlTemplate":"https:\/\/dddrop.com\/nl\/?s={search_term_string}"},"query-input":{"@type":"PropertyValueSpecification","valueRequired":true,"valueName":"search_term_string"}}],"inLanguage":"nl-NL"},{"@type":"Organization","@id":"https:\/\/dddrop.com\/nl\/#organization","name":"dddrop - Professional FFF 3D Printers - Additive manufacturing","url":"https:\/\/dddrop.com\/nl\/","logo":{"@type":"ImageObject","inLanguage":"nl-NL","@id":"https:\/\/dddrop.com\/nl\/#\/schema\/logo\/image\/","url":"https:\/\/dddrop.com\/wp-content\/uploads\/2020\/05\/dddrop_logo_tekst-png.png","contentUrl":"https:\/\/dddrop.com\/wp-content\/uploads\/2020\/05\/dddrop_logo_tekst-png.png","width":1644,"height":313,"caption":"dddrop - Professional FFF 3D Printers - Additive manufacturing"},"image":{"@id":"https:\/\/dddrop.com\/nl\/#\/schema\/logo\/image\/"},"sameAs":["https:\/\/www.facebook.com\/dddrop.3D.printers","https:\/\/www.linkedin.com\/company\/dddrop-3d-printers\/"]}]}},"_links":{"self":[{"href":"https:\/\/dddrop.com\/nl\/wp-json\/wp\/v2\/pages\/22826","targetHints":{"allow":["GET"]}}],"collection":[{"href":"https:\/\/dddrop.com\/nl\/wp-json\/wp\/v2\/pages"}],"about":[{"href":"https:\/\/dddrop.com\/nl\/wp-json\/wp\/v2\/types\/page"}],"author":[{"embeddable":true,"href":"https:\/\/dddrop.com\/nl\/wp-json\/wp\/v2\/users\/1"}],"replies":[{"embeddable":true,"href":"https:\/\/dddrop.com\/nl\/wp-json\/wp\/v2\/comments?post=22826"}],"version-history":[{"count":3,"href":"https:\/\/dddrop.com\/nl\/wp-json\/wp\/v2\/pages\/22826\/revisions"}],"predecessor-version":[{"id":23483,"href":"https:\/\/dddrop.com\/nl\/wp-json\/wp\/v2\/pages\/22826\/revisions\/23483"}],"wp:featuredmedia":[{"embeddable":true,"href":"https:\/\/dddrop.com\/nl\/wp-json\/wp\/v2\/media\/22298"}],"wp:attachment":[{"href":"https:\/\/dddrop.com\/nl\/wp-json\/wp\/v2\/media?parent=22826"}],"wp:term":[{"taxonomy":"category","embeddable":true,"href":"https:\/\/dddrop.com\/nl\/wp-json\/wp\/v2\/categories?post=22826"},{"taxonomy":"post_tag","embeddable":true,"href":"https:\/\/dddrop.com\/nl\/wp-json\/wp\/v2\/tags?post=22826"}],"curies":[{"name":"wp","href":"https:\/\/api.w.org\/{rel}","templated":true}]}}