{"id":31645,"date":"2024-10-11T08:22:09","date_gmt":"2024-10-11T08:22:09","guid":{"rendered":"https:\/\/dddrop.com\/?page_id=31645"},"modified":"2024-10-24T07:46:34","modified_gmt":"2024-10-24T07:46:34","slug":"danke-fur-die-broschure","status":"publish","type":"page","link":"https:\/\/dddrop.com\/de\/danke-fur-die-broschure\/","title":{"rendered":"Danke f\u00fcr die Brosch\u00fcre"},"content":{"rendered":"<p>[et_pb_section fb_built=&#8220;1&#8243; _builder_version=&#8220;4.27.0&#8243; background_image=&#8220;https:\/\/dddrop.com\/wp-content\/uploads\/banner.webp&#8220; min_height=&#8220;100vh&#8220; global_colors_info=&#8220;{%22gcid-7ab275a2-dad6-484d-8276-de81f6fb79ed%22:%91%22background_color%22%93}&#8220;][et_pb_row column_structure=&#8220;1_2,1_2&#8243; _builder_version=&#8220;4.27.0&#8243; _module_preset=&#8220;default&#8220; global_colors_info=&#8220;{}&#8220;][et_pb_column type=&#8220;1_2&#8243; _builder_version=&#8220;4.27.0&#8243; _module_preset=&#8220;default&#8220; global_colors_info=&#8220;{}&#8220;][et_pb_heading title=&#8220;Wir danken Ihnen f\u00fcr Ihr Interesse.&#8220; _builder_version=&#8220;4.27.0&#8243; _module_preset=&#8220;default&#8220; title_text_color=&#8220;#FFFFFF&#8220; width=&#8220;100%&#8220; global_colors_info=&#8220;{}&#8220;][\/et_pb_heading][et_pb_text _builder_version=&#8220;4.27.2&#8243; _module_preset=&#8220;default&#8220; hover_enabled=&#8220;0&#8243; global_colors_info=&#8220;{}&#8220; sticky_enabled=&#8220;0&#8243;]<\/p>\n<p>Danke f\u00fcr Ihr Interesse! Laden Sie die RAPID ONE Brosch\u00fcre \u00fcber den unten stehenden Link herunter. Haben Sie noch Fragen? Bitte <a href=\u201ehttps:\/\/dddrop.com\/nl\/contact\u201c>kontaktieren Sie uns<\/a>.<\/p>\n<p>.[\/et_pb_text][et_pb_button button_url=&#8220;https:\/\/dddrop.com\/wp-content\/uploads\/dddrop-RAPID-ONE-brochure-2-1.pdf&#8220; button_text=&#8220;Herunterladen&#8220; _builder_version=&#8220;4.27.2&#8243; _module_preset=&#8220;default&#8220; hover_enabled=&#8220;0&#8243; global_colors_info=&#8220;{}&#8220; sticky_enabled=&#8220;0&#8243; url_new_window=&#8220;on&#8220;][\/et_pb_button][\/et_pb_column][et_pb_column type=&#8220;1_2&#8243; _builder_version=&#8220;4.27.0&#8243; _module_preset=&#8220;default&#8220; global_colors_info=&#8220;{}&#8220;][et_pb_image src=&#8220;https:\/\/7696079.fs1.hubspotusercontent-na1.net\/hubfs\/7696079\/Rapid%20one%20brochure%20mockup.png&#8220; _builder_version=&#8220;4.27.0&#8243; _module_preset=&#8220;default&#8220; max_width=&#8220;60%&#8220; module_alignment=&#8220;center&#8220; global_colors_info=&#8220;{}&#8220;][\/et_pb_image][\/et_pb_column][\/et_pb_row][\/et_pb_section]<\/p>\n","protected":false},"excerpt":{"rendered":"<p>Danke f\u00fcr Ihr Interesse! Laden Sie die RAPID ONE Brosch\u00fcre \u00fcber den unten stehenden Link herunter. Haben Sie noch Fragen? Bitte kontaktieren Sie uns..<\/p>\n","protected":false},"author":4,"featured_media":0,"parent":0,"menu_order":0,"comment_status":"closed","ping_status":"closed","template":"","meta":{"_acf_changed":false,"_et_pb_use_builder":"on","_et_pb_old_content":"","_et_gb_content_width":"","content-type":"","footnotes":""},"categories":[74],"tags":[],"class_list":["post-31645","page","type-page","status-publish","hentry","category-thank-you-page-de"],"acf":[],"yoast_head":"<!-- This site is optimized with the Yoast SEO plugin v24.0 - https:\/\/yoast.com\/wordpress\/plugins\/seo\/ -->\n<title>Wir danken Ihnen f\u00fcr Ihr Interesse!<\/title>\n<meta name=\"robots\" content=\"noindex, nofollow\" \/>\n<meta property=\"og:locale\" content=\"de_DE\" \/>\n<meta property=\"og:type\" content=\"article\" \/>\n<meta property=\"og:title\" content=\"Wir danken Ihnen f\u00fcr Ihr Interesse!\" \/>\n<meta property=\"og:description\" content=\"Danke f\u00fcr Ihr Interesse! Laden Sie die RAPID ONE Brosch\u00fcre \u00fcber den unten stehenden Link herunter. Haben Sie noch Fragen? Bitte kontaktieren Sie uns..\" \/>\n<meta property=\"og:url\" content=\"https:\/\/dddrop.com\/de\/danke-fur-die-broschure\/\" \/>\n<meta property=\"og:site_name\" content=\"dddrop - Professional FFF 3D Printers - Additive manufacturing\" \/>\n<meta property=\"article:publisher\" content=\"https:\/\/www.facebook.com\/dddrop.3D.printers\" \/>\n<meta property=\"article:modified_time\" content=\"2024-10-24T07:46:34+00:00\" \/>\n<meta property=\"og:image\" content=\"https:\/\/dddrop.com\/wp-content\/uploads\/2020\/03\/08a-Customizable-frame-size.png\" \/>\n\t<meta property=\"og:image:width\" content=\"1900\" \/>\n\t<meta property=\"og:image:height\" content=\"1069\" \/>\n\t<meta property=\"og:image:type\" content=\"image\/png\" \/>\n<meta name=\"twitter:card\" content=\"summary_large_image\" \/>\n<meta name=\"twitter:label1\" content=\"Gesch\u00e4tzte Lesezeit\" \/>\n\t<meta name=\"twitter:data1\" content=\"1\u00a0Minute\" \/>\n<script type=\"application\/ld+json\" class=\"yoast-schema-graph\">{\"@context\":\"https:\/\/schema.org\",\"@graph\":[{\"@type\":\"WebPage\",\"@id\":\"https:\/\/dddrop.com\/de\/danke-fur-die-broschure\/\",\"url\":\"https:\/\/dddrop.com\/de\/danke-fur-die-broschure\/\",\"name\":\"Wir danken Ihnen f\u00fcr Ihr Interesse!\",\"isPartOf\":{\"@id\":\"https:\/\/dddrop.com\/de\/#website\"},\"datePublished\":\"2024-10-11T08:22:09+00:00\",\"dateModified\":\"2024-10-24T07:46:34+00:00\",\"breadcrumb\":{\"@id\":\"https:\/\/dddrop.com\/de\/danke-fur-die-broschure\/#breadcrumb\"},\"inLanguage\":\"de\",\"potentialAction\":[{\"@type\":\"ReadAction\",\"target\":[\"https:\/\/dddrop.com\/de\/danke-fur-die-broschure\/\"]}]},{\"@type\":\"BreadcrumbList\",\"@id\":\"https:\/\/dddrop.com\/de\/danke-fur-die-broschure\/#breadcrumb\",\"itemListElement\":[{\"@type\":\"ListItem\",\"position\":1,\"name\":\"Home\",\"item\":\"https:\/\/dddrop.com\/de\/\"},{\"@type\":\"ListItem\",\"position\":2,\"name\":\"Danke f\u00fcr die Brosch\u00fcre\"}]},{\"@type\":\"WebSite\",\"@id\":\"https:\/\/dddrop.com\/de\/#website\",\"url\":\"https:\/\/dddrop.com\/de\/\",\"name\":\"dddrop | Large format 3D printers\",\"description\":\"dddrop is a professional 3D-printers manufacturer based in The Netherlands. The company specializes in FFF 3D printers for additive manufacturing, dddrop branded filaments, 3D printer parts, and accessories.\",\"publisher\":{\"@id\":\"https:\/\/dddrop.com\/de\/#organization\"},\"potentialAction\":[{\"@type\":\"SearchAction\",\"target\":{\"@type\":\"EntryPoint\",\"urlTemplate\":\"https:\/\/dddrop.com\/de\/?s={search_term_string}\"},\"query-input\":{\"@type\":\"PropertyValueSpecification\",\"valueRequired\":true,\"valueName\":\"search_term_string\"}}],\"inLanguage\":\"de\"},{\"@type\":\"Organization\",\"@id\":\"https:\/\/dddrop.com\/de\/#organization\",\"name\":\"dddrop - Professional FFF 3D Printers - Additive manufacturing\",\"url\":\"https:\/\/dddrop.com\/de\/\",\"logo\":{\"@type\":\"ImageObject\",\"inLanguage\":\"de\",\"@id\":\"https:\/\/dddrop.com\/de\/#\/schema\/logo\/image\/\",\"url\":\"https:\/\/dddrop.com\/wp-content\/uploads\/2020\/05\/dddrop_logo_tekst-png.png\",\"contentUrl\":\"https:\/\/dddrop.com\/wp-content\/uploads\/2020\/05\/dddrop_logo_tekst-png.png\",\"width\":1644,\"height\":313,\"caption\":\"dddrop - Professional FFF 3D Printers - Additive manufacturing\"},\"image\":{\"@id\":\"https:\/\/dddrop.com\/de\/#\/schema\/logo\/image\/\"},\"sameAs\":[\"https:\/\/www.facebook.com\/dddrop.3D.printers\",\"https:\/\/www.linkedin.com\/company\/dddrop-3d-printers\/\"]}]}<\/script>\n<!-- \/ Yoast SEO plugin. -->","yoast_head_json":{"title":"Wir danken Ihnen f\u00fcr Ihr Interesse!","robots":{"index":"noindex","follow":"nofollow"},"og_locale":"de_DE","og_type":"article","og_title":"Wir danken Ihnen f\u00fcr Ihr Interesse!","og_description":"Danke f\u00fcr Ihr Interesse! Laden Sie die RAPID ONE Brosch\u00fcre \u00fcber den unten stehenden Link herunter. Haben Sie noch Fragen? Bitte kontaktieren Sie uns..","og_url":"https:\/\/dddrop.com\/de\/danke-fur-die-broschure\/","og_site_name":"dddrop - Professional FFF 3D Printers - Additive manufacturing","article_publisher":"https:\/\/www.facebook.com\/dddrop.3D.printers","article_modified_time":"2024-10-24T07:46:34+00:00","og_image":[{"width":1900,"height":1069,"url":"https:\/\/dddrop.com\/wp-content\/uploads\/2020\/03\/08a-Customizable-frame-size.png","type":"image\/png"}],"twitter_card":"summary_large_image","twitter_misc":{"Gesch\u00e4tzte Lesezeit":"1\u00a0Minute"},"schema":{"@context":"https:\/\/schema.org","@graph":[{"@type":"WebPage","@id":"https:\/\/dddrop.com\/de\/danke-fur-die-broschure\/","url":"https:\/\/dddrop.com\/de\/danke-fur-die-broschure\/","name":"Wir danken Ihnen f\u00fcr Ihr Interesse!","isPartOf":{"@id":"https:\/\/dddrop.com\/de\/#website"},"datePublished":"2024-10-11T08:22:09+00:00","dateModified":"2024-10-24T07:46:34+00:00","breadcrumb":{"@id":"https:\/\/dddrop.com\/de\/danke-fur-die-broschure\/#breadcrumb"},"inLanguage":"de","potentialAction":[{"@type":"ReadAction","target":["https:\/\/dddrop.com\/de\/danke-fur-die-broschure\/"]}]},{"@type":"BreadcrumbList","@id":"https:\/\/dddrop.com\/de\/danke-fur-die-broschure\/#breadcrumb","itemListElement":[{"@type":"ListItem","position":1,"name":"Home","item":"https:\/\/dddrop.com\/de\/"},{"@type":"ListItem","position":2,"name":"Danke f\u00fcr die Brosch\u00fcre"}]},{"@type":"WebSite","@id":"https:\/\/dddrop.com\/de\/#website","url":"https:\/\/dddrop.com\/de\/","name":"dddrop | Large format 3D printers","description":"dddrop is a professional 3D-printers manufacturer based in The Netherlands. The company specializes in FFF 3D printers for additive manufacturing, dddrop branded filaments, 3D printer parts, and accessories.","publisher":{"@id":"https:\/\/dddrop.com\/de\/#organization"},"potentialAction":[{"@type":"SearchAction","target":{"@type":"EntryPoint","urlTemplate":"https:\/\/dddrop.com\/de\/?s={search_term_string}"},"query-input":{"@type":"PropertyValueSpecification","valueRequired":true,"valueName":"search_term_string"}}],"inLanguage":"de"},{"@type":"Organization","@id":"https:\/\/dddrop.com\/de\/#organization","name":"dddrop - Professional FFF 3D Printers - Additive manufacturing","url":"https:\/\/dddrop.com\/de\/","logo":{"@type":"ImageObject","inLanguage":"de","@id":"https:\/\/dddrop.com\/de\/#\/schema\/logo\/image\/","url":"https:\/\/dddrop.com\/wp-content\/uploads\/2020\/05\/dddrop_logo_tekst-png.png","contentUrl":"https:\/\/dddrop.com\/wp-content\/uploads\/2020\/05\/dddrop_logo_tekst-png.png","width":1644,"height":313,"caption":"dddrop - Professional FFF 3D Printers - Additive manufacturing"},"image":{"@id":"https:\/\/dddrop.com\/de\/#\/schema\/logo\/image\/"},"sameAs":["https:\/\/www.facebook.com\/dddrop.3D.printers","https:\/\/www.linkedin.com\/company\/dddrop-3d-printers\/"]}]}},"_links":{"self":[{"href":"https:\/\/dddrop.com\/de\/wp-json\/wp\/v2\/pages\/31645","targetHints":{"allow":["GET"]}}],"collection":[{"href":"https:\/\/dddrop.com\/de\/wp-json\/wp\/v2\/pages"}],"about":[{"href":"https:\/\/dddrop.com\/de\/wp-json\/wp\/v2\/types\/page"}],"author":[{"embeddable":true,"href":"https:\/\/dddrop.com\/de\/wp-json\/wp\/v2\/users\/4"}],"replies":[{"embeddable":true,"href":"https:\/\/dddrop.com\/de\/wp-json\/wp\/v2\/comments?post=31645"}],"version-history":[{"count":3,"href":"https:\/\/dddrop.com\/de\/wp-json\/wp\/v2\/pages\/31645\/revisions"}],"predecessor-version":[{"id":31707,"href":"https:\/\/dddrop.com\/de\/wp-json\/wp\/v2\/pages\/31645\/revisions\/31707"}],"wp:attachment":[{"href":"https:\/\/dddrop.com\/de\/wp-json\/wp\/v2\/media?parent=31645"}],"wp:term":[{"taxonomy":"category","embeddable":true,"href":"https:\/\/dddrop.com\/de\/wp-json\/wp\/v2\/categories?post=31645"},{"taxonomy":"post_tag","embeddable":true,"href":"https:\/\/dddrop.com\/de\/wp-json\/wp\/v2\/tags?post=31645"}],"curies":[{"name":"wp","href":"https:\/\/api.w.org\/{rel}","templated":true}]}}