{"id":30060,"date":"2023-07-03T12:56:16","date_gmt":"2023-07-03T12:56:16","guid":{"rendered":"https:\/\/dddrop.com\/kontakt\/"},"modified":"2024-09-12T14:31:17","modified_gmt":"2024-09-12T14:31:17","slug":"kontakt","status":"publish","type":"page","link":"https:\/\/dddrop.com\/de\/kontakt\/","title":{"rendered":"Kontakt"},"content":{"rendered":"<p>[et_pb_section fb_built=&#8220;1&#8243; _builder_version=&#8220;4.27.0&#8243; background_enable_color=&#8220;off&#8220; background_image=&#8220;https:\/\/dddrop.com\/wp-content\/uploads\/banner.webp&#8220; min_height=&#8220;100vh&#8220; custom_padding=&#8220;||||false|false&#8220; global_colors_info=&#8220;{}&#8220;][et_pb_row column_structure=&#8220;3_5,2_5&#8243; use_custom_gutter=&#8220;on&#8220; gutter_width=&#8220;1&#8243; _builder_version=&#8220;4.21.0&#8243; background_color=&#8220;RGBA(255,255,255,0)&#8220; width=&#8220;100%&#8220; max_width=&#8220;100%&#8220; custom_margin=&#8220;||||false|false&#8220; custom_padding=&#8220;||||true|false&#8220; global_colors_info=&#8220;{}&#8220;][et_pb_column type=&#8220;3_5&#8243; _builder_version=&#8220;4.16&#8243; global_colors_info=&#8220;{}&#8220;][et_pb_heading title=&#8220;Kontakt&#8220; _builder_version=&#8220;4.27.0&#8243; _module_preset=&#8220;default&#8220; title_text_color=&#8220;#FFFFFF&#8220; global_colors_info=&#8220;{}&#8220;][\/et_pb_heading][et_pb_text _builder_version=&#8220;4.27.0&#8243; _module_preset=&#8220;default&#8220; global_colors_info=&#8220;{}&#8220;]M\u00f6chten Sie mehr \u00fcber gro\u00dfformatigen 3D-Druck erfahren? Nehmen Sie Kontakt mit uns auf![\/et_pb_text][ba_card use_icon=&#8220;on&#8220; icon=&#8220;&#xe081;||divi||400&#8243; title=&#8220;Logistiekweg 34, 7007 CJ, Doetinchem (NL)&#8220; image_position=&#8220;left&#8220; icon_color=&#8220;#E02B20&#8243; icon_size=&#8220;30px&#8220; icon_padding=&#8220;||||false|false&#8220; btn_spacing_top=&#8220;20px&#8220; content_padding=&#8220;0px|0px|0px|20px|false|false&#8220; _builder_version=&#8220;4.27.0&#8243; _module_preset=&#8220;default&#8220; title_level=&#8220;h4&#8243; title_font=&#8220;|700|||||||&#8220; title_text_color=&#8220;#FFFFFF&#8220; custom_button=&#8220;on&#8220; button_text_size=&#8220;1rem&#8220; button_text_color=&#8220;#3979ff&#8220; button_bg_color=&#8220;#ffffff&#8220; button_border_width=&#8220;1px&#8220; button_border_color=&#8220;#3979ff&#8220; button_border_radius=&#8220;50px&#8220; button_font=&#8220;|700|||||||&#8220; button_use_icon=&#8220;off&#8220; custom_padding=&#8220;20px||20px||false|false&#8220; hover_enabled=&#8220;0&#8243; border_radii_card=&#8220;on|9px|9px|9px|9px&#8220; border_color_all_card=&#8220;RGBA(255,255,255,0)&#8220; border_style_all_card=&#8220;solid&#8220; border_width_right_card=&#8220;1px&#8220; global_colors_info=&#8220;{}&#8220; link_option_url=&#8220;https:\/\/maps.app.goo.gl\/YAu4Wrd44qiNR9Jw8&#8243; sticky_enabled=&#8220;0&#8243; link_option_url_new_window=&#8220;on&#8220;][\/ba_card][ba_card use_icon=&#8220;on&#8220; icon=&#8220;&#xf0e0;||fa||900&#8243; title=&#8220;info@dddrop.com&#8220; image_position=&#8220;left&#8220; icon_color=&#8220;#E02B20&#8243; icon_size=&#8220;30px&#8220; icon_padding=&#8220;||||false|false&#8220; btn_spacing_top=&#8220;20px&#8220; content_padding=&#8220;0px|0px|0px|20px|false|false&#8220; _builder_version=&#8220;4.27.0&#8243; _module_preset=&#8220;default&#8220; title_level=&#8220;h4&#8243; title_font=&#8220;|700|||||||&#8220; title_text_color=&#8220;#FFFFFF&#8220; custom_button=&#8220;on&#8220; button_text_size=&#8220;1rem&#8220; button_text_color=&#8220;#3979ff&#8220; button_bg_color=&#8220;#ffffff&#8220; button_border_width=&#8220;1px&#8220; button_border_color=&#8220;#3979ff&#8220; button_border_radius=&#8220;50px&#8220; button_font=&#8220;|700|||||||&#8220; button_use_icon=&#8220;off&#8220; custom_padding=&#8220;20px||20px||false|false&#8220; hover_enabled=&#8220;0&#8243; border_radii_card=&#8220;on|9px|9px|9px|9px&#8220; border_color_all_card=&#8220;RGBA(255,255,255,0)&#8220; border_style_all_card=&#8220;solid&#8220; border_width_right_card=&#8220;1px&#8220; global_colors_info=&#8220;{}&#8220; link_option_url=&#8220;mailto:info@dddrop.com&#8220; sticky_enabled=&#8220;0&#8243;][\/ba_card][ba_card use_icon=&#8220;on&#8220; icon=&#8220;&#xf879;||fa||900&#8243; title=&#8220;+31 (0)314 377 050&#8243; image_position=&#8220;left&#8220; icon_color=&#8220;#E02B20&#8243; icon_size=&#8220;30px&#8220; icon_padding=&#8220;||||false|false&#8220; btn_spacing_top=&#8220;20px&#8220; content_padding=&#8220;0px|0px|0px|20px|false|false&#8220; _builder_version=&#8220;4.27.0&#8243; _module_preset=&#8220;default&#8220; title_level=&#8220;h4&#8243; title_font=&#8220;|700|||||||&#8220; title_text_color=&#8220;#FFFFFF&#8220; custom_button=&#8220;on&#8220; button_text_size=&#8220;1rem&#8220; button_text_color=&#8220;#3979ff&#8220; button_bg_color=&#8220;#ffffff&#8220; button_border_width=&#8220;1px&#8220; button_border_color=&#8220;#3979ff&#8220; button_border_radius=&#8220;50px&#8220; button_font=&#8220;|700|||||||&#8220; button_use_icon=&#8220;off&#8220; custom_padding=&#8220;20px||20px||false|false&#8220; hover_enabled=&#8220;0&#8243; border_radii_card=&#8220;on|9px|9px|9px|9px&#8220; border_color_all_card=&#8220;RGBA(255,255,255,0)&#8220; border_style_all_card=&#8220;solid&#8220; border_width_right_card=&#8220;1px&#8220; global_colors_info=&#8220;{}&#8220; link_option_url=&#8220;callto:+31 (0)314 377 050&#8243; sticky_enabled=&#8220;0&#8243;][\/ba_card][ba_card use_icon=&#8220;on&#8220; icon=&#8220;&#xf059;||fa||900&#8243; title=&#8220;customer.service@dddrop.com&#8220; image_position=&#8220;left&#8220; icon_color=&#8220;#E02B20&#8243; icon_size=&#8220;30px&#8220; icon_padding=&#8220;||||false|false&#8220; btn_spacing_top=&#8220;20px&#8220; content_padding=&#8220;0px|0px|0px|20px|false|false&#8220; _builder_version=&#8220;4.27.0&#8243; _module_preset=&#8220;default&#8220; title_level=&#8220;h4&#8243; title_font=&#8220;|700|||||||&#8220; title_text_color=&#8220;#FFFFFF&#8220; custom_button=&#8220;on&#8220; button_text_size=&#8220;1rem&#8220; button_text_color=&#8220;#3979ff&#8220; button_bg_color=&#8220;#ffffff&#8220; button_border_width=&#8220;1px&#8220; button_border_color=&#8220;#3979ff&#8220; button_border_radius=&#8220;50px&#8220; button_font=&#8220;|700|||||||&#8220; button_use_icon=&#8220;off&#8220; custom_padding=&#8220;20px||20px||false|false&#8220; hover_enabled=&#8220;0&#8243; border_radii_card=&#8220;on|9px|9px|9px|9px&#8220; border_color_all_card=&#8220;RGBA(255,255,255,0)&#8220; border_style_all_card=&#8220;solid&#8220; border_width_right_card=&#8220;1px&#8220; global_colors_info=&#8220;{}&#8220; link_option_url=&#8220;mailto:customer.service@dddrop.com&#8220; sticky_enabled=&#8220;0&#8243;][\/ba_card][\/et_pb_column][et_pb_column type=&#8220;2_5&#8243; _builder_version=&#8220;4.21.0&#8243; global_colors_info=&#8220;{}&#8220;][et_pb_code _builder_version=&#8220;4.27.0&#8243; background_color=&#8220;RGBA(255,255,255,0)&#8220; custom_margin=&#8220;||||false|false&#8220; custom_margin_tablet=&#8220;||||false|false&#8220; custom_margin_phone=&#8220;||||false|true&#8220; custom_margin_last_edited=&#8220;on|desktop&#8220; custom_padding=&#8220;||||true|true&#8220; custom_padding_tablet=&#8220;||||true|true&#8220; custom_padding_phone=&#8220;&#8220; custom_padding_last_edited=&#8220;on|phone&#8220; border_radii=&#8220;on|3px|3px|3px|3px&#8220; global_colors_info=&#8220;{}&#8220;]<script charset=\"utf-8\" type=\"text\/javascript\" src=\"\/\/js.hsforms.net\/forms\/embed\/v2.js\"><\/script><br \/>\n<script>\n  hbspt.forms.create({\n    region: \"na1\",\n    portalId: \"7696079\",\n    formId: \"2c03002b-4d94-4202-87f1-fb20bb0d2af0\"\n  });\n<\/script>[\/et_pb_code][\/et_pb_column][\/et_pb_row][\/et_pb_section]<\/p>\n","protected":false},"excerpt":{"rendered":"<p>M\u00f6chten Sie mehr \u00fcber gro\u00dfformatigen 3D-Druck erfahren? Nehmen Sie Kontakt mit uns auf!<div class=\"et_pb_with_border et_pb_module ba_card ba_card_0 et_clickable\">\n\t\t\t\t\n\t\t\t\t\n\t\t\t\t\n\t\t\t\t\n\t\t\t\t\n\t\t\t\t\n\t\t\t\t<div class=\"et_pb_module_inner\">\n\t\t\t\t\t<div class=\"dtq-module dtq-card dtq-swapped-img-selector dtq-hover--none use-icon-on\">\n                 <div class=\"dtq-card-icon-wrap\"> \n                <div class=\"dtq-card-icon\">\n                    <i class=\"dtq-et-icon\">&#xe081;<\/i>\n                <\/div>\n            <\/div> <div class=\"dtq-card-content\"><h4 class=\"dtq-card-title\">Logistiekweg 34, 7007 CJ, Doetinchem (NL)<\/h4>  <\/div>\n            <\/div>\n\t\t\t\t<\/div>\n\t\t\t<\/div><div class=\"et_pb_module ba_card ba_card_1\">\n\t\t\t\t\n\t\t\t\t\n\t\t\t\t\n\t\t\t\t\n\t\t\t\t\n\t\t\t\t\n\t\t\t\t<div class=\"et_pb_module_inner\">\n\t\t\t\t\t<div class=\"dtq-module dtq-card dtq-swapped-img-selector dtq-hover--none use-icon-&#8220;on&#8220;\">\n                 <div class=\"dtq-card-icon-wrap\"> \n                <div class=\"dtq-card-icon\">\n                    <i class=\"dtq-et-icon\"><\/i>\n                <\/div>\n            <\/div> <div class=\"dtq-card-content\"><h3 class=\"dtq-card-title\">&#8220;info@dddrop.com&#8220;<\/h3>  <\/div>\n            <\/div>\n\t\t\t\t<\/div>\n\t\t\t<\/div><\/p>\n","protected":false},"author":1,"featured_media":30061,"parent":0,"menu_order":0,"comment_status":"closed","ping_status":"closed","template":"","meta":{"_acf_changed":false,"_et_pb_use_builder":"on","_et_pb_old_content":"","_et_gb_content_width":"","content-type":"","footnotes":""},"categories":[],"tags":[],"class_list":["post-30060","page","type-page","status-publish","has-post-thumbnail","hentry"],"acf":[],"yoast_head":"<!-- This site is optimized with the Yoast SEO plugin v24.0 - https:\/\/yoast.com\/wordpress\/plugins\/seo\/ -->\n<title>Kontakt | dddrop - Professional FFF 3D Printers - Additive manufacturing<\/title>\n<meta name=\"robots\" content=\"index, follow, max-snippet:-1, max-image-preview:large, max-video-preview:-1\" \/>\n<meta property=\"og:locale\" content=\"de_DE\" \/>\n<meta property=\"og:type\" content=\"article\" \/>\n<meta property=\"og:title\" content=\"Kontakt | dddrop - Professional FFF 3D Printers - Additive manufacturing\" \/>\n<meta property=\"og:description\" content=\"M\u00f6chten Sie mehr \u00fcber gro\u00dfformatigen 3D-Druck erfahren? Nehmen Sie Kontakt mit uns auf!\" \/>\n<meta property=\"og:url\" content=\"https:\/\/dddrop.com\/de\/kontakt\/\" \/>\n<meta property=\"og:site_name\" content=\"dddrop - Professional FFF 3D Printers - Additive manufacturing\" \/>\n<meta property=\"article:publisher\" content=\"https:\/\/www.facebook.com\/dddrop.3D.printers\" \/>\n<meta property=\"article:modified_time\" content=\"2024-09-12T14:31:17+00:00\" \/>\n<meta property=\"og:image\" content=\"https:\/\/dddrop.com\/wp-content\/uploads\/DSC01286-scaled-1.jpg\" \/>\n\t<meta property=\"og:image:width\" content=\"2560\" \/>\n\t<meta property=\"og:image:height\" content=\"1439\" \/>\n\t<meta property=\"og:image:type\" content=\"image\/png\" \/>\n<meta name=\"twitter:card\" content=\"summary_large_image\" \/>\n<meta name=\"twitter:label1\" content=\"Gesch\u00e4tzte Lesezeit\" \/>\n\t<meta name=\"twitter:data1\" content=\"4\u00a0Minuten\" \/>\n<script type=\"application\/ld+json\" class=\"yoast-schema-graph\">{\"@context\":\"https:\/\/schema.org\",\"@graph\":[{\"@type\":\"WebPage\",\"@id\":\"https:\/\/dddrop.com\/de\/kontakt\/\",\"url\":\"https:\/\/dddrop.com\/de\/kontakt\/\",\"name\":\"Kontakt | dddrop - Professional FFF 3D Printers - Additive manufacturing\",\"isPartOf\":{\"@id\":\"https:\/\/dddrop.com\/de\/#website\"},\"primaryImageOfPage\":{\"@id\":\"https:\/\/dddrop.com\/de\/kontakt\/#primaryimage\"},\"image\":{\"@id\":\"https:\/\/dddrop.com\/de\/kontakt\/#primaryimage\"},\"thumbnailUrl\":\"https:\/\/dddrop.com\/wp-content\/uploads\/DSC01286-scaled-1.jpg\",\"datePublished\":\"2023-07-03T12:56:16+00:00\",\"dateModified\":\"2024-09-12T14:31:17+00:00\",\"breadcrumb\":{\"@id\":\"https:\/\/dddrop.com\/de\/kontakt\/#breadcrumb\"},\"inLanguage\":\"de\",\"potentialAction\":[{\"@type\":\"ReadAction\",\"target\":[\"https:\/\/dddrop.com\/de\/kontakt\/\"]}]},{\"@type\":\"ImageObject\",\"inLanguage\":\"de\",\"@id\":\"https:\/\/dddrop.com\/de\/kontakt\/#primaryimage\",\"url\":\"https:\/\/dddrop.com\/wp-content\/uploads\/DSC01286-scaled-1.jpg\",\"contentUrl\":\"https:\/\/dddrop.com\/wp-content\/uploads\/DSC01286-scaled-1.jpg\",\"width\":2560,\"height\":1439},{\"@type\":\"BreadcrumbList\",\"@id\":\"https:\/\/dddrop.com\/de\/kontakt\/#breadcrumb\",\"itemListElement\":[{\"@type\":\"ListItem\",\"position\":1,\"name\":\"Home\",\"item\":\"https:\/\/dddrop.com\/de\/\"},{\"@type\":\"ListItem\",\"position\":2,\"name\":\"Kontakt\"}]},{\"@type\":\"WebSite\",\"@id\":\"https:\/\/dddrop.com\/de\/#website\",\"url\":\"https:\/\/dddrop.com\/de\/\",\"name\":\"dddrop | Large format 3D printers\",\"description\":\"dddrop is a professional 3D-printers manufacturer based in The Netherlands. The company specializes in FFF 3D printers for additive manufacturing, dddrop branded filaments, 3D printer parts, and accessories.\",\"publisher\":{\"@id\":\"https:\/\/dddrop.com\/de\/#organization\"},\"potentialAction\":[{\"@type\":\"SearchAction\",\"target\":{\"@type\":\"EntryPoint\",\"urlTemplate\":\"https:\/\/dddrop.com\/de\/?s={search_term_string}\"},\"query-input\":{\"@type\":\"PropertyValueSpecification\",\"valueRequired\":true,\"valueName\":\"search_term_string\"}}],\"inLanguage\":\"de\"},{\"@type\":\"Organization\",\"@id\":\"https:\/\/dddrop.com\/de\/#organization\",\"name\":\"dddrop - Professional FFF 3D Printers - Additive manufacturing\",\"url\":\"https:\/\/dddrop.com\/de\/\",\"logo\":{\"@type\":\"ImageObject\",\"inLanguage\":\"de\",\"@id\":\"https:\/\/dddrop.com\/de\/#\/schema\/logo\/image\/\",\"url\":\"https:\/\/dddrop.com\/wp-content\/uploads\/2020\/05\/dddrop_logo_tekst-png.png\",\"contentUrl\":\"https:\/\/dddrop.com\/wp-content\/uploads\/2020\/05\/dddrop_logo_tekst-png.png\",\"width\":1644,\"height\":313,\"caption\":\"dddrop - Professional FFF 3D Printers - Additive manufacturing\"},\"image\":{\"@id\":\"https:\/\/dddrop.com\/de\/#\/schema\/logo\/image\/\"},\"sameAs\":[\"https:\/\/www.facebook.com\/dddrop.3D.printers\",\"https:\/\/www.linkedin.com\/company\/dddrop-3d-printers\/\"]}]}<\/script>\n<!-- \/ Yoast SEO plugin. -->","yoast_head_json":{"title":"Kontakt | dddrop - Professional FFF 3D Printers - Additive manufacturing","robots":{"index":"index","follow":"follow","max-snippet":"max-snippet:-1","max-image-preview":"max-image-preview:large","max-video-preview":"max-video-preview:-1"},"og_locale":"de_DE","og_type":"article","og_title":"Kontakt | dddrop - Professional FFF 3D Printers - Additive manufacturing","og_description":"M\u00f6chten Sie mehr \u00fcber gro\u00dfformatigen 3D-Druck erfahren? Nehmen Sie Kontakt mit uns auf!","og_url":"https:\/\/dddrop.com\/de\/kontakt\/","og_site_name":"dddrop - Professional FFF 3D Printers - Additive manufacturing","article_publisher":"https:\/\/www.facebook.com\/dddrop.3D.printers","article_modified_time":"2024-09-12T14:31:17+00:00","og_image":[{"width":2560,"height":1439,"url":"https:\/\/dddrop.com\/wp-content\/uploads\/DSC01286-scaled-1.jpg","type":"image\/png"}],"twitter_card":"summary_large_image","twitter_misc":{"Gesch\u00e4tzte Lesezeit":"4\u00a0Minuten"},"schema":{"@context":"https:\/\/schema.org","@graph":[{"@type":"WebPage","@id":"https:\/\/dddrop.com\/de\/kontakt\/","url":"https:\/\/dddrop.com\/de\/kontakt\/","name":"Kontakt | dddrop - Professional FFF 3D Printers - Additive manufacturing","isPartOf":{"@id":"https:\/\/dddrop.com\/de\/#website"},"primaryImageOfPage":{"@id":"https:\/\/dddrop.com\/de\/kontakt\/#primaryimage"},"image":{"@id":"https:\/\/dddrop.com\/de\/kontakt\/#primaryimage"},"thumbnailUrl":"https:\/\/dddrop.com\/wp-content\/uploads\/DSC01286-scaled-1.jpg","datePublished":"2023-07-03T12:56:16+00:00","dateModified":"2024-09-12T14:31:17+00:00","breadcrumb":{"@id":"https:\/\/dddrop.com\/de\/kontakt\/#breadcrumb"},"inLanguage":"de","potentialAction":[{"@type":"ReadAction","target":["https:\/\/dddrop.com\/de\/kontakt\/"]}]},{"@type":"ImageObject","inLanguage":"de","@id":"https:\/\/dddrop.com\/de\/kontakt\/#primaryimage","url":"https:\/\/dddrop.com\/wp-content\/uploads\/DSC01286-scaled-1.jpg","contentUrl":"https:\/\/dddrop.com\/wp-content\/uploads\/DSC01286-scaled-1.jpg","width":2560,"height":1439},{"@type":"BreadcrumbList","@id":"https:\/\/dddrop.com\/de\/kontakt\/#breadcrumb","itemListElement":[{"@type":"ListItem","position":1,"name":"Home","item":"https:\/\/dddrop.com\/de\/"},{"@type":"ListItem","position":2,"name":"Kontakt"}]},{"@type":"WebSite","@id":"https:\/\/dddrop.com\/de\/#website","url":"https:\/\/dddrop.com\/de\/","name":"dddrop | Large format 3D printers","description":"dddrop is a professional 3D-printers manufacturer based in The Netherlands. The company specializes in FFF 3D printers for additive manufacturing, dddrop branded filaments, 3D printer parts, and accessories.","publisher":{"@id":"https:\/\/dddrop.com\/de\/#organization"},"potentialAction":[{"@type":"SearchAction","target":{"@type":"EntryPoint","urlTemplate":"https:\/\/dddrop.com\/de\/?s={search_term_string}"},"query-input":{"@type":"PropertyValueSpecification","valueRequired":true,"valueName":"search_term_string"}}],"inLanguage":"de"},{"@type":"Organization","@id":"https:\/\/dddrop.com\/de\/#organization","name":"dddrop - Professional FFF 3D Printers - Additive manufacturing","url":"https:\/\/dddrop.com\/de\/","logo":{"@type":"ImageObject","inLanguage":"de","@id":"https:\/\/dddrop.com\/de\/#\/schema\/logo\/image\/","url":"https:\/\/dddrop.com\/wp-content\/uploads\/2020\/05\/dddrop_logo_tekst-png.png","contentUrl":"https:\/\/dddrop.com\/wp-content\/uploads\/2020\/05\/dddrop_logo_tekst-png.png","width":1644,"height":313,"caption":"dddrop - Professional FFF 3D Printers - Additive manufacturing"},"image":{"@id":"https:\/\/dddrop.com\/de\/#\/schema\/logo\/image\/"},"sameAs":["https:\/\/www.facebook.com\/dddrop.3D.printers","https:\/\/www.linkedin.com\/company\/dddrop-3d-printers\/"]}]}},"_links":{"self":[{"href":"https:\/\/dddrop.com\/de\/wp-json\/wp\/v2\/pages\/30060","targetHints":{"allow":["GET"]}}],"collection":[{"href":"https:\/\/dddrop.com\/de\/wp-json\/wp\/v2\/pages"}],"about":[{"href":"https:\/\/dddrop.com\/de\/wp-json\/wp\/v2\/types\/page"}],"author":[{"embeddable":true,"href":"https:\/\/dddrop.com\/de\/wp-json\/wp\/v2\/users\/1"}],"replies":[{"embeddable":true,"href":"https:\/\/dddrop.com\/de\/wp-json\/wp\/v2\/comments?post=30060"}],"version-history":[{"count":4,"href":"https:\/\/dddrop.com\/de\/wp-json\/wp\/v2\/pages\/30060\/revisions"}],"predecessor-version":[{"id":31033,"href":"https:\/\/dddrop.com\/de\/wp-json\/wp\/v2\/pages\/30060\/revisions\/31033"}],"wp:featuredmedia":[{"embeddable":true,"href":"https:\/\/dddrop.com\/de\/wp-json\/wp\/v2\/media\/30061"}],"wp:attachment":[{"href":"https:\/\/dddrop.com\/de\/wp-json\/wp\/v2\/media?parent=30060"}],"wp:term":[{"taxonomy":"category","embeddable":true,"href":"https:\/\/dddrop.com\/de\/wp-json\/wp\/v2\/categories?post=30060"},{"taxonomy":"post_tag","embeddable":true,"href":"https:\/\/dddrop.com\/de\/wp-json\/wp\/v2\/tags?post=30060"}],"curies":[{"name":"wp","href":"https:\/\/api.w.org\/{rel}","templated":true}]}}