{"id":30054,"date":"2023-06-01T14:05:05","date_gmt":"2023-06-01T14:05:05","guid":{"rendered":"https:\/\/dddrop.com\/ueber-dddrop\/"},"modified":"2024-05-29T08:16:55","modified_gmt":"2024-05-29T08:16:55","slug":"ueber-dddrop","status":"publish","type":"page","link":"https:\/\/dddrop.com\/de\/ueber-dddrop\/","title":{"rendered":"\u00dcber dddrop"},"content":{"rendered":"<p>[et_pb_section fb_built=&#8220;1&#8243; _builder_version=&#8220;4.21.0&#8243; _module_preset=&#8220;default&#8220; global_colors_info=&#8220;{}&#8220; theme_builder_area=&#8220;post_content&#8220;][et_pb_row _builder_version=&#8220;4.21.0&#8243; _module_preset=&#8220;default&#8220; global_colors_info=&#8220;{}&#8220; theme_builder_area=&#8220;post_content&#8220;][et_pb_column type=&#8220;4_4&#8243; _builder_version=&#8220;4.21.0&#8243; _module_preset=&#8220;default&#8220; global_colors_info=&#8220;{}&#8220; theme_builder_area=&#8220;post_content&#8220;][et_pb_text _builder_version=&#8220;4.21.0&#8243; _module_preset=&#8220;default&#8220; max_width=&#8220;80%&#8220; max_width_tablet=&#8220;80%&#8220; max_width_phone=&#8220;100%&#8220; max_width_last_edited=&#8220;on|phone&#8220; global_colors_info=&#8220;{}&#8220; theme_builder_area=&#8220;post_content&#8220;]<\/p>\n<h2 style=\"margin-bottom: 2rem;\">Unsere Geschichte<\/h2>\n<p>Im Jahr 2004 erkannte eine Gruppe ehrgeiziger Ingenieure unter der Leitung von Alfred Uytdewilligen das Potenzial des 3D-Drucks und beschloss, die Technologie in ihrer t\u00e4glichen Arbeit einzusetzen. Das Team hatte jahrelang verschiedene Ger\u00e4te verwendet, konnte aber nie das perfekte Gleichgewicht zwischen Qualit\u00e4t und Preis finden. Sie wollten einen industriellen 3D-Drucker, der f\u00fcr den professionellen Einsatz gebaut, aber auch erschwinglich war. Damals gab es auf dem Markt nur zwei Kategorien: gro\u00dfe Ger\u00e4te, die zwar industrielle Ergebnisse lieferten, aber das Budget sprengten, oder kleinere, erschwingliche Ger\u00e4te, die nicht die zuverl\u00e4ssigen Ergebnisse lieferten, die im Gesch\u00e4fts- und F&amp;E-Markt ben\u00f6tigt werden. Nach Jahren der Frustration beschloss die kleine Gruppe von Ingenieuren, das zu tun, was jeder Ingenieur tun w\u00fcrde &#8211; selbst eine Maschine zu bauen.<\/p>\n<p><strong style=\"font-size: 20px;\">SELBST EINE MASCHINE BAUEN<\/strong><\/p>\n<p>Nach der Erforschung der Marktbed\u00fcrfnisse und der Entwicklung einer hervorragenden neuen Maschine war das Team bereit, sie der Welt zu zeigen. Im Jahr 2013 war der erste Prototyp fertig.<\/p>\n<p>[\/et_pb_text][\/et_pb_column][\/et_pb_row][\/et_pb_section][et_pb_section fb_built=&#8220;1&#8243; _builder_version=&#8220;4.21.0&#8243; background_color=&#8220;rgba(23,23,23,0.6)&#8220; background_enable_image=&#8220;off&#8220; background_position=&#8220;center_right&#8220; background_video_mp4=&#8220;https:\/\/dddrop.com\/wp-content\/uploads\/Alfred-Slowmotion.mp4&#8243; custom_margin=&#8220;0px||||false|false&#8220; custom_padding=&#8220;0px||0px|||&#8220; custom_css_after=&#8220;content: %22%22;||background: rgba(0,0,0,.5);||position: absolute;||inset: 0;&#8220; global_colors_info=&#8220;{}&#8220; theme_builder_area=&#8220;post_content&#8220;][et_pb_row _builder_version=&#8220;4.21.0&#8243; background_color=&#8220;RGBA(255,255,255,0)&#8220; width=&#8220;100%&#8220; max_width=&#8220;100%&#8220; custom_padding=&#8220;80px||80px||true|false&#8220; global_colors_info=&#8220;{}&#8220; theme_builder_area=&#8220;post_content&#8220;][et_pb_column type=&#8220;4_4&#8243; _builder_version=&#8220;4.16&#8243; global_colors_info=&#8220;{}&#8220; theme_builder_area=&#8220;post_content&#8220;][et_pb_blurb title=&#8220;Wir sind stolz darauf, von Doetinchem, Niederlande, aus zu arbeiten.&#8220; use_icon=&#8220;on&#8220; font_icon=&#8220;&#xe081;||divi||400&#8243; content_max_width=&#8220;690px&#8220; _builder_version=&#8220;4.21.0&#8243; header_level=&#8220;h2&#8243; header_font=&#8220;|||on|||||&#8220; header_text_align=&#8220;center&#8220; header_font_size=&#8220;30px&#8220; header_letter_spacing=&#8220;1px&#8220; header_line_height=&#8220;1.3em&#8220; body_font=&#8220;|600|||||||&#8220; body_text_color=&#8220;gcid-5e83c387-91cc-4c56-be0f-5d553507ce72&#8243; text_orientation=&#8220;center&#8220; background_layout=&#8220;dark&#8220; custom_margin=&#8220;||||false|false&#8220; custom_padding=&#8220;0px||0px||true|false&#8220; global_colors_info=&#8220;{%22gcid-5e83c387-91cc-4c56-be0f-5d553507ce72%22:%91%22body_text_color%22%93}&#8220; theme_builder_area=&#8220;post_content&#8220;]Alle dddrop 3D Drucker werden in Doetinchem, den Niederlanden, entwickelt und zusammengebaut. Wir haben eine ma\u00dfgeschneiderte Montagelinie, so dass wir schnell und effizient einen 3D-Drucker bauen k\u00f6nnen, der Ihren Bed\u00fcrfnissen entspricht.<\/p>\n<p>Kommen Sie vorbei und erleben Sie es selbst.[\/et_pb_blurb][\/et_pb_column][\/et_pb_row][\/et_pb_section][et_pb_section fb_built=&#8220;1&#8243; _builder_version=&#8220;4.21.0&#8243; _module_preset=&#8220;default&#8220; global_colors_info=&#8220;{}&#8220; theme_builder_area=&#8220;post_content&#8220;][et_pb_row column_structure=&#8220;1_4,1_4,1_4,1_4&#8243; _builder_version=&#8220;4.21.0&#8243; _module_preset=&#8220;default&#8220; global_colors_info=&#8220;{}&#8220; theme_builder_area=&#8220;post_content&#8220;][et_pb_column type=&#8220;1_4&#8243; _builder_version=&#8220;4.21.0&#8243; _module_preset=&#8220;default&#8220; global_colors_info=&#8220;{}&#8220; theme_builder_area=&#8220;post_content&#8220;][et_pb_blurb use_icon=&#8220;on&#8220; font_icon=&#8220;&#xe074;||divi||400&#8243; _builder_version=&#8220;4.21.0&#8243; _module_preset=&#8220;default&#8220; text_orientation=&#8220;center&#8220; global_colors_info=&#8220;{}&#8220; theme_builder_area=&#8220;post_content&#8220;]<\/p>\n<p><strong>dddrop 3D printers<\/strong><br \/><span>Logistiekweg 34<br \/><\/span><span>7007CJ\u00a0<\/span><span>Doetinchem<br \/>Niederlande<\/span><\/p>\n<p>[\/et_pb_blurb][\/et_pb_column][et_pb_column type=&#8220;1_4&#8243; _builder_version=&#8220;4.21.0&#8243; _module_preset=&#8220;default&#8220; global_colors_info=&#8220;{}&#8220; theme_builder_area=&#8220;post_content&#8220;][et_pb_blurb use_icon=&#8220;on&#8220; font_icon=&#8220;&#xe090;||divi||400&#8243; _builder_version=&#8220;4.21.0&#8243; _module_preset=&#8220;default&#8220; text_orientation=&#8220;center&#8220; global_colors_info=&#8220;{}&#8220; theme_builder_area=&#8220;post_content&#8220;]<\/p>\n<p><span>(Tel) +31 (0)314-377050<\/span><br \/><span>(Fax) +31 (0)314-363501<\/span><\/p>\n<p>[\/et_pb_blurb][\/et_pb_column][et_pb_column type=&#8220;1_4&#8243; _builder_version=&#8220;4.21.0&#8243; _module_preset=&#8220;default&#8220; global_colors_info=&#8220;{}&#8220; theme_builder_area=&#8220;post_content&#8220;][et_pb_blurb use_icon=&#8220;on&#8220; font_icon=&#8220;&#xe076;||divi||400&#8243; _builder_version=&#8220;4.21.0&#8243; _module_preset=&#8220;default&#8220; text_orientation=&#8220;center&#8220; global_colors_info=&#8220;{}&#8220; theme_builder_area=&#8220;post_content&#8220;]<\/p>\n<p><a href=\"mailto:info@dddrop.com\">info@dddrop.com<\/a><\/p>\n<p>[\/et_pb_blurb][\/et_pb_column][et_pb_column type=&#8220;1_4&#8243; _builder_version=&#8220;4.21.0&#8243; _module_preset=&#8220;default&#8220; global_colors_info=&#8220;{}&#8220; theme_builder_area=&#8220;post_content&#8220;][et_pb_blurb use_icon=&#8220;on&#8220; font_icon=&#8220;&#xf298;||fa||400&#8243; _builder_version=&#8220;4.21.0&#8243; _dynamic_attributes=&#8220;link_option_url&#8220; _module_preset=&#8220;default&#8220; text_orientation=&#8220;center&#8220; link_option_url=&#8220;@ET-DC@eyJkeW5hbWljIjp0cnVlLCJjb250ZW50IjoicG9zdF9saW5rX3VybF9wYWdlIiwic2V0dGluZ3MiOnsicG9zdF9pZCI6IjE4OTA0In19@&#8220; global_colors_info=&#8220;{}&#8220; theme_builder_area=&#8220;post_content&#8220;]<\/p>\n<p><span>Contact Form<\/span><\/p>\n<p>[\/et_pb_blurb][\/et_pb_column][\/et_pb_row][\/et_pb_section]<\/p>\n","protected":false},"excerpt":{"rendered":"<p>Unsere Geschichte Im Jahr 2004 erkannte eine Gruppe ehrgeiziger Ingenieure unter der Leitung von Alfred Uytdewilligen das Potenzial des 3D-Drucks und beschloss, die Technologie in ihrer t\u00e4glichen Arbeit einzusetzen. Das Team hatte jahrelang verschiedene Ger\u00e4te verwendet, konnte aber nie das perfekte Gleichgewicht zwischen Qualit\u00e4t und Preis finden. Sie wollten einen industriellen 3D-Drucker, der f\u00fcr den [&hellip;]<\/p>\n","protected":false},"author":1,"featured_media":30055,"parent":0,"menu_order":0,"comment_status":"closed","ping_status":"closed","template":"","meta":{"_acf_changed":false,"_et_pb_use_builder":"on","_et_pb_old_content":"","_et_gb_content_width":"","content-type":"","footnotes":""},"categories":[],"tags":[],"class_list":["post-30054","page","type-page","status-publish","has-post-thumbnail","hentry"],"acf":[],"yoast_head":"<!-- This site is optimized with the Yoast SEO plugin v24.0 - https:\/\/yoast.com\/wordpress\/plugins\/seo\/ -->\n<title>\u00dcber dddrop | dddrop - Professional FFF 3D Printers - Additive manufacturing<\/title>\n<meta name=\"robots\" content=\"index, follow, max-snippet:-1, max-image-preview:large, max-video-preview:-1\" \/>\n<meta property=\"og:locale\" content=\"de_DE\" \/>\n<meta property=\"og:type\" content=\"article\" \/>\n<meta property=\"og:title\" content=\"\u00dcber dddrop | dddrop - Professional FFF 3D Printers - Additive manufacturing\" \/>\n<meta property=\"og:description\" content=\"Unsere Geschichte Im Jahr 2004 erkannte eine Gruppe ehrgeiziger Ingenieure unter der Leitung von Alfred Uytdewilligen das Potenzial des 3D-Drucks und beschloss, die Technologie in ihrer t\u00e4glichen Arbeit einzusetzen. Das Team hatte jahrelang verschiedene Ger\u00e4te verwendet, konnte aber nie das perfekte Gleichgewicht zwischen Qualit\u00e4t und Preis finden. Sie wollten einen industriellen 3D-Drucker, der f\u00fcr den [&hellip;]\" \/>\n<meta property=\"og:url\" content=\"https:\/\/dddrop.com\/de\/ueber-dddrop\/\" \/>\n<meta property=\"og:site_name\" content=\"dddrop - Professional FFF 3D Printers - Additive manufacturing\" \/>\n<meta property=\"article:publisher\" content=\"https:\/\/www.facebook.com\/dddrop.3D.printers\" \/>\n<meta property=\"article:modified_time\" content=\"2024-05-29T08:16:55+00:00\" \/>\n<meta property=\"og:image\" content=\"https:\/\/dddrop.com\/wp-content\/uploads\/DSC02008-scaled-1.jpg\" \/>\n\t<meta property=\"og:image:width\" content=\"2560\" \/>\n\t<meta property=\"og:image:height\" content=\"1461\" \/>\n\t<meta property=\"og:image:type\" content=\"image\/jpeg\" \/>\n<meta name=\"twitter:card\" content=\"summary_large_image\" \/>\n<meta name=\"twitter:label1\" content=\"Gesch\u00e4tzte Lesezeit\" \/>\n\t<meta name=\"twitter:data1\" content=\"4\u00a0Minuten\" \/>\n<script type=\"application\/ld+json\" class=\"yoast-schema-graph\">{\"@context\":\"https:\/\/schema.org\",\"@graph\":[{\"@type\":\"WebPage\",\"@id\":\"https:\/\/dddrop.com\/de\/ueber-dddrop\/\",\"url\":\"https:\/\/dddrop.com\/de\/ueber-dddrop\/\",\"name\":\"\u00dcber dddrop | dddrop - Professional FFF 3D Printers - Additive manufacturing\",\"isPartOf\":{\"@id\":\"https:\/\/dddrop.com\/de\/#website\"},\"primaryImageOfPage\":{\"@id\":\"https:\/\/dddrop.com\/de\/ueber-dddrop\/#primaryimage\"},\"image\":{\"@id\":\"https:\/\/dddrop.com\/de\/ueber-dddrop\/#primaryimage\"},\"thumbnailUrl\":\"https:\/\/dddrop.com\/wp-content\/uploads\/DSC02008-scaled-1.jpg\",\"datePublished\":\"2023-06-01T14:05:05+00:00\",\"dateModified\":\"2024-05-29T08:16:55+00:00\",\"breadcrumb\":{\"@id\":\"https:\/\/dddrop.com\/de\/ueber-dddrop\/#breadcrumb\"},\"inLanguage\":\"de\",\"potentialAction\":[{\"@type\":\"ReadAction\",\"target\":[\"https:\/\/dddrop.com\/de\/ueber-dddrop\/\"]}]},{\"@type\":\"ImageObject\",\"inLanguage\":\"de\",\"@id\":\"https:\/\/dddrop.com\/de\/ueber-dddrop\/#primaryimage\",\"url\":\"https:\/\/dddrop.com\/wp-content\/uploads\/DSC02008-scaled-1.jpg\",\"contentUrl\":\"https:\/\/dddrop.com\/wp-content\/uploads\/DSC02008-scaled-1.jpg\",\"width\":2560,\"height\":1461},{\"@type\":\"BreadcrumbList\",\"@id\":\"https:\/\/dddrop.com\/de\/ueber-dddrop\/#breadcrumb\",\"itemListElement\":[{\"@type\":\"ListItem\",\"position\":1,\"name\":\"Home\",\"item\":\"https:\/\/dddrop.com\/de\/\"},{\"@type\":\"ListItem\",\"position\":2,\"name\":\"\u00dcber dddrop\"}]},{\"@type\":\"WebSite\",\"@id\":\"https:\/\/dddrop.com\/de\/#website\",\"url\":\"https:\/\/dddrop.com\/de\/\",\"name\":\"dddrop | Large format 3D printers\",\"description\":\"dddrop is a professional 3D-printers manufacturer based in The Netherlands. The company specializes in FFF 3D printers for additive manufacturing, dddrop branded filaments, 3D printer parts, and accessories.\",\"publisher\":{\"@id\":\"https:\/\/dddrop.com\/de\/#organization\"},\"potentialAction\":[{\"@type\":\"SearchAction\",\"target\":{\"@type\":\"EntryPoint\",\"urlTemplate\":\"https:\/\/dddrop.com\/de\/?s={search_term_string}\"},\"query-input\":{\"@type\":\"PropertyValueSpecification\",\"valueRequired\":true,\"valueName\":\"search_term_string\"}}],\"inLanguage\":\"de\"},{\"@type\":\"Organization\",\"@id\":\"https:\/\/dddrop.com\/de\/#organization\",\"name\":\"dddrop - Professional FFF 3D Printers - Additive manufacturing\",\"url\":\"https:\/\/dddrop.com\/de\/\",\"logo\":{\"@type\":\"ImageObject\",\"inLanguage\":\"de\",\"@id\":\"https:\/\/dddrop.com\/de\/#\/schema\/logo\/image\/\",\"url\":\"https:\/\/dddrop.com\/wp-content\/uploads\/2020\/05\/dddrop_logo_tekst-png.png\",\"contentUrl\":\"https:\/\/dddrop.com\/wp-content\/uploads\/2020\/05\/dddrop_logo_tekst-png.png\",\"width\":1644,\"height\":313,\"caption\":\"dddrop - Professional FFF 3D Printers - Additive manufacturing\"},\"image\":{\"@id\":\"https:\/\/dddrop.com\/de\/#\/schema\/logo\/image\/\"},\"sameAs\":[\"https:\/\/www.facebook.com\/dddrop.3D.printers\",\"https:\/\/www.linkedin.com\/company\/dddrop-3d-printers\/\"]}]}<\/script>\n<!-- \/ Yoast SEO plugin. -->","yoast_head_json":{"title":"\u00dcber dddrop | dddrop - Professional FFF 3D Printers - Additive manufacturing","robots":{"index":"index","follow":"follow","max-snippet":"max-snippet:-1","max-image-preview":"max-image-preview:large","max-video-preview":"max-video-preview:-1"},"og_locale":"de_DE","og_type":"article","og_title":"\u00dcber dddrop | dddrop - Professional FFF 3D Printers - Additive manufacturing","og_description":"Unsere Geschichte Im Jahr 2004 erkannte eine Gruppe ehrgeiziger Ingenieure unter der Leitung von Alfred Uytdewilligen das Potenzial des 3D-Drucks und beschloss, die Technologie in ihrer t\u00e4glichen Arbeit einzusetzen. Das Team hatte jahrelang verschiedene Ger\u00e4te verwendet, konnte aber nie das perfekte Gleichgewicht zwischen Qualit\u00e4t und Preis finden. Sie wollten einen industriellen 3D-Drucker, der f\u00fcr den [&hellip;]","og_url":"https:\/\/dddrop.com\/de\/ueber-dddrop\/","og_site_name":"dddrop - Professional FFF 3D Printers - Additive manufacturing","article_publisher":"https:\/\/www.facebook.com\/dddrop.3D.printers","article_modified_time":"2024-05-29T08:16:55+00:00","og_image":[{"width":2560,"height":1461,"url":"https:\/\/dddrop.com\/wp-content\/uploads\/DSC02008-scaled-1.jpg","type":"image\/jpeg"}],"twitter_card":"summary_large_image","twitter_misc":{"Gesch\u00e4tzte Lesezeit":"4\u00a0Minuten"},"schema":{"@context":"https:\/\/schema.org","@graph":[{"@type":"WebPage","@id":"https:\/\/dddrop.com\/de\/ueber-dddrop\/","url":"https:\/\/dddrop.com\/de\/ueber-dddrop\/","name":"\u00dcber dddrop | dddrop - Professional FFF 3D Printers - Additive manufacturing","isPartOf":{"@id":"https:\/\/dddrop.com\/de\/#website"},"primaryImageOfPage":{"@id":"https:\/\/dddrop.com\/de\/ueber-dddrop\/#primaryimage"},"image":{"@id":"https:\/\/dddrop.com\/de\/ueber-dddrop\/#primaryimage"},"thumbnailUrl":"https:\/\/dddrop.com\/wp-content\/uploads\/DSC02008-scaled-1.jpg","datePublished":"2023-06-01T14:05:05+00:00","dateModified":"2024-05-29T08:16:55+00:00","breadcrumb":{"@id":"https:\/\/dddrop.com\/de\/ueber-dddrop\/#breadcrumb"},"inLanguage":"de","potentialAction":[{"@type":"ReadAction","target":["https:\/\/dddrop.com\/de\/ueber-dddrop\/"]}]},{"@type":"ImageObject","inLanguage":"de","@id":"https:\/\/dddrop.com\/de\/ueber-dddrop\/#primaryimage","url":"https:\/\/dddrop.com\/wp-content\/uploads\/DSC02008-scaled-1.jpg","contentUrl":"https:\/\/dddrop.com\/wp-content\/uploads\/DSC02008-scaled-1.jpg","width":2560,"height":1461},{"@type":"BreadcrumbList","@id":"https:\/\/dddrop.com\/de\/ueber-dddrop\/#breadcrumb","itemListElement":[{"@type":"ListItem","position":1,"name":"Home","item":"https:\/\/dddrop.com\/de\/"},{"@type":"ListItem","position":2,"name":"\u00dcber dddrop"}]},{"@type":"WebSite","@id":"https:\/\/dddrop.com\/de\/#website","url":"https:\/\/dddrop.com\/de\/","name":"dddrop | Large format 3D printers","description":"dddrop is a professional 3D-printers manufacturer based in The Netherlands. The company specializes in FFF 3D printers for additive manufacturing, dddrop branded filaments, 3D printer parts, and accessories.","publisher":{"@id":"https:\/\/dddrop.com\/de\/#organization"},"potentialAction":[{"@type":"SearchAction","target":{"@type":"EntryPoint","urlTemplate":"https:\/\/dddrop.com\/de\/?s={search_term_string}"},"query-input":{"@type":"PropertyValueSpecification","valueRequired":true,"valueName":"search_term_string"}}],"inLanguage":"de"},{"@type":"Organization","@id":"https:\/\/dddrop.com\/de\/#organization","name":"dddrop - Professional FFF 3D Printers - Additive manufacturing","url":"https:\/\/dddrop.com\/de\/","logo":{"@type":"ImageObject","inLanguage":"de","@id":"https:\/\/dddrop.com\/de\/#\/schema\/logo\/image\/","url":"https:\/\/dddrop.com\/wp-content\/uploads\/2020\/05\/dddrop_logo_tekst-png.png","contentUrl":"https:\/\/dddrop.com\/wp-content\/uploads\/2020\/05\/dddrop_logo_tekst-png.png","width":1644,"height":313,"caption":"dddrop - Professional FFF 3D Printers - Additive manufacturing"},"image":{"@id":"https:\/\/dddrop.com\/de\/#\/schema\/logo\/image\/"},"sameAs":["https:\/\/www.facebook.com\/dddrop.3D.printers","https:\/\/www.linkedin.com\/company\/dddrop-3d-printers\/"]}]}},"_links":{"self":[{"href":"https:\/\/dddrop.com\/de\/wp-json\/wp\/v2\/pages\/30054","targetHints":{"allow":["GET"]}}],"collection":[{"href":"https:\/\/dddrop.com\/de\/wp-json\/wp\/v2\/pages"}],"about":[{"href":"https:\/\/dddrop.com\/de\/wp-json\/wp\/v2\/types\/page"}],"author":[{"embeddable":true,"href":"https:\/\/dddrop.com\/de\/wp-json\/wp\/v2\/users\/1"}],"replies":[{"embeddable":true,"href":"https:\/\/dddrop.com\/de\/wp-json\/wp\/v2\/comments?post=30054"}],"version-history":[{"count":3,"href":"https:\/\/dddrop.com\/de\/wp-json\/wp\/v2\/pages\/30054\/revisions"}],"predecessor-version":[{"id":30059,"href":"https:\/\/dddrop.com\/de\/wp-json\/wp\/v2\/pages\/30054\/revisions\/30059"}],"wp:featuredmedia":[{"embeddable":true,"href":"https:\/\/dddrop.com\/de\/wp-json\/wp\/v2\/media\/30055"}],"wp:attachment":[{"href":"https:\/\/dddrop.com\/de\/wp-json\/wp\/v2\/media?parent=30054"}],"wp:term":[{"taxonomy":"category","embeddable":true,"href":"https:\/\/dddrop.com\/de\/wp-json\/wp\/v2\/categories?post=30054"},{"taxonomy":"post_tag","embeddable":true,"href":"https:\/\/dddrop.com\/de\/wp-json\/wp\/v2\/tags?post=30054"}],"curies":[{"name":"wp","href":"https:\/\/api.w.org\/{rel}","templated":true}]}}