{"id":30050,"date":"2023-06-01T09:39:43","date_gmt":"2023-06-01T09:39:43","guid":{"rendered":"https:\/\/dddrop.com\/anwendungen\/serienproduktion-mit-3d-druck\/"},"modified":"2024-05-29T08:04:33","modified_gmt":"2024-05-29T08:04:33","slug":"serienproduktion-mit-3d-druck","status":"publish","type":"page","link":"https:\/\/dddrop.com\/de\/anwendungen\/serienproduktion-mit-3d-druck\/","title":{"rendered":"Serienproduktion mit 3D-Druck"},"content":{"rendered":"<p>[et_pb_section fb_built=&#8220;1&#8243; _builder_version=&#8220;4.21.0&#8243; background_color=&#8220;#FFFFFF&#8220; global_colors_info=&#8220;{}&#8220; theme_builder_area=&#8220;post_content&#8220;][et_pb_row column_structure=&#8220;1_2,1_2&#8243; _builder_version=&#8220;4.16&#8243; custom_padding=&#8220;0px|||||&#8220; global_colors_info=&#8220;{}&#8220; theme_builder_area=&#8220;post_content&#8220;][et_pb_column type=&#8220;1_2&#8243; _builder_version=&#8220;4.16&#8243; global_colors_info=&#8220;{}&#8220; theme_builder_area=&#8220;post_content&#8220;][et_pb_text _builder_version=&#8220;4.21.0&#8243; text_font=&#8220;|700||on|||||&#8220; text_letter_spacing=&#8220;1px&#8220; text_line_height=&#8220;3em&#8220; header_font=&#8220;|||on|||||&#8220; header_2_font=&#8220;||||||||&#8220; header_2_text_color=&#8220;#000000&#8243; header_2_font_size=&#8220;40px&#8220; custom_padding=&#8220;|||0px|false|false&#8220; text_font_size_tablet=&#8220;30px&#8220; text_font_size_phone=&#8220;&#8220; text_font_size_last_edited=&#8220;on|phone&#8220; text_line_height_tablet=&#8220;1.8em&#8220; text_line_height_phone=&#8220;&#8220; text_line_height_last_edited=&#8220;on|tablet&#8220; global_colors_info=&#8220;{}&#8220; theme_builder_area=&#8220;post_content&#8220;]<\/p>\n<h2 style=\u201etext-align: left;\u201c>Kann der 3D-Druck f\u00fcr die Produktion verwendet werden?<\/h2>\n<p>[\/et_pb_text][et_pb_text _builder_version=&#8220;4.21.0&#8243; _module_preset=&#8220;default&#8220; global_colors_info=&#8220;{}&#8220; theme_builder_area=&#8220;post_content&#8220;]Die Technologie des 3D-Drucks hat einen Entwicklungs- und Innovationssprung vollzogen und sich als f\u00fchrendes Verfahren f\u00fcr die individuelle Produktion und Fertigung erwiesen. In der Vergangenheit war der Markt nicht davon \u00fcberzeugt, dass der 3D-Druck aufgrund seiner Zuverl\u00e4ssigkeit, Geschwindigkeit und Vorbereitung ein geeignetes Produktionsverfahren sein k\u00f6nnte. Das hat sich jetzt ge\u00e4ndert.[\/et_pb_text][et_pb_button button_url=&#8220;@ET-DC@eyJkeW5hbWljIjp0cnVlLCJjb250ZW50IjoicG9zdF9saW5rX3VybF9wYWdlIiwic2V0dGluZ3MiOnsicG9zdF9pZCI6Ijc0NCJ9fQ==@&#8220; url_new_window=&#8220;on&#8220; button_text=&#8220;Kontakt&#8220; _builder_version=&#8220;4.21.0&#8243; _dynamic_attributes=&#8220;button_url&#8220; custom_button=&#8220;on&#8220; button_text_color=&#8220;#ffffff&#8220; custom_margin=&#8220;30px||30px||false|false&#8220; custom_margin_tablet=&#8220;&#8220; custom_margin_phone=&#8220;&#8220; custom_margin_last_edited=&#8220;on|phone&#8220; custom_padding=&#8220;0.5rem|4rem|0.5rem|4rem|false|false&#8220; button_text_size_tablet=&#8220;&#8220; button_text_size_phone=&#8220;15px&#8220; button_text_size_last_edited=&#8220;on|phone&#8220; global_colors_info=&#8220;{}&#8220; theme_builder_area=&#8220;post_content&#8220;][\/et_pb_button][\/et_pb_column][et_pb_column type=&#8220;1_2&#8243; _builder_version=&#8220;4.16&#8243; global_colors_info=&#8220;{}&#8220; theme_builder_area=&#8220;post_content&#8220;][et_pb_image src=&#8220;https:\/\/dddrop.com\/wp-content\/uploads\/dddrop-Producation-Preperation.jpg&#8220; title_text=&#8220;dddrop-Producation-Preperation&#8220; align=&#8220;center&#8220; _builder_version=&#8220;4.21.0&#8243; width=&#8220;100%&#8220; max_width=&#8220;100%&#8220; border_radii=&#8220;on|5px|5px|5px|5px&#8220; border_color_all=&#8220;#a8b3c1&#8243; global_colors_info=&#8220;{}&#8220; theme_builder_area=&#8220;post_content&#8220;][\/et_pb_image][\/et_pb_column][\/et_pb_row][\/et_pb_section][et_pb_section fb_built=&#8220;1&#8243; _builder_version=&#8220;4.21.0&#8243; background_color=&#8220;#F9F9F9&#8243; global_colors_info=&#8220;{}&#8220; theme_builder_area=&#8220;post_content&#8220;][et_pb_row _builder_version=&#8220;4.16&#8243; global_colors_info=&#8220;{}&#8220; theme_builder_area=&#8220;post_content&#8220;][et_pb_column type=&#8220;4_4&#8243; _builder_version=&#8220;4.16&#8243; global_colors_info=&#8220;{}&#8220; theme_builder_area=&#8220;post_content&#8220;][et_pb_text _builder_version=&#8220;4.21.0&#8243; text_font=&#8220;|700|||||||&#8220; text_text_color=&#8220;#E02B20&#8243; text_font_size=&#8220;40px&#8220; text_letter_spacing=&#8220;1px&#8220; text_line_height=&#8220;3em&#8220; header_font=&#8220;||||||||&#8220; header_text_color=&#8220;#E02B20&#8243; custom_padding=&#8220;|||0px|false|false&#8220; text_font_size_tablet=&#8220;30px&#8220; text_font_size_phone=&#8220;&#8220; text_font_size_last_edited=&#8220;on|phone&#8220; text_line_height_tablet=&#8220;1.8em&#8220; text_line_height_phone=&#8220;&#8220; text_line_height_last_edited=&#8220;on|tablet&#8220; global_colors_info=&#8220;{}&#8220; theme_builder_area=&#8220;post_content&#8220;]<\/p>\n<p style=\u201etext-align: center;\u201c>Warum 3D-Druck?<\/p>\n<p>[\/et_pb_text][\/et_pb_column][\/et_pb_row][et_pb_row column_structure=&#8220;1_2,1_2&#8243; _builder_version=&#8220;4.21.0&#8243; global_colors_info=&#8220;{}&#8220; transform_styles__hover_enabled=&#8220;on|hover&#8220; transform_scale__hover_enabled=&#8220;on|hover&#8220; transform_translate__hover_enabled=&#8220;on|desktop&#8220; transform_rotate__hover_enabled=&#8220;on|desktop&#8220; transform_skew__hover_enabled=&#8220;on|desktop&#8220; transform_origin__hover_enabled=&#8220;on|desktop&#8220; theme_builder_area=&#8220;post_content&#8220;][et_pb_column type=&#8220;1_2&#8243; _builder_version=&#8220;4.16&#8243; global_colors_info=&#8220;{}&#8220; theme_builder_area=&#8220;post_content&#8220;][et_pb_text _builder_version=&#8220;4.21.0&#8243; text_font=&#8220;|600|||||||&#8220; text_text_color=&#8220;#ffffff&#8220; text_font_size=&#8220;25px&#8220; header_text_align=&#8220;left&#8220; header_text_color=&#8220;#000000&#8243; header_3_font=&#8220;||||||||&#8220; header_3_text_color=&#8220;#000000&#8243; header_3_font_size=&#8220;30px&#8220; text_orientation=&#8220;center&#8220; min_height=&#8220;30px&#8220; custom_margin=&#8220;40px||20px||false|false&#8220; custom_padding=&#8220;0px|20px|5px|20px|false|true&#8220; global_colors_info=&#8220;{}&#8220; theme_builder_area=&#8220;post_content&#8220;]<\/p>\n<h3 style=\u201etext-align: left;\u201c>Zuverl\u00e4ssigkeit<\/h3>\n<p>[\/et_pb_text][et_pb_text _builder_version=&#8220;4.21.0&#8243; _module_preset=&#8220;default&#8220; custom_padding=&#8220;|||20px|false|false&#8220; global_colors_info=&#8220;{}&#8220; theme_builder_area=&#8220;post_content&#8220;]<\/p>\n<p>Die Aufgabe des dddrop RAPID ONE ist es, \u00fcber lange Zeitr\u00e4ume hinweg pr\u00e4zise Modelle mit geringen bis gar keinen Schwankungen zu drucken. 3D-Druck ist nicht l\u00e4nger ein Hobby f\u00fcr Ingenieure und Enthusiasten. Er ist jetzt ein Produktionswerkzeug, auf das sich Unternehmen und Hersteller verlassen k\u00f6nnen.<\/p>\n<p>[\/et_pb_text][\/et_pb_column][et_pb_column type=&#8220;1_2&#8243; _builder_version=&#8220;4.16&#8243; global_colors_info=&#8220;{}&#8220; theme_builder_area=&#8220;post_content&#8220;][et_pb_image src=&#8220;https:\/\/dddrop.com\/wp-content\/uploads\/dddrop-Producation-Reliability.jpg&#8220; title_text=&#8220;dddrop Producation &#8211; Reliability&#8220; _builder_version=&#8220;4.21.0&#8243; custom_padding=&#8220;|20px||20px|false|true&#8220; border_radii=&#8220;on|5px|5px|5px|5px&#8220; border_color_all=&#8220;#a8b3c1&#8243; global_colors_info=&#8220;{}&#8220; transform_styles__hover_enabled=&#8220;on|hover&#8220; transform_scale__hover_enabled=&#8220;on|hover&#8220; transform_translate__hover_enabled=&#8220;on|desktop&#8220; transform_rotate__hover_enabled=&#8220;on|desktop&#8220; transform_skew__hover_enabled=&#8220;on|desktop&#8220; transform_origin__hover_enabled=&#8220;on|desktop&#8220; theme_builder_area=&#8220;post_content&#8220;][\/et_pb_image][\/et_pb_column][\/et_pb_row][et_pb_row column_structure=&#8220;1_2,1_2&#8243; _builder_version=&#8220;4.21.0&#8243; global_colors_info=&#8220;{}&#8220; transform_styles__hover_enabled=&#8220;on|hover&#8220; transform_scale__hover_enabled=&#8220;on|hover&#8220; transform_translate__hover_enabled=&#8220;on|desktop&#8220; transform_rotate__hover_enabled=&#8220;on|desktop&#8220; transform_skew__hover_enabled=&#8220;on|desktop&#8220; transform_origin__hover_enabled=&#8220;on|desktop&#8220; theme_builder_area=&#8220;post_content&#8220;][et_pb_column type=&#8220;1_2&#8243; _builder_version=&#8220;4.16&#8243; global_colors_info=&#8220;{}&#8220; theme_builder_area=&#8220;post_content&#8220;][et_pb_image src=&#8220;https:\/\/dddrop.com\/wp-content\/uploads\/Production-Speed.jpeg&#8220; title_text=&#8220;Production &#8211; Speed&#8220; _builder_version=&#8220;4.21.0&#8243; custom_padding=&#8220;|20px||20px|false|true&#8220; border_radii=&#8220;on|5px|5px|5px|5px&#8220; border_color_all=&#8220;#a8b3c1&#8243; global_colors_info=&#8220;{}&#8220; transform_styles__hover_enabled=&#8220;off|desktop&#8220; transform_scale__hover_enabled=&#8220;off|desktop&#8220; transform_translate__hover_enabled=&#8220;off|desktop&#8220; transform_rotate__hover_enabled=&#8220;off|desktop&#8220; transform_skew__hover_enabled=&#8220;off|desktop&#8220; transform_origin__hover_enabled=&#8220;off|desktop&#8220; transform_scale__hover=&#8220;125%|125%&#8220; theme_builder_area=&#8220;post_content&#8220;][\/et_pb_image][\/et_pb_column][et_pb_column type=&#8220;1_2&#8243; _builder_version=&#8220;4.16&#8243; global_colors_info=&#8220;{}&#8220; theme_builder_area=&#8220;post_content&#8220;][et_pb_text _builder_version=&#8220;4.21.0&#8243; text_font=&#8220;|600|||||||&#8220; text_text_color=&#8220;#ffffff&#8220; text_font_size=&#8220;25px&#8220; header_text_align=&#8220;left&#8220; header_3_font=&#8220;||||||||&#8220; header_3_text_color=&#8220;#000000&#8243; header_3_font_size=&#8220;30px&#8220; text_orientation=&#8220;center&#8220; min_height=&#8220;30px&#8220; custom_margin=&#8220;40px||20px||false|false&#8220; custom_padding=&#8220;0px|20px|5px|20px|false|true&#8220; global_colors_info=&#8220;{}&#8220; theme_builder_area=&#8220;post_content&#8220;]<\/p>\n<h3 style=\u201etext-align: left;\u201c>Geschwindigkeit<\/h3>\n<p>[\/et_pb_text][et_pb_text _builder_version=&#8220;4.21.0&#8243; _module_preset=&#8220;default&#8220; custom_padding=&#8220;|||20px|false|false&#8220; global_colors_info=&#8220;{}&#8220; theme_builder_area=&#8220;post_content&#8220;]<\/p>\n<p>Produktion bedeutet Termintreue, und Termine erfordern Schnelligkeit. Neue Technologien erm\u00f6glichen eine schnellere Bewegung des Druckkopfs und ein gr\u00f6\u00dferes Extrusionsvolumen. Dadurch kann die Maschine gro\u00dfe Mengen an Material auftragen und mit einer f\u00fcr Produktions- und Fertigungsanwendungen geeigneten Geschwindigkeit produzieren.<\/p>\n<p>>[\/et_pb_text][\/et_pb_column][\/et_pb_row][et_pb_row column_structure=&#8220;1_2,1_2&#8243; _builder_version=&#8220;4.21.0&#8243; global_colors_info=&#8220;{}&#8220; transform_styles__hover_enabled=&#8220;on|hover&#8220; transform_scale__hover_enabled=&#8220;on|hover&#8220; transform_translate__hover_enabled=&#8220;on|desktop&#8220; transform_rotate__hover_enabled=&#8220;on|desktop&#8220; transform_skew__hover_enabled=&#8220;on|desktop&#8220; transform_origin__hover_enabled=&#8220;on|desktop&#8220; theme_builder_area=&#8220;post_content&#8220;][et_pb_column type=&#8220;1_2&#8243; _builder_version=&#8220;4.16&#8243; global_colors_info=&#8220;{}&#8220; theme_builder_area=&#8220;post_content&#8220;][et_pb_text _builder_version=&#8220;4.21.0&#8243; text_font=&#8220;|600|||||||&#8220; text_text_color=&#8220;#ffffff&#8220; text_font_size=&#8220;25px&#8220; header_text_align=&#8220;left&#8220; header_3_font=&#8220;||||||||&#8220; header_3_text_color=&#8220;#000000&#8243; header_3_font_size=&#8220;30px&#8220; text_orientation=&#8220;center&#8220; min_height=&#8220;30px&#8220; custom_margin=&#8220;40px||20px||false|false&#8220; custom_padding=&#8220;0px|20px|5px|20px|false|true&#8220; global_colors_info=&#8220;{}&#8220; theme_builder_area=&#8220;post_content&#8220;]<\/p>\n<h3 style=\u201etext-align: left;\u201c>Vorbereitung<\/h3>\n<p>[\/et_pb_text][et_pb_text _builder_version=&#8220;4.21.0&#8243; _module_preset=&#8220;default&#8220; custom_padding=&#8220;|||20px|false|false&#8220; global_colors_info=&#8220;{}&#8220; theme_builder_area=&#8220;post_content&#8220;]<\/p>\n<p>Beim Einsatz des 3D-Drucks \u00fcberpr\u00fcfen Hersteller die Vorbereitungszeit und den Aufwand, um Engp\u00e4sse in der Produktion zu analysieren. Integrierte Filamenttrockner, austauschbare Glasplatten und Schnellwechsel-Druckk\u00f6pfe erm\u00f6glichen einen schnellen Austausch der Ausr\u00fcstung zur Vorbereitung der Produktion.<\/p>\n<p>[\/et_pb_text][\/et_pb_column][et_pb_column type=&#8220;1_2&#8243; _builder_version=&#8220;4.16&#8243; global_colors_info=&#8220;{}&#8220; theme_builder_area=&#8220;post_content&#8220;][et_pb_image src=&#8220;https:\/\/dddrop.com\/wp-content\/uploads\/dddrop-Producation-Preperation.jpg&#8220; title_text=&#8220;dddrop Producation &#8211; Preperation&#8220; _builder_version=&#8220;4.21.0&#8243; custom_padding=&#8220;|20px||20px|false|true&#8220; border_radii=&#8220;on|5px|5px|5px|5px&#8220; border_color_all=&#8220;#a8b3c1&#8243; global_colors_info=&#8220;{}&#8220; transform_styles__hover_enabled=&#8220;off|desktop&#8220; transform_scale__hover_enabled=&#8220;off|desktop&#8220; transform_translate__hover_enabled=&#8220;off|desktop&#8220; transform_rotate__hover_enabled=&#8220;off|desktop&#8220; transform_skew__hover_enabled=&#8220;off|desktop&#8220; transform_origin__hover_enabled=&#8220;off|desktop&#8220; transform_scale__hover=&#8220;125%|125%&#8220; theme_builder_area=&#8220;post_content&#8220;][\/et_pb_image][\/et_pb_column][\/et_pb_row][\/et_pb_section]<\/p>\n","protected":false},"excerpt":{"rendered":"<p>Kann der 3D-Druck f\u00fcr die Produktion verwendet werden?Die Technologie des 3D-Drucks hat einen Entwicklungs- und Innovationssprung vollzogen und sich als f\u00fchrendes Verfahren f\u00fcr die individuelle Produktion und Fertigung erwiesen. In der Vergangenheit war der Markt nicht davon \u00fcberzeugt, dass der 3D-Druck aufgrund seiner Zuverl\u00e4ssigkeit, Geschwindigkeit und Vorbereitung ein geeignetes Produktionsverfahren sein k\u00f6nnte. Das hat sich [&hellip;]<\/p>\n","protected":false},"author":1,"featured_media":30051,"parent":30026,"menu_order":0,"comment_status":"closed","ping_status":"closed","template":"","meta":{"_acf_changed":false,"_et_pb_use_builder":"on","_et_pb_old_content":"","_et_gb_content_width":"","content-type":"","footnotes":""},"categories":[],"tags":[],"class_list":["post-30050","page","type-page","status-publish","has-post-thumbnail","hentry"],"acf":[],"yoast_head":"<!-- This site is optimized with the Yoast SEO plugin v24.0 - https:\/\/yoast.com\/wordpress\/plugins\/seo\/ -->\n<title>Serienproduktion mit 3D-Druck | dddrop - Professional FFF 3D Printers - Additive manufacturing<\/title>\n<meta name=\"robots\" content=\"index, follow, max-snippet:-1, max-image-preview:large, max-video-preview:-1\" \/>\n<meta property=\"og:locale\" content=\"de_DE\" \/>\n<meta property=\"og:type\" content=\"article\" \/>\n<meta property=\"og:title\" content=\"Serienproduktion mit 3D-Druck | dddrop - Professional FFF 3D Printers - Additive manufacturing\" \/>\n<meta property=\"og:description\" content=\"Kann der 3D-Druck f\u00fcr die Produktion verwendet werden?Die Technologie des 3D-Drucks hat einen Entwicklungs- und Innovationssprung vollzogen und sich als f\u00fchrendes Verfahren f\u00fcr die individuelle Produktion und Fertigung erwiesen. In der Vergangenheit war der Markt nicht davon \u00fcberzeugt, dass der 3D-Druck aufgrund seiner Zuverl\u00e4ssigkeit, Geschwindigkeit und Vorbereitung ein geeignetes Produktionsverfahren sein k\u00f6nnte. Das hat sich [&hellip;]\" \/>\n<meta property=\"og:url\" content=\"https:\/\/dddrop.com\/de\/anwendungen\/serienproduktion-mit-3d-druck\/\" \/>\n<meta property=\"og:site_name\" content=\"dddrop - Professional FFF 3D Printers - Additive manufacturing\" \/>\n<meta property=\"article:publisher\" content=\"https:\/\/www.facebook.com\/dddrop.3D.printers\" \/>\n<meta property=\"article:modified_time\" content=\"2024-05-29T08:04:33+00:00\" \/>\n<meta property=\"og:image\" content=\"https:\/\/dddrop.com\/wp-content\/uploads\/end-products-efficiancy2.jpg\" \/>\n\t<meta property=\"og:image:width\" content=\"500\" \/>\n\t<meta property=\"og:image:height\" content=\"281\" \/>\n\t<meta property=\"og:image:type\" content=\"image\/jpeg\" \/>\n<meta name=\"twitter:card\" content=\"summary_large_image\" \/>\n<meta name=\"twitter:label1\" content=\"Gesch\u00e4tzte Lesezeit\" \/>\n\t<meta name=\"twitter:data1\" content=\"7\u00a0Minuten\" \/>\n<script type=\"application\/ld+json\" class=\"yoast-schema-graph\">{\"@context\":\"https:\/\/schema.org\",\"@graph\":[{\"@type\":\"WebPage\",\"@id\":\"https:\/\/dddrop.com\/de\/anwendungen\/serienproduktion-mit-3d-druck\/\",\"url\":\"https:\/\/dddrop.com\/de\/anwendungen\/serienproduktion-mit-3d-druck\/\",\"name\":\"Serienproduktion mit 3D-Druck | dddrop - Professional FFF 3D Printers - Additive manufacturing\",\"isPartOf\":{\"@id\":\"https:\/\/dddrop.com\/de\/#website\"},\"primaryImageOfPage\":{\"@id\":\"https:\/\/dddrop.com\/de\/anwendungen\/serienproduktion-mit-3d-druck\/#primaryimage\"},\"image\":{\"@id\":\"https:\/\/dddrop.com\/de\/anwendungen\/serienproduktion-mit-3d-druck\/#primaryimage\"},\"thumbnailUrl\":\"https:\/\/dddrop.com\/wp-content\/uploads\/end-products-efficiancy2.jpg\",\"datePublished\":\"2023-06-01T09:39:43+00:00\",\"dateModified\":\"2024-05-29T08:04:33+00:00\",\"breadcrumb\":{\"@id\":\"https:\/\/dddrop.com\/de\/anwendungen\/serienproduktion-mit-3d-druck\/#breadcrumb\"},\"inLanguage\":\"de\",\"potentialAction\":[{\"@type\":\"ReadAction\",\"target\":[\"https:\/\/dddrop.com\/de\/anwendungen\/serienproduktion-mit-3d-druck\/\"]}]},{\"@type\":\"ImageObject\",\"inLanguage\":\"de\",\"@id\":\"https:\/\/dddrop.com\/de\/anwendungen\/serienproduktion-mit-3d-druck\/#primaryimage\",\"url\":\"https:\/\/dddrop.com\/wp-content\/uploads\/end-products-efficiancy2.jpg\",\"contentUrl\":\"https:\/\/dddrop.com\/wp-content\/uploads\/end-products-efficiancy2.jpg\",\"width\":500,\"height\":281},{\"@type\":\"BreadcrumbList\",\"@id\":\"https:\/\/dddrop.com\/de\/anwendungen\/serienproduktion-mit-3d-druck\/#breadcrumb\",\"itemListElement\":[{\"@type\":\"ListItem\",\"position\":1,\"name\":\"Home\",\"item\":\"https:\/\/dddrop.com\/de\/\"},{\"@type\":\"ListItem\",\"position\":2,\"name\":\"Anwendungen\",\"item\":\"https:\/\/dddrop.com\/de\/applications\/\"},{\"@type\":\"ListItem\",\"position\":3,\"name\":\"Serienproduktion mit 3D-Druck\"}]},{\"@type\":\"WebSite\",\"@id\":\"https:\/\/dddrop.com\/de\/#website\",\"url\":\"https:\/\/dddrop.com\/de\/\",\"name\":\"dddrop | Large format 3D printers\",\"description\":\"dddrop is a professional 3D-printers manufacturer based in The Netherlands. The company specializes in FFF 3D printers for additive manufacturing, dddrop branded filaments, 3D printer parts, and accessories.\",\"publisher\":{\"@id\":\"https:\/\/dddrop.com\/de\/#organization\"},\"potentialAction\":[{\"@type\":\"SearchAction\",\"target\":{\"@type\":\"EntryPoint\",\"urlTemplate\":\"https:\/\/dddrop.com\/de\/?s={search_term_string}\"},\"query-input\":{\"@type\":\"PropertyValueSpecification\",\"valueRequired\":true,\"valueName\":\"search_term_string\"}}],\"inLanguage\":\"de\"},{\"@type\":\"Organization\",\"@id\":\"https:\/\/dddrop.com\/de\/#organization\",\"name\":\"dddrop - Professional FFF 3D Printers - Additive manufacturing\",\"url\":\"https:\/\/dddrop.com\/de\/\",\"logo\":{\"@type\":\"ImageObject\",\"inLanguage\":\"de\",\"@id\":\"https:\/\/dddrop.com\/de\/#\/schema\/logo\/image\/\",\"url\":\"https:\/\/dddrop.com\/wp-content\/uploads\/2020\/05\/dddrop_logo_tekst-png.png\",\"contentUrl\":\"https:\/\/dddrop.com\/wp-content\/uploads\/2020\/05\/dddrop_logo_tekst-png.png\",\"width\":1644,\"height\":313,\"caption\":\"dddrop - Professional FFF 3D Printers - Additive manufacturing\"},\"image\":{\"@id\":\"https:\/\/dddrop.com\/de\/#\/schema\/logo\/image\/\"},\"sameAs\":[\"https:\/\/www.facebook.com\/dddrop.3D.printers\",\"https:\/\/www.linkedin.com\/company\/dddrop-3d-printers\/\"]}]}<\/script>\n<!-- \/ Yoast SEO plugin. -->","yoast_head_json":{"title":"Serienproduktion mit 3D-Druck | dddrop - Professional FFF 3D Printers - Additive manufacturing","robots":{"index":"index","follow":"follow","max-snippet":"max-snippet:-1","max-image-preview":"max-image-preview:large","max-video-preview":"max-video-preview:-1"},"og_locale":"de_DE","og_type":"article","og_title":"Serienproduktion mit 3D-Druck | dddrop - Professional FFF 3D Printers - Additive manufacturing","og_description":"Kann der 3D-Druck f\u00fcr die Produktion verwendet werden?Die Technologie des 3D-Drucks hat einen Entwicklungs- und Innovationssprung vollzogen und sich als f\u00fchrendes Verfahren f\u00fcr die individuelle Produktion und Fertigung erwiesen. In der Vergangenheit war der Markt nicht davon \u00fcberzeugt, dass der 3D-Druck aufgrund seiner Zuverl\u00e4ssigkeit, Geschwindigkeit und Vorbereitung ein geeignetes Produktionsverfahren sein k\u00f6nnte. Das hat sich [&hellip;]","og_url":"https:\/\/dddrop.com\/de\/anwendungen\/serienproduktion-mit-3d-druck\/","og_site_name":"dddrop - Professional FFF 3D Printers - Additive manufacturing","article_publisher":"https:\/\/www.facebook.com\/dddrop.3D.printers","article_modified_time":"2024-05-29T08:04:33+00:00","og_image":[{"width":500,"height":281,"url":"https:\/\/dddrop.com\/wp-content\/uploads\/end-products-efficiancy2.jpg","type":"image\/jpeg"}],"twitter_card":"summary_large_image","twitter_misc":{"Gesch\u00e4tzte Lesezeit":"7\u00a0Minuten"},"schema":{"@context":"https:\/\/schema.org","@graph":[{"@type":"WebPage","@id":"https:\/\/dddrop.com\/de\/anwendungen\/serienproduktion-mit-3d-druck\/","url":"https:\/\/dddrop.com\/de\/anwendungen\/serienproduktion-mit-3d-druck\/","name":"Serienproduktion mit 3D-Druck | dddrop - Professional FFF 3D Printers - Additive manufacturing","isPartOf":{"@id":"https:\/\/dddrop.com\/de\/#website"},"primaryImageOfPage":{"@id":"https:\/\/dddrop.com\/de\/anwendungen\/serienproduktion-mit-3d-druck\/#primaryimage"},"image":{"@id":"https:\/\/dddrop.com\/de\/anwendungen\/serienproduktion-mit-3d-druck\/#primaryimage"},"thumbnailUrl":"https:\/\/dddrop.com\/wp-content\/uploads\/end-products-efficiancy2.jpg","datePublished":"2023-06-01T09:39:43+00:00","dateModified":"2024-05-29T08:04:33+00:00","breadcrumb":{"@id":"https:\/\/dddrop.com\/de\/anwendungen\/serienproduktion-mit-3d-druck\/#breadcrumb"},"inLanguage":"de","potentialAction":[{"@type":"ReadAction","target":["https:\/\/dddrop.com\/de\/anwendungen\/serienproduktion-mit-3d-druck\/"]}]},{"@type":"ImageObject","inLanguage":"de","@id":"https:\/\/dddrop.com\/de\/anwendungen\/serienproduktion-mit-3d-druck\/#primaryimage","url":"https:\/\/dddrop.com\/wp-content\/uploads\/end-products-efficiancy2.jpg","contentUrl":"https:\/\/dddrop.com\/wp-content\/uploads\/end-products-efficiancy2.jpg","width":500,"height":281},{"@type":"BreadcrumbList","@id":"https:\/\/dddrop.com\/de\/anwendungen\/serienproduktion-mit-3d-druck\/#breadcrumb","itemListElement":[{"@type":"ListItem","position":1,"name":"Home","item":"https:\/\/dddrop.com\/de\/"},{"@type":"ListItem","position":2,"name":"Anwendungen","item":"https:\/\/dddrop.com\/de\/applications\/"},{"@type":"ListItem","position":3,"name":"Serienproduktion mit 3D-Druck"}]},{"@type":"WebSite","@id":"https:\/\/dddrop.com\/de\/#website","url":"https:\/\/dddrop.com\/de\/","name":"dddrop | Large format 3D printers","description":"dddrop is a professional 3D-printers manufacturer based in The Netherlands. The company specializes in FFF 3D printers for additive manufacturing, dddrop branded filaments, 3D printer parts, and accessories.","publisher":{"@id":"https:\/\/dddrop.com\/de\/#organization"},"potentialAction":[{"@type":"SearchAction","target":{"@type":"EntryPoint","urlTemplate":"https:\/\/dddrop.com\/de\/?s={search_term_string}"},"query-input":{"@type":"PropertyValueSpecification","valueRequired":true,"valueName":"search_term_string"}}],"inLanguage":"de"},{"@type":"Organization","@id":"https:\/\/dddrop.com\/de\/#organization","name":"dddrop - Professional FFF 3D Printers - Additive manufacturing","url":"https:\/\/dddrop.com\/de\/","logo":{"@type":"ImageObject","inLanguage":"de","@id":"https:\/\/dddrop.com\/de\/#\/schema\/logo\/image\/","url":"https:\/\/dddrop.com\/wp-content\/uploads\/2020\/05\/dddrop_logo_tekst-png.png","contentUrl":"https:\/\/dddrop.com\/wp-content\/uploads\/2020\/05\/dddrop_logo_tekst-png.png","width":1644,"height":313,"caption":"dddrop - Professional FFF 3D Printers - Additive manufacturing"},"image":{"@id":"https:\/\/dddrop.com\/de\/#\/schema\/logo\/image\/"},"sameAs":["https:\/\/www.facebook.com\/dddrop.3D.printers","https:\/\/www.linkedin.com\/company\/dddrop-3d-printers\/"]}]}},"_links":{"self":[{"href":"https:\/\/dddrop.com\/de\/wp-json\/wp\/v2\/pages\/30050","targetHints":{"allow":["GET"]}}],"collection":[{"href":"https:\/\/dddrop.com\/de\/wp-json\/wp\/v2\/pages"}],"about":[{"href":"https:\/\/dddrop.com\/de\/wp-json\/wp\/v2\/types\/page"}],"author":[{"embeddable":true,"href":"https:\/\/dddrop.com\/de\/wp-json\/wp\/v2\/users\/1"}],"replies":[{"embeddable":true,"href":"https:\/\/dddrop.com\/de\/wp-json\/wp\/v2\/comments?post=30050"}],"version-history":[{"count":2,"href":"https:\/\/dddrop.com\/de\/wp-json\/wp\/v2\/pages\/30050\/revisions"}],"predecessor-version":[{"id":30053,"href":"https:\/\/dddrop.com\/de\/wp-json\/wp\/v2\/pages\/30050\/revisions\/30053"}],"up":[{"embeddable":true,"href":"https:\/\/dddrop.com\/de\/wp-json\/wp\/v2\/pages\/30026"}],"wp:featuredmedia":[{"embeddable":true,"href":"https:\/\/dddrop.com\/de\/wp-json\/wp\/v2\/media\/30051"}],"wp:attachment":[{"href":"https:\/\/dddrop.com\/de\/wp-json\/wp\/v2\/media?parent=30050"}],"wp:term":[{"taxonomy":"category","embeddable":true,"href":"https:\/\/dddrop.com\/de\/wp-json\/wp\/v2\/categories?post=30050"},{"taxonomy":"post_tag","embeddable":true,"href":"https:\/\/dddrop.com\/de\/wp-json\/wp\/v2\/tags?post=30050"}],"curies":[{"name":"wp","href":"https:\/\/api.w.org\/{rel}","templated":true}]}}