{"id":30046,"date":"2023-06-01T08:15:54","date_gmt":"2023-06-01T08:15:54","guid":{"rendered":"https:\/\/dddrop.com\/anwendungen\/prototyping-mit-3d-druck\/"},"modified":"2024-05-29T08:03:05","modified_gmt":"2024-05-29T08:03:05","slug":"prototyping-mit-3d-druck","status":"publish","type":"page","link":"https:\/\/dddrop.com\/de\/anwendungen\/prototyping-mit-3d-druck\/","title":{"rendered":"Prototyping mit 3D-Druck"},"content":{"rendered":"<p>[et_pb_section fb_built=&#8220;1&#8243; _builder_version=&#8220;4.21.0&#8243; background_color=&#8220;#FFFFFF&#8220; global_colors_info=&#8220;{}&#8220; theme_builder_area=&#8220;post_content&#8220;][et_pb_row column_structure=&#8220;1_2,1_2&#8243; _builder_version=&#8220;4.16&#8243; global_colors_info=&#8220;{}&#8220; theme_builder_area=&#8220;post_content&#8220;][et_pb_column type=&#8220;1_2&#8243; _builder_version=&#8220;4.16&#8243; global_colors_info=&#8220;{}&#8220; theme_builder_area=&#8220;post_content&#8220;][et_pb_text _builder_version=&#8220;4.21.0&#8243; text_font=&#8220;|700||on|||||&#8220; text_letter_spacing=&#8220;1px&#8220; text_line_height=&#8220;3em&#8220; header_font=&#8220;||||||||&#8220; header_text_color=&#8220;#000000&#8243; header_font_size=&#8220;40px&#8220; header_2_font=&#8220;|||on|||||&#8220; header_2_text_color=&#8220;#000000&#8243; header_2_font_size=&#8220;40px&#8220; custom_padding=&#8220;|||0px|false|false&#8220; text_font_size_tablet=&#8220;30px&#8220; text_font_size_phone=&#8220;&#8220; text_font_size_last_edited=&#8220;on|phone&#8220; text_line_height_tablet=&#8220;1.8em&#8220; text_line_height_phone=&#8220;&#8220; text_line_height_last_edited=&#8220;on|tablet&#8220; global_colors_info=&#8220;{}&#8220; theme_builder_area=&#8220;post_content&#8220;]<\/p>\n<h1 style=\u201etext-align: left;\u201c>Welche Rolle kann der 3D-Druck beim Prototyping spielen?<\/h1>\n<p>[\/et_pb_text][et_pb_text _builder_version=&#8220;4.21.0&#8243; _module_preset=&#8220;default&#8220; global_colors_info=&#8220;{}&#8220; theme_builder_area=&#8220;post_content&#8220;]<\/p>\n<p>Prototyping und Designtests sind konsequente Prozesse der Produktentwicklung. Sie erm\u00f6glichen es den Designern, mit ihren Kreationen zu interagieren und sie gr\u00fcndlich zu pr\u00fcfen, bevor sie die endg\u00fcltige Version zusammensetzen und produzieren. Der 3D-Druck macht das Prototyping und die Produktentwicklung zu einem viel schnelleren und einfacheren Prozess.<\/p>\n<p>>[\/et_pb_text][et_pb_button button_url=&#8220;@ET-DC@eyJkeW5hbWljIjp0cnVlLCJjb250ZW50IjoicG9zdF9saW5rX3VybF9wYWdlIiwic2V0dGluZ3MiOnsicG9zdF9pZCI6Ijc0NCJ9fQ==@&#8220; url_new_window=&#8220;on&#8220; button_text=&#8220;Kontakt&#8220; _builder_version=&#8220;4.21.0&#8243; _dynamic_attributes=&#8220;button_url&#8220; custom_button=&#8220;on&#8220; button_text_color=&#8220;#ffffff&#8220; custom_margin=&#8220;30px||30px||false|false&#8220; custom_margin_tablet=&#8220;&#8220; custom_margin_phone=&#8220;&#8220; custom_margin_last_edited=&#8220;on|phone&#8220; custom_padding=&#8220;0.5rem|4rem|0.5rem|4rem|false|false&#8220; hover_enabled=&#8220;0&#8243; button_text_size_tablet=&#8220;&#8220; button_text_size_phone=&#8220;15px&#8220; button_text_size_last_edited=&#8220;on|phone&#8220; global_colors_info=&#8220;{}&#8220; theme_builder_area=&#8220;post_content&#8220; sticky_enabled=&#8220;0&#8243;][\/et_pb_button][\/et_pb_column][et_pb_column type=&#8220;1_2&#8243; _builder_version=&#8220;4.16&#8243; global_colors_info=&#8220;{}&#8220; theme_builder_area=&#8220;post_content&#8220;][et_pb_image src=&#8220;https:\/\/dddrop.com\/wp-content\/uploads\/Production-Speed.jpeg&#8220; title_text=&#8220;Production-Speed&#8220; align=&#8220;center&#8220; _builder_version=&#8220;4.21.0&#8243; _dynamic_attributes=&#8220;src&#8220; width=&#8220;100%&#8220; max_width=&#8220;100%&#8220; border_radii=&#8220;on|5px|5px|5px|5px&#8220; border_color_all=&#8220;#a8b3c1&#8243; global_colors_info=&#8220;{}&#8220; theme_builder_area=&#8220;post_content&#8220;][\/et_pb_image][\/et_pb_column][\/et_pb_row][\/et_pb_section][et_pb_section fb_built=&#8220;1&#8243; _builder_version=&#8220;4.21.0&#8243; background_color=&#8220;#F9F9F9&#8243; width=&#8220;100%&#8220; custom_padding=&#8220;|26px||||&#8220; global_colors_info=&#8220;{}&#8220; theme_builder_area=&#8220;post_content&#8220;][et_pb_row _builder_version=&#8220;4.16&#8243; global_colors_info=&#8220;{}&#8220; theme_builder_area=&#8220;post_content&#8220;][et_pb_column type=&#8220;4_4&#8243; _builder_version=&#8220;4.16&#8243; global_colors_info=&#8220;{}&#8220; theme_builder_area=&#8220;post_content&#8220;][et_pb_text _builder_version=&#8220;4.21.0&#8243; text_font=&#8220;|700|||||||&#8220; text_text_color=&#8220;#E02B20&#8243; text_font_size=&#8220;40px&#8220; text_letter_spacing=&#8220;1px&#8220; text_line_height=&#8220;3em&#8220; header_font=&#8220;||||||||&#8220; header_text_color=&#8220;#E02B20&#8243; custom_padding=&#8220;|||0px|false|false&#8220; text_font_size_tablet=&#8220;30px&#8220; text_font_size_phone=&#8220;&#8220; text_font_size_last_edited=&#8220;on|phone&#8220; text_line_height_tablet=&#8220;1.8em&#8220; text_line_height_phone=&#8220;&#8220; text_line_height_last_edited=&#8220;on|tablet&#8220; global_colors_info=&#8220;{}&#8220; theme_builder_area=&#8220;post_content&#8220;]<\/p>\n<p style=\u201etext-align: center;\u201c>Warum 3D-Druck?<\/p>\n<p>[\/et_pb_text][\/et_pb_column][\/et_pb_row][et_pb_row column_structure=&#8220;1_2,1_2&#8243; _builder_version=&#8220;4.21.0&#8243; global_colors_info=&#8220;{}&#8220; transform_styles__hover_enabled=&#8220;on|hover&#8220; transform_scale__hover_enabled=&#8220;on|hover&#8220; transform_translate__hover_enabled=&#8220;on|desktop&#8220; transform_rotate__hover_enabled=&#8220;on|desktop&#8220; transform_skew__hover_enabled=&#8220;on|desktop&#8220; transform_origin__hover_enabled=&#8220;on|desktop&#8220; theme_builder_area=&#8220;post_content&#8220;][et_pb_column type=&#8220;1_2&#8243; _builder_version=&#8220;4.16&#8243; global_colors_info=&#8220;{}&#8220; theme_builder_area=&#8220;post_content&#8220;][et_pb_text _builder_version=&#8220;4.21.0&#8243; text_font=&#8220;|600|||||||&#8220; text_text_color=&#8220;#ffffff&#8220; text_font_size=&#8220;25px&#8220; header_text_align=&#8220;left&#8220; header_text_color=&#8220;#000000&#8243; header_3_font=&#8220;||||||||&#8220; header_3_text_color=&#8220;#000000&#8243; header_3_font_size=&#8220;30px&#8220; text_orientation=&#8220;center&#8220; min_height=&#8220;30px&#8220; custom_margin=&#8220;40px||20px||false|false&#8220; custom_padding=&#8220;0px|20px|5px|20px|false|true&#8220; global_colors_info=&#8220;{}&#8220; theme_builder_area=&#8220;post_content&#8220;]<\/p>\n<h3 style=\u201etext-align: left;\u201c>Modellgenauigkeit<\/h3>\n<p>[\/et_pb_text][et_pb_text _builder_version=&#8220;4.21.0&#8243; _module_preset=&#8220;default&#8220; custom_padding=&#8220;|||20px|false|false&#8220; global_colors_info=&#8220;{}&#8220; theme_builder_area=&#8220;post_content&#8220;]<\/p>\n<p>Genauigkeit ist einer der wichtigsten Aspekte des Prototyping. Wenn der Prototyp in Form und Funktionalit\u00e4t mit dem Endprodukt identisch ist, k\u00f6nnen die Entwickler mit Experimenten beginnen, auf Designfehler testen und ein besseres Verst\u00e4ndnis der Funktionalit\u00e4t gewinnen.<\/p>\n<p>[\/et_pb_text][\/et_pb_column][et_pb_column type=&#8220;1_2&#8243; _builder_version=&#8220;4.16&#8243; global_colors_info=&#8220;{}&#8220; theme_builder_area=&#8220;post_content&#8220;][et_pb_image src=&#8220;https:\/\/dddrop.com\/wp-content\/uploads\/Prototyping-product-accuracy.jpg&#8220; title_text=&#8220;Prototyping &#8211; product accuracy&#8220; _builder_version=&#8220;4.21.0&#8243; custom_padding=&#8220;|20px||20px|false|true&#8220; border_radii=&#8220;on|5px|5px|5px|5px&#8220; border_color_all=&#8220;#a8b3c1&#8243; global_colors_info=&#8220;{}&#8220; transform_styles__hover_enabled=&#8220;off|hover&#8220; transform_scale__hover_enabled=&#8220;off|hover&#8220; transform_translate__hover_enabled=&#8220;off|hover&#8220; transform_rotate__hover_enabled=&#8220;off|hover&#8220; transform_skew__hover_enabled=&#8220;off|hover&#8220; transform_origin__hover_enabled=&#8220;off|hover&#8220; transform_scale__hover=&#8220;125%|125%&#8220; theme_builder_area=&#8220;post_content&#8220;][\/et_pb_image][\/et_pb_column][\/et_pb_row][et_pb_row column_structure=&#8220;1_2,1_2&#8243; _builder_version=&#8220;4.21.0&#8243; global_colors_info=&#8220;{}&#8220; transform_styles__hover_enabled=&#8220;on|hover&#8220; transform_scale__hover_enabled=&#8220;on|hover&#8220; transform_translate__hover_enabled=&#8220;on|desktop&#8220; transform_rotate__hover_enabled=&#8220;on|desktop&#8220; transform_skew__hover_enabled=&#8220;on|desktop&#8220; transform_origin__hover_enabled=&#8220;on|desktop&#8220; theme_builder_area=&#8220;post_content&#8220;][et_pb_column type=&#8220;1_2&#8243; _builder_version=&#8220;4.16&#8243; global_colors_info=&#8220;{}&#8220; theme_builder_area=&#8220;post_content&#8220;][et_pb_image src=&#8220;https:\/\/dddrop.com\/wp-content\/uploads\/Product-development-Material-variety.jpg&#8220; title_text=&#8220;Product development &#8211; Material variety&#8220; _builder_version=&#8220;4.21.0&#8243; custom_padding=&#8220;|20px||20px|false|true&#8220; border_radii=&#8220;on|5px|5px|5px|5px&#8220; border_color_all=&#8220;#a8b3c1&#8243; global_colors_info=&#8220;{}&#8220; transform_styles__hover_enabled=&#8220;off|desktop&#8220; transform_scale__hover_enabled=&#8220;off|desktop&#8220; transform_translate__hover_enabled=&#8220;off|desktop&#8220; transform_rotate__hover_enabled=&#8220;off|desktop&#8220; transform_skew__hover_enabled=&#8220;off|desktop&#8220; transform_origin__hover_enabled=&#8220;off|desktop&#8220; transform_scale__hover=&#8220;125%|125%&#8220; theme_builder_area=&#8220;post_content&#8220;][\/et_pb_image][\/et_pb_column][et_pb_column type=&#8220;1_2&#8243; _builder_version=&#8220;4.16&#8243; global_colors_info=&#8220;{}&#8220; theme_builder_area=&#8220;post_content&#8220;][et_pb_text _builder_version=&#8220;4.21.0&#8243; text_font=&#8220;|600|||||||&#8220; text_text_color=&#8220;#ffffff&#8220; text_font_size=&#8220;25px&#8220; header_text_align=&#8220;left&#8220; header_3_font=&#8220;||||||||&#8220; header_3_text_color=&#8220;#000000&#8243; header_3_font_size=&#8220;30px&#8220; text_orientation=&#8220;center&#8220; min_height=&#8220;30px&#8220; custom_margin=&#8220;40px||20px||false|false&#8220; custom_padding=&#8220;0px|20px|5px|20px|false|true&#8220; global_colors_info=&#8220;{}&#8220; theme_builder_area=&#8220;post_content&#8220;]<\/p>\n<h3 style=\u201etext-align: left;\u201c>Materialvielfalt<\/h3>\n<p>[\/et_pb_text][et_pb_text _builder_version=&#8220;4.21.0&#8243; _module_preset=&#8220;default&#8220; custom_padding=&#8220;|||20px|false|false&#8220; global_colors_info=&#8220;{}&#8220; theme_builder_area=&#8220;post_content&#8220;]Die gro\u00dfe Vielfalt an Materialien, die f\u00fcr den 3D-Druck zur Verf\u00fcgung stehen, macht die Technologie ideal f\u00fcr das Prototyping und die Produktentwicklung. Entwickler k\u00f6nnen Funktionalit\u00e4t und Materialeigenschaften testen und Anpassungen vornehmen, ohne eine neue Produktionslinie f\u00fcr das Produkt starten zu m\u00fcssen.[\/et_pb_text][\/et_pb_column][\/et_pb_row][et_pb_row column_structure=&#8220;1_2,1_2&#8243; _builder_version=&#8220;4.21.0&#8243; global_colors_info=&#8220;{}&#8220; transform_styles__hover_enabled=&#8220;on|hover&#8220; transform_scale__hover_enabled=&#8220;on|hover&#8220; transform_translate__hover_enabled=&#8220;on|desktop&#8220; transform_rotate__hover_enabled=&#8220;on|desktop&#8220; transform_skew__hover_enabled=&#8220;on|desktop&#8220; transform_origin__hover_enabled=&#8220;on|desktop&#8220; theme_builder_area=&#8220;post_content&#8220;][et_pb_column type=&#8220;1_2&#8243; _builder_version=&#8220;4.16&#8243; global_colors_info=&#8220;{}&#8220; theme_builder_area=&#8220;post_content&#8220;][et_pb_text _builder_version=&#8220;4.21.0&#8243; text_font=&#8220;|600|||||||&#8220; text_text_color=&#8220;#ffffff&#8220; text_font_size=&#8220;25px&#8220; header_text_align=&#8220;left&#8220; header_3_font=&#8220;||||||||&#8220; header_3_text_color=&#8220;#000000&#8243; header_3_font_size=&#8220;30px&#8220; text_orientation=&#8220;center&#8220; min_height=&#8220;30px&#8220; custom_margin=&#8220;40px||20px||false|false&#8220; custom_padding=&#8220;0px|20px|5px|20px|false|true&#8220; global_colors_info=&#8220;{}&#8220; theme_builder_area=&#8220;post_content&#8220;]<\/p>\n<h3 style=\u201etext-align: left;\u201c>Rapid prototyping<\/h3>\n<p>[\/et_pb_text][et_pb_text _builder_version=&#8220;4.21.0&#8243; text_font=&#8220;|300|||||||&#8220; text_text_color=&#8220;#000000&#8243; text_font_size=&#8220;19px&#8220; background_color=&#8220;rgba(0,0,0,0)&#8220; custom_margin=&#8220;0px||30px||false|false&#8220; custom_padding=&#8220;|20px||20px|false|true&#8220; global_colors_info=&#8220;{}&#8220; theme_builder_area=&#8220;post_content&#8220;]<\/p>\n<p style=\u201etext-align: left;\u201c>Im Vergleich zu ausgelagertem 3D-Druck oder anderen Methoden der Prototypenerstellung ist der 3D-Druck im eigenen Haus viel schneller. Entwickler sind in der Lage, schnell und wiederholt Produktvarianten zu drucken, um verschiedene Iterationen und Technologien zu testen. Eine Verk\u00fcrzung der Prototyping-Zeit bedeutet eine Verk\u00fcrzung der Markteinf\u00fchrungszeit.<\/p>\n<p>[\/et_pb_text][\/et_pb_column][et_pb_column type=&#8220;1_2&#8243; _builder_version=&#8220;4.16&#8243; global_colors_info=&#8220;{}&#8220; theme_builder_area=&#8220;post_content&#8220;][et_pb_image src=&#8220;https:\/\/dddrop.com\/wp-content\/uploads\/Prototyping-Rapid-prototyping.jpg&#8220; title_text=&#8220;Prototyping &#8211; Rapid prototyping&#8220; _builder_version=&#8220;4.21.0&#8243; custom_padding=&#8220;|20px||20px|false|true&#8220; border_radii=&#8220;on|5px|5px|5px|5px&#8220; border_color_all=&#8220;#a8b3c1&#8243; global_colors_info=&#8220;{}&#8220; transform_styles__hover_enabled=&#8220;off|desktop&#8220; transform_scale__hover_enabled=&#8220;off|desktop&#8220; transform_translate__hover_enabled=&#8220;off|desktop&#8220; transform_rotate__hover_enabled=&#8220;off|desktop&#8220; transform_skew__hover_enabled=&#8220;off|desktop&#8220; transform_origin__hover_enabled=&#8220;off|desktop&#8220; transform_scale__hover=&#8220;125%|125%&#8220; theme_builder_area=&#8220;post_content&#8220;][\/et_pb_image][\/et_pb_column][\/et_pb_row][\/et_pb_section]<\/p>\n","protected":false},"excerpt":{"rendered":"<p>Welche Rolle kann der 3D-Druck beim Prototyping spielen?Prototyping und Designtests sind konsequente Prozesse der Produktentwicklung. Sie erm\u00f6glichen es den Designern, mit ihren Kreationen zu interagieren und sie gr\u00fcndlich zu pr\u00fcfen, bevor sie die endg\u00fcltige Version zusammensetzen und produzieren. Der 3D-Druck macht das Prototyping und die Produktentwicklung zu einem viel schnelleren und einfacheren Prozess.>Warum 3D-Druck?ModellgenauigkeitGenauigkeit ist [&hellip;]<\/p>\n","protected":false},"author":1,"featured_media":30047,"parent":30026,"menu_order":0,"comment_status":"closed","ping_status":"closed","template":"","meta":{"_acf_changed":false,"_et_pb_use_builder":"on","_et_pb_old_content":"","_et_gb_content_width":"","content-type":"","footnotes":""},"categories":[],"tags":[],"class_list":["post-30046","page","type-page","status-publish","has-post-thumbnail","hentry"],"acf":[],"yoast_head":"<!-- This site is optimized with the Yoast SEO plugin v24.0 - https:\/\/yoast.com\/wordpress\/plugins\/seo\/ -->\n<title>Prototyping mit 3D-Druck | dddrop - Professional FFF 3D Printers - Additive manufacturing<\/title>\n<meta name=\"robots\" content=\"index, follow, max-snippet:-1, max-image-preview:large, max-video-preview:-1\" \/>\n<meta property=\"og:locale\" content=\"de_DE\" \/>\n<meta property=\"og:type\" content=\"article\" \/>\n<meta property=\"og:title\" content=\"Prototyping mit 3D-Druck | dddrop - Professional FFF 3D Printers - Additive manufacturing\" \/>\n<meta property=\"og:description\" content=\"Welche Rolle kann der 3D-Druck beim Prototyping spielen?Prototyping und Designtests sind konsequente Prozesse der Produktentwicklung. Sie erm\u00f6glichen es den Designern, mit ihren Kreationen zu interagieren und sie gr\u00fcndlich zu pr\u00fcfen, bevor sie die endg\u00fcltige Version zusammensetzen und produzieren. Der 3D-Druck macht das Prototyping und die Produktentwicklung zu einem viel schnelleren und einfacheren Prozess.&gt;Warum 3D-Druck?ModellgenauigkeitGenauigkeit ist [&hellip;]\" \/>\n<meta property=\"og:url\" content=\"https:\/\/dddrop.com\/de\/anwendungen\/prototyping-mit-3d-druck\/\" \/>\n<meta property=\"og:site_name\" content=\"dddrop - Professional FFF 3D Printers - Additive manufacturing\" \/>\n<meta property=\"article:publisher\" content=\"https:\/\/www.facebook.com\/dddrop.3D.printers\" \/>\n<meta property=\"article:modified_time\" content=\"2024-05-29T08:03:05+00:00\" \/>\n<meta property=\"og:image\" content=\"https:\/\/dddrop.com\/wp-content\/uploads\/dddrop-training.jpeg\" \/>\n\t<meta property=\"og:image:width\" content=\"480\" \/>\n\t<meta property=\"og:image:height\" content=\"270\" \/>\n\t<meta property=\"og:image:type\" content=\"image\/jpeg\" \/>\n<meta name=\"twitter:card\" content=\"summary_large_image\" \/>\n<meta name=\"twitter:label1\" content=\"Gesch\u00e4tzte Lesezeit\" \/>\n\t<meta name=\"twitter:data1\" content=\"7\u00a0Minuten\" \/>\n<script type=\"application\/ld+json\" class=\"yoast-schema-graph\">{\"@context\":\"https:\/\/schema.org\",\"@graph\":[{\"@type\":\"WebPage\",\"@id\":\"https:\/\/dddrop.com\/de\/anwendungen\/prototyping-mit-3d-druck\/\",\"url\":\"https:\/\/dddrop.com\/de\/anwendungen\/prototyping-mit-3d-druck\/\",\"name\":\"Prototyping mit 3D-Druck | dddrop - Professional FFF 3D Printers - Additive manufacturing\",\"isPartOf\":{\"@id\":\"https:\/\/dddrop.com\/de\/#website\"},\"primaryImageOfPage\":{\"@id\":\"https:\/\/dddrop.com\/de\/anwendungen\/prototyping-mit-3d-druck\/#primaryimage\"},\"image\":{\"@id\":\"https:\/\/dddrop.com\/de\/anwendungen\/prototyping-mit-3d-druck\/#primaryimage\"},\"thumbnailUrl\":\"https:\/\/dddrop.com\/wp-content\/uploads\/dddrop-training.jpeg\",\"datePublished\":\"2023-06-01T08:15:54+00:00\",\"dateModified\":\"2024-05-29T08:03:05+00:00\",\"breadcrumb\":{\"@id\":\"https:\/\/dddrop.com\/de\/anwendungen\/prototyping-mit-3d-druck\/#breadcrumb\"},\"inLanguage\":\"de\",\"potentialAction\":[{\"@type\":\"ReadAction\",\"target\":[\"https:\/\/dddrop.com\/de\/anwendungen\/prototyping-mit-3d-druck\/\"]}]},{\"@type\":\"ImageObject\",\"inLanguage\":\"de\",\"@id\":\"https:\/\/dddrop.com\/de\/anwendungen\/prototyping-mit-3d-druck\/#primaryimage\",\"url\":\"https:\/\/dddrop.com\/wp-content\/uploads\/dddrop-training.jpeg\",\"contentUrl\":\"https:\/\/dddrop.com\/wp-content\/uploads\/dddrop-training.jpeg\",\"width\":480,\"height\":270},{\"@type\":\"BreadcrumbList\",\"@id\":\"https:\/\/dddrop.com\/de\/anwendungen\/prototyping-mit-3d-druck\/#breadcrumb\",\"itemListElement\":[{\"@type\":\"ListItem\",\"position\":1,\"name\":\"Home\",\"item\":\"https:\/\/dddrop.com\/de\/\"},{\"@type\":\"ListItem\",\"position\":2,\"name\":\"Anwendungen\",\"item\":\"https:\/\/dddrop.com\/de\/applications\/\"},{\"@type\":\"ListItem\",\"position\":3,\"name\":\"Prototyping mit 3D-Druck\"}]},{\"@type\":\"WebSite\",\"@id\":\"https:\/\/dddrop.com\/de\/#website\",\"url\":\"https:\/\/dddrop.com\/de\/\",\"name\":\"dddrop | Large format 3D printers\",\"description\":\"dddrop is a professional 3D-printers manufacturer based in The Netherlands. The company specializes in FFF 3D printers for additive manufacturing, dddrop branded filaments, 3D printer parts, and accessories.\",\"publisher\":{\"@id\":\"https:\/\/dddrop.com\/de\/#organization\"},\"potentialAction\":[{\"@type\":\"SearchAction\",\"target\":{\"@type\":\"EntryPoint\",\"urlTemplate\":\"https:\/\/dddrop.com\/de\/?s={search_term_string}\"},\"query-input\":{\"@type\":\"PropertyValueSpecification\",\"valueRequired\":true,\"valueName\":\"search_term_string\"}}],\"inLanguage\":\"de\"},{\"@type\":\"Organization\",\"@id\":\"https:\/\/dddrop.com\/de\/#organization\",\"name\":\"dddrop - Professional FFF 3D Printers - Additive manufacturing\",\"url\":\"https:\/\/dddrop.com\/de\/\",\"logo\":{\"@type\":\"ImageObject\",\"inLanguage\":\"de\",\"@id\":\"https:\/\/dddrop.com\/de\/#\/schema\/logo\/image\/\",\"url\":\"https:\/\/dddrop.com\/wp-content\/uploads\/2020\/05\/dddrop_logo_tekst-png.png\",\"contentUrl\":\"https:\/\/dddrop.com\/wp-content\/uploads\/2020\/05\/dddrop_logo_tekst-png.png\",\"width\":1644,\"height\":313,\"caption\":\"dddrop - Professional FFF 3D Printers - Additive manufacturing\"},\"image\":{\"@id\":\"https:\/\/dddrop.com\/de\/#\/schema\/logo\/image\/\"},\"sameAs\":[\"https:\/\/www.facebook.com\/dddrop.3D.printers\",\"https:\/\/www.linkedin.com\/company\/dddrop-3d-printers\/\"]}]}<\/script>\n<!-- \/ Yoast SEO plugin. -->","yoast_head_json":{"title":"Prototyping mit 3D-Druck | dddrop - Professional FFF 3D Printers - Additive manufacturing","robots":{"index":"index","follow":"follow","max-snippet":"max-snippet:-1","max-image-preview":"max-image-preview:large","max-video-preview":"max-video-preview:-1"},"og_locale":"de_DE","og_type":"article","og_title":"Prototyping mit 3D-Druck | dddrop - Professional FFF 3D Printers - Additive manufacturing","og_description":"Welche Rolle kann der 3D-Druck beim Prototyping spielen?Prototyping und Designtests sind konsequente Prozesse der Produktentwicklung. Sie erm\u00f6glichen es den Designern, mit ihren Kreationen zu interagieren und sie gr\u00fcndlich zu pr\u00fcfen, bevor sie die endg\u00fcltige Version zusammensetzen und produzieren. Der 3D-Druck macht das Prototyping und die Produktentwicklung zu einem viel schnelleren und einfacheren Prozess.>Warum 3D-Druck?ModellgenauigkeitGenauigkeit ist [&hellip;]","og_url":"https:\/\/dddrop.com\/de\/anwendungen\/prototyping-mit-3d-druck\/","og_site_name":"dddrop - Professional FFF 3D Printers - Additive manufacturing","article_publisher":"https:\/\/www.facebook.com\/dddrop.3D.printers","article_modified_time":"2024-05-29T08:03:05+00:00","og_image":[{"width":480,"height":270,"url":"https:\/\/dddrop.com\/wp-content\/uploads\/dddrop-training.jpeg","type":"image\/jpeg"}],"twitter_card":"summary_large_image","twitter_misc":{"Gesch\u00e4tzte Lesezeit":"7\u00a0Minuten"},"schema":{"@context":"https:\/\/schema.org","@graph":[{"@type":"WebPage","@id":"https:\/\/dddrop.com\/de\/anwendungen\/prototyping-mit-3d-druck\/","url":"https:\/\/dddrop.com\/de\/anwendungen\/prototyping-mit-3d-druck\/","name":"Prototyping mit 3D-Druck | dddrop - Professional FFF 3D Printers - Additive manufacturing","isPartOf":{"@id":"https:\/\/dddrop.com\/de\/#website"},"primaryImageOfPage":{"@id":"https:\/\/dddrop.com\/de\/anwendungen\/prototyping-mit-3d-druck\/#primaryimage"},"image":{"@id":"https:\/\/dddrop.com\/de\/anwendungen\/prototyping-mit-3d-druck\/#primaryimage"},"thumbnailUrl":"https:\/\/dddrop.com\/wp-content\/uploads\/dddrop-training.jpeg","datePublished":"2023-06-01T08:15:54+00:00","dateModified":"2024-05-29T08:03:05+00:00","breadcrumb":{"@id":"https:\/\/dddrop.com\/de\/anwendungen\/prototyping-mit-3d-druck\/#breadcrumb"},"inLanguage":"de","potentialAction":[{"@type":"ReadAction","target":["https:\/\/dddrop.com\/de\/anwendungen\/prototyping-mit-3d-druck\/"]}]},{"@type":"ImageObject","inLanguage":"de","@id":"https:\/\/dddrop.com\/de\/anwendungen\/prototyping-mit-3d-druck\/#primaryimage","url":"https:\/\/dddrop.com\/wp-content\/uploads\/dddrop-training.jpeg","contentUrl":"https:\/\/dddrop.com\/wp-content\/uploads\/dddrop-training.jpeg","width":480,"height":270},{"@type":"BreadcrumbList","@id":"https:\/\/dddrop.com\/de\/anwendungen\/prototyping-mit-3d-druck\/#breadcrumb","itemListElement":[{"@type":"ListItem","position":1,"name":"Home","item":"https:\/\/dddrop.com\/de\/"},{"@type":"ListItem","position":2,"name":"Anwendungen","item":"https:\/\/dddrop.com\/de\/applications\/"},{"@type":"ListItem","position":3,"name":"Prototyping mit 3D-Druck"}]},{"@type":"WebSite","@id":"https:\/\/dddrop.com\/de\/#website","url":"https:\/\/dddrop.com\/de\/","name":"dddrop | Large format 3D printers","description":"dddrop is a professional 3D-printers manufacturer based in The Netherlands. The company specializes in FFF 3D printers for additive manufacturing, dddrop branded filaments, 3D printer parts, and accessories.","publisher":{"@id":"https:\/\/dddrop.com\/de\/#organization"},"potentialAction":[{"@type":"SearchAction","target":{"@type":"EntryPoint","urlTemplate":"https:\/\/dddrop.com\/de\/?s={search_term_string}"},"query-input":{"@type":"PropertyValueSpecification","valueRequired":true,"valueName":"search_term_string"}}],"inLanguage":"de"},{"@type":"Organization","@id":"https:\/\/dddrop.com\/de\/#organization","name":"dddrop - Professional FFF 3D Printers - Additive manufacturing","url":"https:\/\/dddrop.com\/de\/","logo":{"@type":"ImageObject","inLanguage":"de","@id":"https:\/\/dddrop.com\/de\/#\/schema\/logo\/image\/","url":"https:\/\/dddrop.com\/wp-content\/uploads\/2020\/05\/dddrop_logo_tekst-png.png","contentUrl":"https:\/\/dddrop.com\/wp-content\/uploads\/2020\/05\/dddrop_logo_tekst-png.png","width":1644,"height":313,"caption":"dddrop - Professional FFF 3D Printers - Additive manufacturing"},"image":{"@id":"https:\/\/dddrop.com\/de\/#\/schema\/logo\/image\/"},"sameAs":["https:\/\/www.facebook.com\/dddrop.3D.printers","https:\/\/www.linkedin.com\/company\/dddrop-3d-printers\/"]}]}},"_links":{"self":[{"href":"https:\/\/dddrop.com\/de\/wp-json\/wp\/v2\/pages\/30046","targetHints":{"allow":["GET"]}}],"collection":[{"href":"https:\/\/dddrop.com\/de\/wp-json\/wp\/v2\/pages"}],"about":[{"href":"https:\/\/dddrop.com\/de\/wp-json\/wp\/v2\/types\/page"}],"author":[{"embeddable":true,"href":"https:\/\/dddrop.com\/de\/wp-json\/wp\/v2\/users\/1"}],"replies":[{"embeddable":true,"href":"https:\/\/dddrop.com\/de\/wp-json\/wp\/v2\/comments?post=30046"}],"version-history":[{"count":2,"href":"https:\/\/dddrop.com\/de\/wp-json\/wp\/v2\/pages\/30046\/revisions"}],"predecessor-version":[{"id":30049,"href":"https:\/\/dddrop.com\/de\/wp-json\/wp\/v2\/pages\/30046\/revisions\/30049"}],"up":[{"embeddable":true,"href":"https:\/\/dddrop.com\/de\/wp-json\/wp\/v2\/pages\/30026"}],"wp:featuredmedia":[{"embeddable":true,"href":"https:\/\/dddrop.com\/de\/wp-json\/wp\/v2\/media\/30047"}],"wp:attachment":[{"href":"https:\/\/dddrop.com\/de\/wp-json\/wp\/v2\/media?parent=30046"}],"wp:term":[{"taxonomy":"category","embeddable":true,"href":"https:\/\/dddrop.com\/de\/wp-json\/wp\/v2\/categories?post=30046"},{"taxonomy":"post_tag","embeddable":true,"href":"https:\/\/dddrop.com\/de\/wp-json\/wp\/v2\/tags?post=30046"}],"curies":[{"name":"wp","href":"https:\/\/api.w.org\/{rel}","templated":true}]}}