{"id":30030,"date":"2023-06-01T07:07:32","date_gmt":"2023-06-01T07:07:32","guid":{"rendered":"https:\/\/dddrop.com\/anwendungen\/3d-druck-von-endprodukten\/"},"modified":"2024-05-29T07:55:36","modified_gmt":"2024-05-29T07:55:36","slug":"3d-druck-von-endprodukten","status":"publish","type":"page","link":"https:\/\/dddrop.com\/de\/anwendungen\/3d-druck-von-endprodukten\/","title":{"rendered":"3D-Druck von Endprodukten"},"content":{"rendered":"<p>[et_pb_section fb_built=&#8220;1&#8243; _builder_version=&#8220;4.21.0&#8243; background_color=&#8220;#FFFFFF&#8220; global_colors_info=&#8220;{}&#8220; theme_builder_area=&#8220;post_content&#8220;][et_pb_row column_structure=&#8220;1_2,1_2&#8243; _builder_version=&#8220;4.16&#8243; global_colors_info=&#8220;{}&#8220; theme_builder_area=&#8220;post_content&#8220;][et_pb_column type=&#8220;1_2&#8243; _builder_version=&#8220;4.16&#8243; global_colors_info=&#8220;{}&#8220; theme_builder_area=&#8220;post_content&#8220;][et_pb_text _builder_version=&#8220;4.21.0&#8243; text_font=&#8220;|700|||||||&#8220; text_letter_spacing=&#8220;1px&#8220; text_line_height=&#8220;3em&#8220; header_font=&#8220;||||||||&#8220; header_2_font=&#8220;||||||||&#8220; header_2_font_size=&#8220;40px&#8220; custom_padding=&#8220;|||0px|false|false&#8220; text_font_size_tablet=&#8220;30px&#8220; text_font_size_phone=&#8220;&#8220; text_font_size_last_edited=&#8220;on|phone&#8220; text_line_height_tablet=&#8220;1.8em&#8220; text_line_height_phone=&#8220;&#8220; text_line_height_last_edited=&#8220;on|tablet&#8220; global_colors_info=&#8220;{}&#8220; theme_builder_area=&#8220;post_content&#8220;]<\/p>\n<h2 style=\u201etext-align: left;\u201c>Kann der 3D-Druck f\u00fcr Endprodukte verwendet werden?<\/h2>\n<p>[\/et_pb_text][et_pb_text _builder_version=&#8220;4.21.0&#8243; _module_preset=&#8220;default&#8220; global_colors_info=&#8220;{}&#8220; theme_builder_area=&#8220;post_content&#8220;]Der 3D-Druck hat es Designern erm\u00f6glicht, mit anspruchsvolleren und komplexeren Designs zu experimentieren, die mit herk\u00f6mmlichen Produktionsmethoden unerreichbar waren. Der 3D-Druck er\u00f6ffnet die M\u00f6glichkeit, ma\u00dfgeschneiderte Produkte und Teile aller Komplexit\u00e4tsstufen herzustellen, die die Qualit\u00e4tskontrollstandards erf\u00fcllen und als funktionale Komponenten in Endprodukten eingesetzt werden k\u00f6nnen.[\/et_pb_text][et_pb_button button_url=&#8220;@ET-DC@eyJkeW5hbWljIjp0cnVlLCJjb250ZW50IjoicG9zdF9saW5rX3VybF9wYWdlIiwic2V0dGluZ3MiOnsicG9zdF9pZCI6Ijc0NCJ9fQ==@&#8220; url_new_window=&#8220;on&#8220; button_text=&#8220;Kontakt&#8220; _builder_version=&#8220;4.21.0&#8243; _dynamic_attributes=&#8220;button_url&#8220; custom_button=&#8220;on&#8220; button_text_color=&#8220;#ffffff&#8220; custom_margin=&#8220;||||false|false&#8220; custom_margin_tablet=&#8220;&#8220; custom_margin_phone=&#8220;&#8220; custom_margin_last_edited=&#8220;on|phone&#8220; custom_padding=&#8220;0.5rem|4rem|0.5rem|4rem|false|false&#8220; button_text_size_tablet=&#8220;&#8220; button_text_size_phone=&#8220;15px&#8220; button_text_size_last_edited=&#8220;on|phone&#8220; global_colors_info=&#8220;{}&#8220; theme_builder_area=&#8220;post_content&#8220;][\/et_pb_button][\/et_pb_column][et_pb_column type=&#8220;1_2&#8243; _builder_version=&#8220;4.16&#8243; global_colors_info=&#8220;{}&#8220; theme_builder_area=&#8220;post_content&#8220;][et_pb_image src=&#8220;@ET-DC@eyJkeW5hbWljIjp0cnVlLCJjb250ZW50IjoicG9zdF9mZWF0dXJlZF9pbWFnZSIsInNldHRpbmdzIjp7fX0=@&#8220; title_text=&#8220;Huis vrijstaand 1 Schaduw&#8220; align=&#8220;center&#8220; _builder_version=&#8220;4.21.0&#8243; _dynamic_attributes=&#8220;src&#8220; width=&#8220;100%&#8220; max_width=&#8220;100%&#8220; border_radii=&#8220;on|5px|5px|5px|5px&#8220; border_color_all=&#8220;#a8b3c1&#8243; global_colors_info=&#8220;{}&#8220; theme_builder_area=&#8220;post_content&#8220;][\/et_pb_image][\/et_pb_column][\/et_pb_row][\/et_pb_section][et_pb_section fb_built=&#8220;1&#8243; _builder_version=&#8220;4.21.0&#8243; background_color=&#8220;#F9F9F9&#8243; global_colors_info=&#8220;{}&#8220; theme_builder_area=&#8220;post_content&#8220;][et_pb_row _builder_version=&#8220;4.16&#8243; global_colors_info=&#8220;{}&#8220; theme_builder_area=&#8220;post_content&#8220;][et_pb_column type=&#8220;4_4&#8243; _builder_version=&#8220;4.16&#8243; global_colors_info=&#8220;{}&#8220; theme_builder_area=&#8220;post_content&#8220;][et_pb_text _builder_version=&#8220;4.21.0&#8243; text_font=&#8220;|700|||||||&#8220; text_text_color=&#8220;#E02B20&#8243; text_font_size=&#8220;40px&#8220; text_letter_spacing=&#8220;1px&#8220; text_line_height=&#8220;3em&#8220; header_font=&#8220;||||||||&#8220; custom_padding=&#8220;|||0px|false|false&#8220; text_font_size_tablet=&#8220;30px&#8220; text_font_size_phone=&#8220;&#8220; text_font_size_last_edited=&#8220;on|phone&#8220; text_line_height_tablet=&#8220;1.8em&#8220; text_line_height_phone=&#8220;&#8220; text_line_height_last_edited=&#8220;on|tablet&#8220; global_colors_info=&#8220;{}&#8220; theme_builder_area=&#8220;post_content&#8220;]<\/p>\n<p style=\u201etext-align: center;\u201c>Warum 3D-Druck?<\/p>\n<p>[\/et_pb_text][\/et_pb_column][\/et_pb_row][et_pb_row column_structure=&#8220;1_2,1_2&#8243; _builder_version=&#8220;4.21.0&#8243; global_colors_info=&#8220;{}&#8220; transform_styles__hover_enabled=&#8220;on|hover&#8220; transform_scale__hover_enabled=&#8220;on|hover&#8220; transform_translate__hover_enabled=&#8220;on|desktop&#8220; transform_rotate__hover_enabled=&#8220;on|desktop&#8220; transform_skew__hover_enabled=&#8220;on|desktop&#8220; transform_origin__hover_enabled=&#8220;on|desktop&#8220; theme_builder_area=&#8220;post_content&#8220;][et_pb_column type=&#8220;1_2&#8243; _builder_version=&#8220;4.16&#8243; global_colors_info=&#8220;{}&#8220; theme_builder_area=&#8220;post_content&#8220;][et_pb_text _builder_version=&#8220;4.21.0&#8243; text_font=&#8220;|600|||||||&#8220; text_text_color=&#8220;#ffffff&#8220; text_font_size=&#8220;25px&#8220; header_text_align=&#8220;left&#8220; header_3_font=&#8220;||||||||&#8220; header_3_font_size=&#8220;30px&#8220; text_orientation=&#8220;center&#8220; min_height=&#8220;30px&#8220; custom_margin=&#8220;40px||20px||false|false&#8220; custom_padding=&#8220;0px|20px|5px|20px|false|true&#8220; global_colors_info=&#8220;{}&#8220; theme_builder_area=&#8220;post_content&#8220;]<\/p>\n<h3 style=\u201etext-align: left;\u201c>Gestaltungsfreiheit<\/h3>\n<p>[\/et_pb_text][et_pb_text _builder_version=&#8220;4.21.0&#8243; _module_preset=&#8220;default&#8220; custom_padding=&#8220;|||20px|false|false&#8220; global_colors_info=&#8220;{}&#8220; theme_builder_area=&#8220;post_content&#8220;]<\/p>\n<p>Der 3D-Druck bietet die M\u00f6glichkeit, sich ein Produktdesign und seine Eigenschaften vorzustellen und es schnell als physisches Objekt zum Leben zu erwecken. Der 3D-Druck befreit Designer von den Beschr\u00e4nkungen traditioneller Produktherstellungstechniken und erm\u00f6glicht breitere M\u00f6glichkeiten bei Produktdesign und Funktionalit\u00e4t<\/p>\n<p>>.[\/et_pb_text][\/et_pb_column][et_pb_column type=&#8220;1_2&#8243; _builder_version=&#8220;4.16&#8243; global_colors_info=&#8220;{}&#8220; theme_builder_area=&#8220;post_content&#8220;][et_pb_image src=&#8220;https:\/\/dddrop.com\/wp-content\/uploads\/End-product-design-freedom.jpg&#8220; title_text=&#8220;End product &#8211; design freedom&#8220; _builder_version=&#8220;4.21.0&#8243; custom_padding=&#8220;|20px||20px|false|true&#8220; border_radii=&#8220;on|5px|5px|5px|5px&#8220; border_color_all=&#8220;#a8b3c1&#8243; global_colors_info=&#8220;{}&#8220; transform_styles__hover_enabled=&#8220;off|hover&#8220; transform_scale__hover_enabled=&#8220;off|hover&#8220; transform_translate__hover_enabled=&#8220;off|hover&#8220; transform_rotate__hover_enabled=&#8220;off|hover&#8220; transform_skew__hover_enabled=&#8220;off|hover&#8220; transform_origin__hover_enabled=&#8220;off|hover&#8220; transform_scale__hover=&#8220;125%|125%&#8220; theme_builder_area=&#8220;post_content&#8220;][\/et_pb_image][\/et_pb_column][\/et_pb_row][et_pb_row column_structure=&#8220;1_2,1_2&#8243; _builder_version=&#8220;4.21.0&#8243; global_colors_info=&#8220;{}&#8220; transform_styles__hover_enabled=&#8220;on|hover&#8220; transform_scale__hover_enabled=&#8220;on|hover&#8220; transform_translate__hover_enabled=&#8220;on|desktop&#8220; transform_rotate__hover_enabled=&#8220;on|desktop&#8220; transform_skew__hover_enabled=&#8220;on|desktop&#8220; transform_origin__hover_enabled=&#8220;on|desktop&#8220; theme_builder_area=&#8220;post_content&#8220;][et_pb_column type=&#8220;1_2&#8243; _builder_version=&#8220;4.16&#8243; global_colors_info=&#8220;{}&#8220; theme_builder_area=&#8220;post_content&#8220;][et_pb_image src=&#8220;https:\/\/dddrop.com\/wp-content\/uploads\/end-products-efficiancy2.jpg&#8220; title_text=&#8220;end products &#8211; efficiancy2&#8243; _builder_version=&#8220;4.21.0&#8243; custom_padding=&#8220;|20px||20px|false|true&#8220; border_radii=&#8220;on|5px|5px|5px|5px&#8220; border_color_all=&#8220;#a8b3c1&#8243; global_colors_info=&#8220;{}&#8220; transform_styles__hover_enabled=&#8220;off|desktop&#8220; transform_scale__hover_enabled=&#8220;off|desktop&#8220; transform_translate__hover_enabled=&#8220;off|desktop&#8220; transform_rotate__hover_enabled=&#8220;off|desktop&#8220; transform_skew__hover_enabled=&#8220;off|desktop&#8220; transform_origin__hover_enabled=&#8220;off|desktop&#8220; transform_scale__hover=&#8220;125%|125%&#8220; theme_builder_area=&#8220;post_content&#8220;][\/et_pb_image][\/et_pb_column][et_pb_column type=&#8220;1_2&#8243; _builder_version=&#8220;4.16&#8243; global_colors_info=&#8220;{}&#8220; theme_builder_area=&#8220;post_content&#8220;][et_pb_text _builder_version=&#8220;4.21.0&#8243; text_font=&#8220;|600|||||||&#8220; text_text_color=&#8220;#ffffff&#8220; text_font_size=&#8220;25px&#8220; header_text_align=&#8220;left&#8220; header_3_font=&#8220;||||||||&#8220; header_3_font_size=&#8220;30px&#8220; text_orientation=&#8220;center&#8220; min_height=&#8220;30px&#8220; custom_margin=&#8220;40px||20px||false|false&#8220; custom_padding=&#8220;0px|20px|5px|20px|false|true&#8220; global_colors_info=&#8220;{}&#8220; theme_builder_area=&#8220;post_content&#8220;]<\/p>\n<h3 style=\u201etext-align: left;\u201c>Effizienz<\/h3>\n<p>[\/et_pb_text][et_pb_text _builder_version=&#8220;4.21.0&#8243; _module_preset=&#8220;default&#8220; custom_padding=&#8220;|||20px|false|false&#8220; global_colors_info=&#8220;{}&#8220; theme_builder_area=&#8220;post_content&#8220;]<\/p>\n<p>Effizienz ist ein wichtiges Thema beim 3D-Druck. Sie dr\u00fcckt sich in der Minimierung von Materialabf\u00e4llen aus, im Gegensatz zu anderen h\u00e4ufig verwendeten Technologien wie CNC, die extrem verschwenderisch sein k\u00f6nnen. Au\u00dferdem ist der 3D-Druck zeitsparender in der Vorbereitung und Wartung als beispielsweise das Spritzgie\u00dfen.<\/p>\n<p>>[\/et_pb_text][\/et_pb_column][\/et_pb_row][et_pb_row column_structure=&#8220;1_2,1_2&#8243; _builder_version=&#8220;4.21.0&#8243; global_colors_info=&#8220;{}&#8220; transform_styles__hover_enabled=&#8220;on|hover&#8220; transform_scale__hover_enabled=&#8220;on|hover&#8220; transform_translate__hover_enabled=&#8220;on|desktop&#8220; transform_rotate__hover_enabled=&#8220;on|desktop&#8220; transform_skew__hover_enabled=&#8220;on|desktop&#8220; transform_origin__hover_enabled=&#8220;on|desktop&#8220; theme_builder_area=&#8220;post_content&#8220;][et_pb_column type=&#8220;1_2&#8243; _builder_version=&#8220;4.16&#8243; global_colors_info=&#8220;{}&#8220; theme_builder_area=&#8220;post_content&#8220;][et_pb_text _builder_version=&#8220;4.21.0&#8243; text_font=&#8220;|600|||||||&#8220; text_text_color=&#8220;#ffffff&#8220; text_font_size=&#8220;25px&#8220; header_text_align=&#8220;left&#8220; header_3_font=&#8220;||||||||&#8220; header_3_font_size=&#8220;30px&#8220; text_orientation=&#8220;center&#8220; min_height=&#8220;30px&#8220; custom_margin=&#8220;40px||20px||false|false&#8220; custom_padding=&#8220;0px|20px|5px|20px|false|true&#8220; global_colors_info=&#8220;{}&#8220; theme_builder_area=&#8220;post_content&#8220;]<\/p>\n<h3 style=\u201etext-align: left;\u201c>Materialien<\/h3>\n<p>[\/et_pb_text][et_pb_text _builder_version=&#8220;4.21.0&#8243; _module_preset=&#8220;default&#8220; custom_padding=&#8220;|||20px|false|false&#8220; global_colors_info=&#8220;{}&#8220; theme_builder_area=&#8220;post_content&#8220;]Der 3D-Druck erm\u00f6glicht die Verwendung vieler verschiedener Materialien mit unterschiedlichen Eigenschaften, so dass das Modell und das Endprodukt entweder steif oder flexibel sein k\u00f6nnen. Diese Materialien bieten mehr M\u00f6glichkeiten und Vielseitigkeit bei der Gestaltung und Herstellung von Endprodukten im 3D-Druck.[\/et_pb_text][\/et_pb_column][et_pb_column type=&#8220;1_2&#8243; _builder_version=&#8220;4.16&#8243; global_colors_info=&#8220;{}&#8220; theme_builder_area=&#8220;post_content&#8220;][et_pb_image src=&#8220;https:\/\/dddrop.com\/wp-content\/uploads\/end-products-materials.jpg&#8220; title_text=&#8220;Endprodukte &#8211; Materialien&#8220; _builder_version=&#8220;4.21.0&#8243; custom_padding=&#8220;|20px||20px|false|true&#8220; border_radii=&#8220;on|5px|5px|5px|5px&#8220; border_color_all=&#8220;#a8b3c1&#8243; global_colors_info=&#8220;{}&#8220; transform_styles__hover_enabled=&#8220;off|hover&#8220; transform_scale__hover_enabled=&#8220;off|hover&#8220; transform_translate__hover_enabled=&#8220;off|hover&#8220; transform_rotate__hover_enabled=&#8220;off|hover&#8220; transform_skew__hover_enabled=&#8220;off|hover&#8220; transform_origin__hover_enabled=&#8220;off|hover&#8220; transform_scale__hover=&#8220;125%|125%&#8220; theme_builder_area=&#8220;post_content&#8220;][\/et_pb_image][\/et_pb_column][\/et_pb_row][\/et_pb_section]<\/p>\n","protected":false},"excerpt":{"rendered":"<p>Kann der 3D-Druck f\u00fcr Endprodukte verwendet werden?Der 3D-Druck hat es Designern erm\u00f6glicht, mit anspruchsvolleren und komplexeren Designs zu experimentieren, die mit herk\u00f6mmlichen Produktionsmethoden unerreichbar waren. Der 3D-Druck er\u00f6ffnet die M\u00f6glichkeit, ma\u00dfgeschneiderte Produkte und Teile aller Komplexit\u00e4tsstufen herzustellen, die die Qualit\u00e4tskontrollstandards erf\u00fcllen und als funktionale Komponenten in Endprodukten eingesetzt werden k\u00f6nnen.Warum 3D-Druck?GestaltungsfreiheitDer 3D-Druck bietet die M\u00f6glichkeit, [&hellip;]<\/p>\n","protected":false},"author":1,"featured_media":30027,"parent":30026,"menu_order":0,"comment_status":"closed","ping_status":"closed","template":"","meta":{"_acf_changed":false,"_et_pb_use_builder":"on","_et_pb_old_content":"","_et_gb_content_width":"","content-type":"","footnotes":""},"categories":[],"tags":[],"class_list":["post-30030","page","type-page","status-publish","has-post-thumbnail","hentry"],"acf":[],"yoast_head":"<!-- This site is optimized with the Yoast SEO plugin v24.0 - https:\/\/yoast.com\/wordpress\/plugins\/seo\/ -->\n<title>3D-Druck von Endprodukten | dddrop - Professional FFF 3D Printers - Additive manufacturing<\/title>\n<meta name=\"robots\" content=\"index, follow, max-snippet:-1, max-image-preview:large, max-video-preview:-1\" \/>\n<meta property=\"og:locale\" content=\"de_DE\" \/>\n<meta property=\"og:type\" content=\"article\" \/>\n<meta property=\"og:title\" content=\"3D-Druck von Endprodukten | dddrop - Professional FFF 3D Printers - Additive manufacturing\" \/>\n<meta property=\"og:description\" content=\"Kann der 3D-Druck f\u00fcr Endprodukte verwendet werden?Der 3D-Druck hat es Designern erm\u00f6glicht, mit anspruchsvolleren und komplexeren Designs zu experimentieren, die mit herk\u00f6mmlichen Produktionsmethoden unerreichbar waren. Der 3D-Druck er\u00f6ffnet die M\u00f6glichkeit, ma\u00dfgeschneiderte Produkte und Teile aller Komplexit\u00e4tsstufen herzustellen, die die Qualit\u00e4tskontrollstandards erf\u00fcllen und als funktionale Komponenten in Endprodukten eingesetzt werden k\u00f6nnen.Warum 3D-Druck?GestaltungsfreiheitDer 3D-Druck bietet die M\u00f6glichkeit, [&hellip;]\" \/>\n<meta property=\"og:url\" content=\"https:\/\/dddrop.com\/de\/anwendungen\/3d-druck-von-endprodukten\/\" \/>\n<meta property=\"og:site_name\" content=\"dddrop - Professional FFF 3D Printers - Additive manufacturing\" \/>\n<meta property=\"article:publisher\" content=\"https:\/\/www.facebook.com\/dddrop.3D.printers\" \/>\n<meta property=\"article:modified_time\" content=\"2024-05-29T07:55:36+00:00\" \/>\n<meta property=\"og:image\" content=\"https:\/\/dddrop.com\/wp-content\/uploads\/Production.jpeg\" \/>\n\t<meta property=\"og:image:width\" content=\"1500\" \/>\n\t<meta property=\"og:image:height\" content=\"843\" \/>\n\t<meta property=\"og:image:type\" content=\"image\/jpeg\" \/>\n<meta name=\"twitter:card\" content=\"summary_large_image\" \/>\n<meta name=\"twitter:label1\" content=\"Gesch\u00e4tzte Lesezeit\" \/>\n\t<meta name=\"twitter:data1\" content=\"7\u00a0Minuten\" \/>\n<script type=\"application\/ld+json\" class=\"yoast-schema-graph\">{\"@context\":\"https:\/\/schema.org\",\"@graph\":[{\"@type\":\"WebPage\",\"@id\":\"https:\/\/dddrop.com\/de\/anwendungen\/3d-druck-von-endprodukten\/\",\"url\":\"https:\/\/dddrop.com\/de\/anwendungen\/3d-druck-von-endprodukten\/\",\"name\":\"3D-Druck von Endprodukten | dddrop - Professional FFF 3D Printers - Additive manufacturing\",\"isPartOf\":{\"@id\":\"https:\/\/dddrop.com\/de\/#website\"},\"primaryImageOfPage\":{\"@id\":\"https:\/\/dddrop.com\/de\/anwendungen\/3d-druck-von-endprodukten\/#primaryimage\"},\"image\":{\"@id\":\"https:\/\/dddrop.com\/de\/anwendungen\/3d-druck-von-endprodukten\/#primaryimage\"},\"thumbnailUrl\":\"https:\/\/dddrop.com\/wp-content\/uploads\/Production.jpeg\",\"datePublished\":\"2023-06-01T07:07:32+00:00\",\"dateModified\":\"2024-05-29T07:55:36+00:00\",\"breadcrumb\":{\"@id\":\"https:\/\/dddrop.com\/de\/anwendungen\/3d-druck-von-endprodukten\/#breadcrumb\"},\"inLanguage\":\"de\",\"potentialAction\":[{\"@type\":\"ReadAction\",\"target\":[\"https:\/\/dddrop.com\/de\/anwendungen\/3d-druck-von-endprodukten\/\"]}]},{\"@type\":\"ImageObject\",\"inLanguage\":\"de\",\"@id\":\"https:\/\/dddrop.com\/de\/anwendungen\/3d-druck-von-endprodukten\/#primaryimage\",\"url\":\"https:\/\/dddrop.com\/wp-content\/uploads\/Production.jpeg\",\"contentUrl\":\"https:\/\/dddrop.com\/wp-content\/uploads\/Production.jpeg\",\"width\":1500,\"height\":843},{\"@type\":\"BreadcrumbList\",\"@id\":\"https:\/\/dddrop.com\/de\/anwendungen\/3d-druck-von-endprodukten\/#breadcrumb\",\"itemListElement\":[{\"@type\":\"ListItem\",\"position\":1,\"name\":\"Home\",\"item\":\"https:\/\/dddrop.com\/de\/\"},{\"@type\":\"ListItem\",\"position\":2,\"name\":\"Anwendungen\",\"item\":\"https:\/\/dddrop.com\/de\/applications\/\"},{\"@type\":\"ListItem\",\"position\":3,\"name\":\"3D-Druck von Endprodukten\"}]},{\"@type\":\"WebSite\",\"@id\":\"https:\/\/dddrop.com\/de\/#website\",\"url\":\"https:\/\/dddrop.com\/de\/\",\"name\":\"dddrop | Large format 3D printers\",\"description\":\"dddrop is a professional 3D-printers manufacturer based in The Netherlands. The company specializes in FFF 3D printers for additive manufacturing, dddrop branded filaments, 3D printer parts, and accessories.\",\"publisher\":{\"@id\":\"https:\/\/dddrop.com\/de\/#organization\"},\"potentialAction\":[{\"@type\":\"SearchAction\",\"target\":{\"@type\":\"EntryPoint\",\"urlTemplate\":\"https:\/\/dddrop.com\/de\/?s={search_term_string}\"},\"query-input\":{\"@type\":\"PropertyValueSpecification\",\"valueRequired\":true,\"valueName\":\"search_term_string\"}}],\"inLanguage\":\"de\"},{\"@type\":\"Organization\",\"@id\":\"https:\/\/dddrop.com\/de\/#organization\",\"name\":\"dddrop - Professional FFF 3D Printers - Additive manufacturing\",\"url\":\"https:\/\/dddrop.com\/de\/\",\"logo\":{\"@type\":\"ImageObject\",\"inLanguage\":\"de\",\"@id\":\"https:\/\/dddrop.com\/de\/#\/schema\/logo\/image\/\",\"url\":\"https:\/\/dddrop.com\/wp-content\/uploads\/2020\/05\/dddrop_logo_tekst-png.png\",\"contentUrl\":\"https:\/\/dddrop.com\/wp-content\/uploads\/2020\/05\/dddrop_logo_tekst-png.png\",\"width\":1644,\"height\":313,\"caption\":\"dddrop - Professional FFF 3D Printers - Additive manufacturing\"},\"image\":{\"@id\":\"https:\/\/dddrop.com\/de\/#\/schema\/logo\/image\/\"},\"sameAs\":[\"https:\/\/www.facebook.com\/dddrop.3D.printers\",\"https:\/\/www.linkedin.com\/company\/dddrop-3d-printers\/\"]}]}<\/script>\n<!-- \/ Yoast SEO plugin. -->","yoast_head_json":{"title":"3D-Druck von Endprodukten | dddrop - Professional FFF 3D Printers - Additive manufacturing","robots":{"index":"index","follow":"follow","max-snippet":"max-snippet:-1","max-image-preview":"max-image-preview:large","max-video-preview":"max-video-preview:-1"},"og_locale":"de_DE","og_type":"article","og_title":"3D-Druck von Endprodukten | dddrop - Professional FFF 3D Printers - Additive manufacturing","og_description":"Kann der 3D-Druck f\u00fcr Endprodukte verwendet werden?Der 3D-Druck hat es Designern erm\u00f6glicht, mit anspruchsvolleren und komplexeren Designs zu experimentieren, die mit herk\u00f6mmlichen Produktionsmethoden unerreichbar waren. Der 3D-Druck er\u00f6ffnet die M\u00f6glichkeit, ma\u00dfgeschneiderte Produkte und Teile aller Komplexit\u00e4tsstufen herzustellen, die die Qualit\u00e4tskontrollstandards erf\u00fcllen und als funktionale Komponenten in Endprodukten eingesetzt werden k\u00f6nnen.Warum 3D-Druck?GestaltungsfreiheitDer 3D-Druck bietet die M\u00f6glichkeit, [&hellip;]","og_url":"https:\/\/dddrop.com\/de\/anwendungen\/3d-druck-von-endprodukten\/","og_site_name":"dddrop - Professional FFF 3D Printers - Additive manufacturing","article_publisher":"https:\/\/www.facebook.com\/dddrop.3D.printers","article_modified_time":"2024-05-29T07:55:36+00:00","og_image":[{"width":1500,"height":843,"url":"https:\/\/dddrop.com\/wp-content\/uploads\/Production.jpeg","type":"image\/jpeg"}],"twitter_card":"summary_large_image","twitter_misc":{"Gesch\u00e4tzte Lesezeit":"7\u00a0Minuten"},"schema":{"@context":"https:\/\/schema.org","@graph":[{"@type":"WebPage","@id":"https:\/\/dddrop.com\/de\/anwendungen\/3d-druck-von-endprodukten\/","url":"https:\/\/dddrop.com\/de\/anwendungen\/3d-druck-von-endprodukten\/","name":"3D-Druck von Endprodukten | dddrop - Professional FFF 3D Printers - Additive manufacturing","isPartOf":{"@id":"https:\/\/dddrop.com\/de\/#website"},"primaryImageOfPage":{"@id":"https:\/\/dddrop.com\/de\/anwendungen\/3d-druck-von-endprodukten\/#primaryimage"},"image":{"@id":"https:\/\/dddrop.com\/de\/anwendungen\/3d-druck-von-endprodukten\/#primaryimage"},"thumbnailUrl":"https:\/\/dddrop.com\/wp-content\/uploads\/Production.jpeg","datePublished":"2023-06-01T07:07:32+00:00","dateModified":"2024-05-29T07:55:36+00:00","breadcrumb":{"@id":"https:\/\/dddrop.com\/de\/anwendungen\/3d-druck-von-endprodukten\/#breadcrumb"},"inLanguage":"de","potentialAction":[{"@type":"ReadAction","target":["https:\/\/dddrop.com\/de\/anwendungen\/3d-druck-von-endprodukten\/"]}]},{"@type":"ImageObject","inLanguage":"de","@id":"https:\/\/dddrop.com\/de\/anwendungen\/3d-druck-von-endprodukten\/#primaryimage","url":"https:\/\/dddrop.com\/wp-content\/uploads\/Production.jpeg","contentUrl":"https:\/\/dddrop.com\/wp-content\/uploads\/Production.jpeg","width":1500,"height":843},{"@type":"BreadcrumbList","@id":"https:\/\/dddrop.com\/de\/anwendungen\/3d-druck-von-endprodukten\/#breadcrumb","itemListElement":[{"@type":"ListItem","position":1,"name":"Home","item":"https:\/\/dddrop.com\/de\/"},{"@type":"ListItem","position":2,"name":"Anwendungen","item":"https:\/\/dddrop.com\/de\/applications\/"},{"@type":"ListItem","position":3,"name":"3D-Druck von Endprodukten"}]},{"@type":"WebSite","@id":"https:\/\/dddrop.com\/de\/#website","url":"https:\/\/dddrop.com\/de\/","name":"dddrop | Large format 3D printers","description":"dddrop is a professional 3D-printers manufacturer based in The Netherlands. The company specializes in FFF 3D printers for additive manufacturing, dddrop branded filaments, 3D printer parts, and accessories.","publisher":{"@id":"https:\/\/dddrop.com\/de\/#organization"},"potentialAction":[{"@type":"SearchAction","target":{"@type":"EntryPoint","urlTemplate":"https:\/\/dddrop.com\/de\/?s={search_term_string}"},"query-input":{"@type":"PropertyValueSpecification","valueRequired":true,"valueName":"search_term_string"}}],"inLanguage":"de"},{"@type":"Organization","@id":"https:\/\/dddrop.com\/de\/#organization","name":"dddrop - Professional FFF 3D Printers - Additive manufacturing","url":"https:\/\/dddrop.com\/de\/","logo":{"@type":"ImageObject","inLanguage":"de","@id":"https:\/\/dddrop.com\/de\/#\/schema\/logo\/image\/","url":"https:\/\/dddrop.com\/wp-content\/uploads\/2020\/05\/dddrop_logo_tekst-png.png","contentUrl":"https:\/\/dddrop.com\/wp-content\/uploads\/2020\/05\/dddrop_logo_tekst-png.png","width":1644,"height":313,"caption":"dddrop - Professional FFF 3D Printers - Additive manufacturing"},"image":{"@id":"https:\/\/dddrop.com\/de\/#\/schema\/logo\/image\/"},"sameAs":["https:\/\/www.facebook.com\/dddrop.3D.printers","https:\/\/www.linkedin.com\/company\/dddrop-3d-printers\/"]}]}},"_links":{"self":[{"href":"https:\/\/dddrop.com\/de\/wp-json\/wp\/v2\/pages\/30030","targetHints":{"allow":["GET"]}}],"collection":[{"href":"https:\/\/dddrop.com\/de\/wp-json\/wp\/v2\/pages"}],"about":[{"href":"https:\/\/dddrop.com\/de\/wp-json\/wp\/v2\/types\/page"}],"author":[{"embeddable":true,"href":"https:\/\/dddrop.com\/de\/wp-json\/wp\/v2\/users\/1"}],"replies":[{"embeddable":true,"href":"https:\/\/dddrop.com\/de\/wp-json\/wp\/v2\/comments?post=30030"}],"version-history":[{"count":2,"href":"https:\/\/dddrop.com\/de\/wp-json\/wp\/v2\/pages\/30030\/revisions"}],"predecessor-version":[{"id":30032,"href":"https:\/\/dddrop.com\/de\/wp-json\/wp\/v2\/pages\/30030\/revisions\/30032"}],"up":[{"embeddable":true,"href":"https:\/\/dddrop.com\/de\/wp-json\/wp\/v2\/pages\/30026"}],"wp:featuredmedia":[{"embeddable":true,"href":"https:\/\/dddrop.com\/de\/wp-json\/wp\/v2\/media\/30027"}],"wp:attachment":[{"href":"https:\/\/dddrop.com\/de\/wp-json\/wp\/v2\/media?parent=30030"}],"wp:term":[{"taxonomy":"category","embeddable":true,"href":"https:\/\/dddrop.com\/de\/wp-json\/wp\/v2\/categories?post=30030"},{"taxonomy":"post_tag","embeddable":true,"href":"https:\/\/dddrop.com\/de\/wp-json\/wp\/v2\/tags?post=30030"}],"curies":[{"name":"wp","href":"https:\/\/api.w.org\/{rel}","templated":true}]}}